{"id":28435,"date":"2026-02-24T17:54:53","date_gmt":"2026-02-24T17:54:53","guid":{"rendered":"https:\/\/rowayad.com\/?post_type=product&#038;p=28435"},"modified":"2026-04-11T13:38:45","modified_gmt":"2026-04-11T13:38:45","slug":"table-pliable-180-metres-en-plastique-avec-pieds-en-metal-4-pieds","status":"publish","type":"product","link":"https:\/\/rowayad.com\/index.php\/produit\/table-pliable-180-metres-en-plastique-avec-pieds-en-metal-4-pieds\/","title":{"rendered":"Table Pliable 1,80 M\u00e8tres en plastique avec pieds en m\u00e9tal &#8211; 4 pieds"},"content":{"rendered":"<header class=\"-pvs -bb\">\n<h2 class=\"-fs20 -m -phm -pvxs\">D\u00e9tails<\/h2>\n<\/header>\n<div class=\"markup -mhm -pvl -oxa -sc\">La table robuste et de qualit\u00e9 sup\u00e9rieure de GLORY LAND convient \u00e0 une utilisation int\u00e9rieure et ext\u00e9rieure.\u00a0Fabriqu\u00e9es \u00e0 partir de plastique moul\u00e9 par soufflage haute densit\u00e9 avec une structure en acier enduit de poudre, les tables de banquet pliantes en plastique GLORY LAND combinent de la r\u00e9sine et de l&rsquo;acier \u00e0 haute r\u00e9sistance pour fournir un plateau de table tr\u00e8s solide qui r\u00e9siste \u00e0 la flexion.\u00a0La surface lisse facile \u00e0 entretenir et durable est tr\u00e8s facile \u00e0 nettoyer.<br \/>\nOutre\u00a0<b>diverses\u00a0<\/b>autres utilisations, ces tables sont id\u00e9ales pour le\u00a0<b>jardin<\/b>, les f\u00eates, les barbecues, les \u00e9tals de march\u00e9 et les salons professionnels.\u00a0Id\u00e9al pour presque toutes les activit\u00e9s, mais particuli\u00e8rement appr\u00e9ci\u00e9 par les organisateurs d&rsquo;\u00e9v\u00e9nements, les \u00e9tablissements d&rsquo;enseignement, les organisateurs d&rsquo;expositions, les ventes de bottes, les centres communautaires et les traiteurs<br \/>\nQu&rsquo;il s&rsquo;agisse d&rsquo;organiser un \u00e9v\u00e9nement communautaire pour des centaines, une r\u00e9union d&rsquo;affaires pour dix ou une f\u00eate \u00e0 la maison pour cinq, la table\u00a0<b>pliante<\/b>\u00a0GLORY LAND est un ami pour la vie et toutes ses occasions.<br \/>\nLes tables sont faciles \u00e0 installer et \u00e0 replier lorsqu&rsquo;elles ne sont pas utilis\u00e9es.\u00a0Dans certains mod\u00e8les, le plateau de la table peut \u00e9galement \u00eatre pli\u00e9 et verrouill\u00e9 ;\u00a0et est livr\u00e9 avec une poign\u00e9e de transport pour un transport facile&#8230;<\/div>\n<div><\/div>\n<div>\n<h2 class=\"hdr -upp -fs14 -m -pam\">Principales caract\u00e9ristiques<\/h2>\n<div class=\"markup -pam\">\n<ul>\n<li>Nom du produit : table pliante rectangulaire en plastique.<\/li>\n<li>Utilisation : mariage, jardin, int\u00e9rieur, etc.<\/li>\n<li>Mat\u00e9riel: Plastique<\/li>\n<li>Pli\u00e9: Oui<\/li>\n<li>Taille : 1.80 *76*74 cm<\/li>\n<li>Couleur blanche<\/li>\n<\/ul>\n<\/div>\n<\/div>\n","protected":false},"excerpt":{"rendered":"<p>D\u00e9tails La table robuste et de qualit\u00e9 sup\u00e9rieure de GLORY LAND convient \u00e0 une utilisation int\u00e9rieure et ext\u00e9rieure.\u00a0Fabriqu\u00e9es \u00e0 partir<\/p>\n","protected":false},"featured_media":28075,"comment_status":"open","ping_status":"closed","template":"","meta":{"_joinchat":[]},"product_brand":[],"product_cat":[75],"product_tag":[],"class_list":{"0":"post-28435","1":"product","2":"type-product","3":"status-publish","4":"has-post-thumbnail","6":"product_cat-maison-bureau","8":"first","9":"instock","10":"sale","11":"shipping-taxable","12":"purchasable","13":"product-type-simple"},"jetpack_sharing_enabled":true,"_links":{"self":[{"href":"https:\/\/rowayad.com\/index.php\/wp-json\/wp\/v2\/product\/28435","targetHints":{"allow":["GET"]}}],"collection":[{"href":"https:\/\/rowayad.com\/index.php\/wp-json\/wp\/v2\/product"}],"about":[{"href":"https:\/\/rowayad.com\/index.php\/wp-json\/wp\/v2\/types\/product"}],"replies":[{"embeddable":true,"href":"https:\/\/rowayad.com\/index.php\/wp-json\/wp\/v2\/comments?post=28435"}],"version-history":[{"count":1,"href":"https:\/\/rowayad.com\/index.php\/wp-json\/wp\/v2\/product\/28435\/revisions"}],"predecessor-version":[{"id":28440,"href":"https:\/\/rowayad.com\/index.php\/wp-json\/wp\/v2\/product\/28435\/revisions\/28440"}],"wp:featuredmedia":[{"embeddable":true,"href":"https:\/\/rowayad.com\/index.php\/wp-json\/wp\/v2\/media\/28075"}],"wp:attachment":[{"href":"https:\/\/rowayad.com\/index.php\/wp-json\/wp\/v2\/media?parent=28435"}],"wp:term":[{"taxonomy":"product_brand","embeddable":true,"href":"https:\/\/rowayad.com\/index.php\/wp-json\/wp\/v2\/product_brand?post=28435"},{"taxonomy":"product_cat","embeddable":true,"href":"https:\/\/rowayad.com\/index.php\/wp-json\/wp\/v2\/product_cat?post=28435"},{"taxonomy":"product_tag","embeddable":true,"href":"https:\/\/rowayad.com\/index.php\/wp-json\/wp\/v2\/product_tag?post=28435"}],"curies":[{"name":"wp","href":"https:\/\/api.w.org\/{rel}","templated":true}]}}