{"id":28442,"date":"2026-02-25T15:11:26","date_gmt":"2026-02-25T15:11:26","guid":{"rendered":"https:\/\/rowayad.com\/?post_type=product&#038;p=28442"},"modified":"2026-04-11T13:37:43","modified_gmt":"2026-04-11T13:37:43","slug":"haltere-hexagonal-2-x-10-kg","status":"publish","type":"product","link":"https:\/\/rowayad.com\/index.php\/produit\/haltere-hexagonal-2-x-10-kg\/","title":{"rendered":"HALT\u00c8RE HEXAGONAL 2 X 10 kg"},"content":{"rendered":"<header class=\"-pvs -bb\">\n<h2 class=\"-fs20 -m -phm -pvxs\">D\u00e9tails<\/h2>\n<\/header>\n<div class=\"markup -mhm -pvl -oxa -sc\">Le renforcement et la consolidation musculaire\u00a0est clairement le travail le plus recherch\u00e9 par les sportifs, les pratiquants confirm\u00e9s ainsi que par les personnes d\u00e9butantes.<\/div>\n<div><\/div>\n<div>\n<h2 class=\"hdr -upp -fs14 -m -pam\">Principales caract\u00e9ristiques<\/h2>\n<div class=\"markup -pam\">\n<ul>\n<li>Conception 6 faces antiroulis pour plus de s\u00e9curit\u00e9.<\/li>\n<li>Rev\u00eatement en caoutchouc emp\u00eache d&rsquo;endommager les sols, les racks et r\u00e9duit consid\u00e9rablement le bruit.<\/li>\n<li>R\u00e9siste \u00e0 la fissuration et \u00e0 la d\u00e9coloration.<\/li>\n<li>Poign\u00e9e profil\u00e9e chrom\u00e9e excellente accroche et antid\u00e9rapante.<\/li>\n<li>Poids marqu\u00e9 en relief sur l&rsquo;halt\u00e8re en Kg<\/li>\n<\/ul>\n<\/div>\n<\/div>\n","protected":false},"excerpt":{"rendered":"<p>D\u00e9tails Le renforcement et la consolidation musculaire\u00a0est clairement le travail le plus recherch\u00e9 par les sportifs, les pratiquants confirm\u00e9s ainsi<\/p>\n","protected":false},"featured_media":28443,"comment_status":"open","ping_status":"closed","template":"","meta":{"_joinchat":[]},"product_brand":[],"product_cat":[73],"product_tag":[],"class_list":{"0":"post-28442","1":"product","2":"type-product","3":"status-publish","4":"has-post-thumbnail","6":"product_cat-sport","8":"first","9":"instock","10":"sale","11":"shipping-taxable","12":"purchasable","13":"product-type-simple"},"jetpack_sharing_enabled":true,"_links":{"self":[{"href":"https:\/\/rowayad.com\/index.php\/wp-json\/wp\/v2\/product\/28442","targetHints":{"allow":["GET"]}}],"collection":[{"href":"https:\/\/rowayad.com\/index.php\/wp-json\/wp\/v2\/product"}],"about":[{"href":"https:\/\/rowayad.com\/index.php\/wp-json\/wp\/v2\/types\/product"}],"replies":[{"embeddable":true,"href":"https:\/\/rowayad.com\/index.php\/wp-json\/wp\/v2\/comments?post=28442"}],"version-history":[{"count":1,"href":"https:\/\/rowayad.com\/index.php\/wp-json\/wp\/v2\/product\/28442\/revisions"}],"predecessor-version":[{"id":28445,"href":"https:\/\/rowayad.com\/index.php\/wp-json\/wp\/v2\/product\/28442\/revisions\/28445"}],"wp:featuredmedia":[{"embeddable":true,"href":"https:\/\/rowayad.com\/index.php\/wp-json\/wp\/v2\/media\/28443"}],"wp:attachment":[{"href":"https:\/\/rowayad.com\/index.php\/wp-json\/wp\/v2\/media?parent=28442"}],"wp:term":[{"taxonomy":"product_brand","embeddable":true,"href":"https:\/\/rowayad.com\/index.php\/wp-json\/wp\/v2\/product_brand?post=28442"},{"taxonomy":"product_cat","embeddable":true,"href":"https:\/\/rowayad.com\/index.php\/wp-json\/wp\/v2\/product_cat?post=28442"},{"taxonomy":"product_tag","embeddable":true,"href":"https:\/\/rowayad.com\/index.php\/wp-json\/wp\/v2\/product_tag?post=28442"}],"curies":[{"name":"wp","href":"https:\/\/api.w.org\/{rel}","templated":true}]}}