{"id":28450,"date":"2026-02-25T16:14:32","date_gmt":"2026-02-25T16:14:32","guid":{"rendered":"https:\/\/rowayad.com\/?post_type=product&#038;p=28450"},"modified":"2026-04-11T13:35:18","modified_gmt":"2026-04-11T13:35:18","slug":"canape-lit-gonflable","status":"publish","type":"product","link":"https:\/\/rowayad.com\/index.php\/produit\/canape-lit-gonflable\/","title":{"rendered":"Canap\u00e9 lit gonflable"},"content":{"rendered":"<header class=\"-pvs -bb\">\n<h2 class=\"-fs20 -m -phm -pvxs\">D\u00e9tails<\/h2>\n<\/header>\n<div class=\"markup -mhm -pvl -oxa -sc\">\n<h3>Un fauteuil gonflable pour de multiples activit\u00e9s<\/h3>\n<p>L&rsquo;ensemble gonflable canap\u00e9 lit assurera un confort absolu pour passer un agr\u00e9able moment de d\u00e9tente . Adapt\u00e9 pour l&rsquo;ext\u00e9rieur comme \u00e0 l&rsquo;int\u00e9rieur. Caract\u00e9ristiques : Waterproof, repose verre, texture dessus floqu\u00e9, Mati\u00e8re Vinyle .Dimensions : Fauteuil : longueur 80 x 91 x 26 pouces ; 16,96 livres. Couleur : Gris \/ Noir<\/p>\n<p>Fauteuil Black Lounge Intex id\u00e9al pour de multiples activit\u00e9s\u00a0: pour lire, regarder la t\u00e9l\u00e9vision, se reposer ou tout simplement pour dormir.\u00a0Ce fauteuil gonflable\u00a0peut \u00eatre facilement install\u00e9 dans le jardin, au bord de la piscine ou dans une chambre.<\/p>\n<p>Tr\u00e8s confortable, la surface du matelas est floqu\u00e9e pour\u00a0un toucher doux et un confort optimal. Le fauteuil gonflable Intex dispose aussi d\u2019une place assise qui vous permette d\u2019\u00e9tendre vos jambes.<\/p>\n<p>Pour vous permettre de profiter au maximum de ce fauteuil Black Lounge, il est dot\u00e9 d\u2019un support boisson qui vous permettra d\u2019avoir votre boisson pr\u00e9f\u00e9r\u00e9e sous la main.<\/p>\n<p>&nbsp;<\/p>\n<p>Jeu sur ! Le<strong>\u00a0fauteuil gonflable<\/strong>\u00a0Mainframe est fait pour les gamers.\u00a0Profitez de votre jeu vid\u00e9o pr\u00e9f\u00e9r\u00e9 dans le confort de cette chaise gonflable.\u00a0Les bras et les dossiers surdimensionn\u00e9s sont de la taille parfaite pour se pr\u00e9lasser, et l&rsquo;imprim\u00e9 futuriste s&rsquo;int\u00e9grera s\u00fbrement dans votre salle de jeux,\u00a0<strong>votre dortoir<\/strong>\u00a0ou votre chambre \u00e0 coucher.\u00a0De plus, il y a une poche de rangement en filet pour vos contr\u00f4leurs suppl\u00e9mentaires.<strong>\u00a0Portable<\/strong>, confortable et g\u00e9nial, c&rsquo;est la chaise de joueur ultime !<\/p>\n<\/div>\n<h2>Caract\u00e9ristiques de la chaise de jeu gonflable Bestway:<\/h2>\n<ul>\n<li>Parfait pour les fans de jeux<\/li>\n<li>Accoudoirs et dossiers surdimensionn\u00e9s<\/li>\n<li>Impression futuriste<\/li>\n<li>Poche de rangement en filet<\/li>\n<li>Portable et confortable<\/li>\n<li>Poids maximum : 200 kg (440 lb)<\/li>\n<li>Taille env.\u00a0193 x 221 x 66 cm<\/li>\n<\/ul>\n","protected":false},"excerpt":{"rendered":"<p>D\u00e9tails Un fauteuil gonflable pour de multiples activit\u00e9s L&rsquo;ensemble gonflable canap\u00e9 lit assurera un confort absolu pour passer un agr\u00e9able<\/p>\n","protected":false},"featured_media":28451,"comment_status":"open","ping_status":"closed","template":"","meta":{"_joinchat":[]},"product_brand":[],"product_cat":[75],"product_tag":[],"class_list":{"0":"post-28450","1":"product","2":"type-product","3":"status-publish","4":"has-post-thumbnail","6":"product_cat-maison-bureau","8":"first","9":"instock","10":"sale","11":"shipping-taxable","12":"purchasable","13":"product-type-simple"},"jetpack_sharing_enabled":true,"_links":{"self":[{"href":"https:\/\/rowayad.com\/index.php\/wp-json\/wp\/v2\/product\/28450","targetHints":{"allow":["GET"]}}],"collection":[{"href":"https:\/\/rowayad.com\/index.php\/wp-json\/wp\/v2\/product"}],"about":[{"href":"https:\/\/rowayad.com\/index.php\/wp-json\/wp\/v2\/types\/product"}],"replies":[{"embeddable":true,"href":"https:\/\/rowayad.com\/index.php\/wp-json\/wp\/v2\/comments?post=28450"}],"version-history":[{"count":1,"href":"https:\/\/rowayad.com\/index.php\/wp-json\/wp\/v2\/product\/28450\/revisions"}],"predecessor-version":[{"id":28456,"href":"https:\/\/rowayad.com\/index.php\/wp-json\/wp\/v2\/product\/28450\/revisions\/28456"}],"wp:featuredmedia":[{"embeddable":true,"href":"https:\/\/rowayad.com\/index.php\/wp-json\/wp\/v2\/media\/28451"}],"wp:attachment":[{"href":"https:\/\/rowayad.com\/index.php\/wp-json\/wp\/v2\/media?parent=28450"}],"wp:term":[{"taxonomy":"product_brand","embeddable":true,"href":"https:\/\/rowayad.com\/index.php\/wp-json\/wp\/v2\/product_brand?post=28450"},{"taxonomy":"product_cat","embeddable":true,"href":"https:\/\/rowayad.com\/index.php\/wp-json\/wp\/v2\/product_cat?post=28450"},{"taxonomy":"product_tag","embeddable":true,"href":"https:\/\/rowayad.com\/index.php\/wp-json\/wp\/v2\/product_tag?post=28450"}],"curies":[{"name":"wp","href":"https:\/\/api.w.org\/{rel}","templated":true}]}}