{"id":28457,"date":"2026-02-25T16:21:55","date_gmt":"2026-02-25T16:21:55","guid":{"rendered":"https:\/\/rowayad.com\/?post_type=product&#038;p=28457"},"modified":"2026-04-11T13:34:04","modified_gmt":"2026-04-11T13:34:04","slug":"table-de-bureau-et-poste-de-travail","status":"publish","type":"product","link":"https:\/\/rowayad.com\/index.php\/produit\/table-de-bureau-et-poste-de-travail\/","title":{"rendered":"Table de Bureau et Poste de Travail"},"content":{"rendered":"<header class=\"-pvs -bb\">\n<h2 class=\"-fs20 -m -phm -pvxs\">D\u00e9tails<\/h2>\n<\/header>\n<div class=\"markup -mhm -pvl -oxa -sc\">Les\u00a0<b>Bureaux<\/b> droits pi\u00e9tement panneaux sont des bureaux fonctionnels et basiques qui s&rsquo;adaptent \u00e0 tous vos besoins.\u00a0Son pi\u00e9tement de coloris anthracite procure un look moderne qui lui permet de s&rsquo;adapter facilement \u00e0 vos espaces de travail.<br \/>\nAcheter maintenant tous vos articles de bureau sur ROWAYAD et vous serez livr\u00e9s chez vous<\/div>\n<div><\/div>\n<div>\n<h2 class=\"hdr -upp -fs14 -m -pam\">Principales caract\u00e9ristiques<\/h2>\n<div class=\"markup -pam\">\n<ul>\n<li>Type de produit : Table de Bureau livr\u00e9e non-mont\u00e9<\/li>\n<li>Peut servir \u00e0 tout poste de travail<\/li>\n<li>Couleur Marron Noir<\/li>\n<li>Dimension table\u00a0<b>120CM<\/b><\/li>\n<li><b>Livr\u00e9e non-mont\u00e9e (pr\u00e9voir le montage)<\/b><\/li>\n<\/ul>\n<\/div>\n<\/div>\n","protected":false},"excerpt":{"rendered":"<p>D\u00e9tails Les\u00a0Bureaux droits pi\u00e9tement panneaux sont des bureaux fonctionnels et basiques qui s&rsquo;adaptent \u00e0 tous vos besoins.\u00a0Son pi\u00e9tement de coloris<\/p>\n","protected":false},"featured_media":28458,"comment_status":"open","ping_status":"closed","template":"","meta":{"_joinchat":[]},"product_brand":[],"product_cat":[75],"product_tag":[],"class_list":{"0":"post-28457","1":"product","2":"type-product","3":"status-publish","4":"has-post-thumbnail","6":"product_cat-maison-bureau","8":"first","9":"instock","10":"sale","11":"shipping-taxable","12":"purchasable","13":"product-type-simple"},"jetpack_sharing_enabled":true,"_links":{"self":[{"href":"https:\/\/rowayad.com\/index.php\/wp-json\/wp\/v2\/product\/28457","targetHints":{"allow":["GET"]}}],"collection":[{"href":"https:\/\/rowayad.com\/index.php\/wp-json\/wp\/v2\/product"}],"about":[{"href":"https:\/\/rowayad.com\/index.php\/wp-json\/wp\/v2\/types\/product"}],"replies":[{"embeddable":true,"href":"https:\/\/rowayad.com\/index.php\/wp-json\/wp\/v2\/comments?post=28457"}],"version-history":[{"count":1,"href":"https:\/\/rowayad.com\/index.php\/wp-json\/wp\/v2\/product\/28457\/revisions"}],"predecessor-version":[{"id":28459,"href":"https:\/\/rowayad.com\/index.php\/wp-json\/wp\/v2\/product\/28457\/revisions\/28459"}],"wp:featuredmedia":[{"embeddable":true,"href":"https:\/\/rowayad.com\/index.php\/wp-json\/wp\/v2\/media\/28458"}],"wp:attachment":[{"href":"https:\/\/rowayad.com\/index.php\/wp-json\/wp\/v2\/media?parent=28457"}],"wp:term":[{"taxonomy":"product_brand","embeddable":true,"href":"https:\/\/rowayad.com\/index.php\/wp-json\/wp\/v2\/product_brand?post=28457"},{"taxonomy":"product_cat","embeddable":true,"href":"https:\/\/rowayad.com\/index.php\/wp-json\/wp\/v2\/product_cat?post=28457"},{"taxonomy":"product_tag","embeddable":true,"href":"https:\/\/rowayad.com\/index.php\/wp-json\/wp\/v2\/product_tag?post=28457"}],"curies":[{"name":"wp","href":"https:\/\/api.w.org\/{rel}","templated":true}]}}