{"id":28466,"date":"2026-02-25T16:42:57","date_gmt":"2026-02-25T16:42:57","guid":{"rendered":"https:\/\/rowayad.com\/?post_type=product&#038;p=28466"},"modified":"2026-02-25T16:42:57","modified_gmt":"2026-02-25T16:42:57","slug":"rouleau-de-massage-pieds-masseur-de-pieds-favorise-la-circulation-sanguine-reduit-le-stress-rouleau-massage-a-la-maisonviolet","status":"publish","type":"product","link":"https:\/\/rowayad.com\/index.php\/produit\/rouleau-de-massage-pieds-masseur-de-pieds-favorise-la-circulation-sanguine-reduit-le-stress-rouleau-massage-a-la-maisonviolet\/","title":{"rendered":"Rouleau de Massage Pieds, Masseur de Pieds Favorise la Circulation Sanguine, R\u00e9duit le Stress, Rouleau Massage \u00e0 la Maison,Violet"},"content":{"rendered":"<header class=\"-pvs -bb\">\n<h2 class=\"-fs20 -m -phm -pvxs\">D\u00e9tails<\/h2>\n<\/header>\n<div class=\"markup -mhm -pvl -oxa -sc\">Convient aux grains de caf\u00e9\/soja\/riz\/Arachides\/graines de s\u00e9same\/sucre de roche\/pilules\/m\u00e9decine traditionnelle chinoise\u00a0ce produit ne peut pas \u00eatre lav\u00e9, utilisez un chiffon humide pour nettoyer.<br \/>\ninterrupteur tactile indirect, appuyez et maintenez enfonc\u00e9 pour d\u00e9marrer, rel\u00e2cher et arr\u00eater.seuls les ingr\u00e9dients secs, les aliments non hydratants .<br \/>\nEn cours d&rsquo;utilisation, doit s&rsquo;arr\u00eater pendant environ 1 seconde, puis continuer \u00e0 travailler, de sorte que l&rsquo;op\u00e9ration r\u00e9p\u00e9t\u00e9e plusieurs fois, pour atteindre le degr\u00e9 id\u00e9al de broyage.<\/div>\n","protected":false},"excerpt":{"rendered":"<h2 class=\"hdr -upp -fs14 -m -pam\">Principales caract\u00e9ristiques<\/h2>\n<div class=\"markup -pam\">\n<ul>\n<li>Puissance : 150 W<\/li>\n<li>Tension 220 V\/50 HZ<\/li>\n<li>Capacit\u00e9 : 50-400 ML (environ 150G meilleur effet alimentaire)<\/li>\n<li>Taille: diam\u00e8tre 10.5 * hauteur 17 CM<\/li>\n<li>Couleur : acier inoxydable<\/li>\n<\/ul>\n<\/div>\n","protected":false},"featured_media":28467,"comment_status":"open","ping_status":"closed","template":"","meta":{"_joinchat":[]},"product_brand":[],"product_cat":[20],"product_tag":[],"class_list":{"0":"post-28466","1":"product","2":"type-product","3":"status-publish","4":"has-post-thumbnail","6":"product_cat-accessoires","8":"first","9":"instock","10":"sale","11":"shipping-taxable","12":"purchasable","13":"product-type-simple"},"jetpack_sharing_enabled":true,"_links":{"self":[{"href":"https:\/\/rowayad.com\/index.php\/wp-json\/wp\/v2\/product\/28466","targetHints":{"allow":["GET"]}}],"collection":[{"href":"https:\/\/rowayad.com\/index.php\/wp-json\/wp\/v2\/product"}],"about":[{"href":"https:\/\/rowayad.com\/index.php\/wp-json\/wp\/v2\/types\/product"}],"replies":[{"embeddable":true,"href":"https:\/\/rowayad.com\/index.php\/wp-json\/wp\/v2\/comments?post=28466"}],"version-history":[{"count":1,"href":"https:\/\/rowayad.com\/index.php\/wp-json\/wp\/v2\/product\/28466\/revisions"}],"predecessor-version":[{"id":28469,"href":"https:\/\/rowayad.com\/index.php\/wp-json\/wp\/v2\/product\/28466\/revisions\/28469"}],"wp:featuredmedia":[{"embeddable":true,"href":"https:\/\/rowayad.com\/index.php\/wp-json\/wp\/v2\/media\/28467"}],"wp:attachment":[{"href":"https:\/\/rowayad.com\/index.php\/wp-json\/wp\/v2\/media?parent=28466"}],"wp:term":[{"taxonomy":"product_brand","embeddable":true,"href":"https:\/\/rowayad.com\/index.php\/wp-json\/wp\/v2\/product_brand?post=28466"},{"taxonomy":"product_cat","embeddable":true,"href":"https:\/\/rowayad.com\/index.php\/wp-json\/wp\/v2\/product_cat?post=28466"},{"taxonomy":"product_tag","embeddable":true,"href":"https:\/\/rowayad.com\/index.php\/wp-json\/wp\/v2\/product_tag?post=28466"}],"curies":[{"name":"wp","href":"https:\/\/api.w.org\/{rel}","templated":true}]}}