{"id":28470,"date":"2026-02-25T16:57:57","date_gmt":"2026-02-25T16:57:57","guid":{"rendered":"https:\/\/rowayad.com\/?post_type=product&#038;p=28470"},"modified":"2026-04-11T13:31:41","modified_gmt":"2026-04-11T13:31:41","slug":"velo-dappartement-pliable-pour-fitness-gym","status":"publish","type":"product","link":"https:\/\/rowayad.com\/index.php\/produit\/velo-dappartement-pliable-pour-fitness-gym\/","title":{"rendered":"V\u00e9lo d&rsquo;Appartement Pliable Pour Fitness GYM"},"content":{"rendered":"<header class=\"-pvs -bb\">\n<h2 class=\"-fs20 -m -phm -pvxs\">D\u00e9tails<\/h2>\n<\/header>\n<div class=\"markup -mhm -pvl -oxa -sc\">\n<p>Tu n&rsquo;as plus d&rsquo;excuses de temps pour faire du sport.<\/p>\n<p>Ce v\u00e9lo d&rsquo;appartement peut \u00eatre b\u00e9n\u00e9fique pour tout le monde.<\/p>\n<p>Con\u00e7u pour une exp\u00e9rience de conduite personnalis\u00e9e, ce v\u00e9lo d&rsquo;exercice offre une r\u00e9sistance de 8 niveaux pr\u00e9d\u00e9finis. Que vous soyez un d\u00e9butant ou un expert, il est facile pour l&rsquo;utilisateur de trouver une intensit\u00e9 d&rsquo;exercice id\u00e9ale. Avec une roue d&rsquo;inertie de 2,5 kg pour une conduite stable et douce tout en garantissant la s\u00e9curit\u00e9. Taille totale : 41 x 77 x 119cm. Taille pli\u00e9e : 41 x 42 x 135cm<\/p>\n<\/div>\n","protected":false},"excerpt":{"rendered":"<h2 class=\"hdr -upp -fs14 -m -pam\">Principales caract\u00e9ristiques<\/h2>\n<div class=\"markup -pam\">\n<ul>\n<li>Peu encombrant\u202f: 41 x 77 x 119cm. Taille pli\u00e9e: 41 x 42 x 135cm<\/li>\n<li>Tirez le v\u00e9lo d&rsquo;appartement apr\u00e8s chaque utilisation et ranger les.<\/li>\n<li>\u00a0P\u00e9dale de l&rsquo;exercice peu encombrant<\/li>\n<li>Dispose d&rsquo;un minuteur<\/li>\n<li>5 niveaux<\/li>\n<\/ul>\n<\/div>\n","protected":false},"featured_media":28471,"comment_status":"open","ping_status":"closed","template":"","meta":{"_joinchat":[]},"product_brand":[],"product_cat":[73],"product_tag":[],"class_list":{"0":"post-28470","1":"product","2":"type-product","3":"status-publish","4":"has-post-thumbnail","6":"product_cat-sport","8":"first","9":"instock","10":"sale","11":"shipping-taxable","12":"purchasable","13":"product-type-simple"},"jetpack_sharing_enabled":true,"_links":{"self":[{"href":"https:\/\/rowayad.com\/index.php\/wp-json\/wp\/v2\/product\/28470","targetHints":{"allow":["GET"]}}],"collection":[{"href":"https:\/\/rowayad.com\/index.php\/wp-json\/wp\/v2\/product"}],"about":[{"href":"https:\/\/rowayad.com\/index.php\/wp-json\/wp\/v2\/types\/product"}],"replies":[{"embeddable":true,"href":"https:\/\/rowayad.com\/index.php\/wp-json\/wp\/v2\/comments?post=28470"}],"version-history":[{"count":2,"href":"https:\/\/rowayad.com\/index.php\/wp-json\/wp\/v2\/product\/28470\/revisions"}],"predecessor-version":[{"id":28478,"href":"https:\/\/rowayad.com\/index.php\/wp-json\/wp\/v2\/product\/28470\/revisions\/28478"}],"wp:featuredmedia":[{"embeddable":true,"href":"https:\/\/rowayad.com\/index.php\/wp-json\/wp\/v2\/media\/28471"}],"wp:attachment":[{"href":"https:\/\/rowayad.com\/index.php\/wp-json\/wp\/v2\/media?parent=28470"}],"wp:term":[{"taxonomy":"product_brand","embeddable":true,"href":"https:\/\/rowayad.com\/index.php\/wp-json\/wp\/v2\/product_brand?post=28470"},{"taxonomy":"product_cat","embeddable":true,"href":"https:\/\/rowayad.com\/index.php\/wp-json\/wp\/v2\/product_cat?post=28470"},{"taxonomy":"product_tag","embeddable":true,"href":"https:\/\/rowayad.com\/index.php\/wp-json\/wp\/v2\/product_tag?post=28470"}],"curies":[{"name":"wp","href":"https:\/\/api.w.org\/{rel}","templated":true}]}}