{"id":28481,"date":"2026-02-25T17:22:48","date_gmt":"2026-02-25T17:22:48","guid":{"rendered":"https:\/\/rowayad.com\/?post_type=product&#038;p=28481"},"modified":"2026-04-11T13:24:51","modified_gmt":"2026-04-11T13:24:51","slug":"white-label-double-plaque-chauffante-electrique","status":"publish","type":"product","link":"https:\/\/rowayad.com\/index.php\/produit\/white-label-double-plaque-chauffante-electrique\/","title":{"rendered":"White Label Double plaque chauffante \u00e9lectrique"},"content":{"rendered":"<header class=\"-pvs -bb\">\n<h2 class=\"-fs20 -m -phm -pvxs\">D\u00e9tails<\/h2>\n<\/header>\n<div class=\"markup -mhm -pvl -oxa -sc\">Double t\u00eate type Non-radiatif four \u00e9lectrique cuisine plaques chauffantes cuisini\u00e8re m\u00e9nage chauffage cuisini\u00e8re fer br\u00fbleur caf\u00e9 chauffage<\/div>\n","protected":false},"excerpt":{"rendered":"<h2 class=\"hdr -upp -fs14 -m -pam\">Principales caract\u00e9ristiques<\/h2>\n<div class=\"markup -pam\">\n<ul>\n<li>Tension: 220 v<\/li>\n<li>Fr\u00e9quence: 50 HZ<\/li>\n<li>Puissance: 2000 W<\/li>\n<li>Mat\u00e9riel: fer<\/li>\n<li>Taille du produit: 450*220*75mm<\/li>\n<li>Couleur blanche<\/li>\n<\/ul>\n<\/div>\n","protected":false},"featured_media":28482,"comment_status":"open","ping_status":"closed","template":"","meta":{"_joinchat":[]},"product_brand":[],"product_cat":[74,75],"product_tag":[],"class_list":{"0":"post-28481","1":"product","2":"type-product","3":"status-publish","4":"has-post-thumbnail","6":"product_cat-electromenager","7":"product_cat-maison-bureau","9":"first","10":"instock","11":"sale","12":"shipping-taxable","13":"purchasable","14":"product-type-simple"},"jetpack_sharing_enabled":true,"_links":{"self":[{"href":"https:\/\/rowayad.com\/index.php\/wp-json\/wp\/v2\/product\/28481","targetHints":{"allow":["GET"]}}],"collection":[{"href":"https:\/\/rowayad.com\/index.php\/wp-json\/wp\/v2\/product"}],"about":[{"href":"https:\/\/rowayad.com\/index.php\/wp-json\/wp\/v2\/types\/product"}],"replies":[{"embeddable":true,"href":"https:\/\/rowayad.com\/index.php\/wp-json\/wp\/v2\/comments?post=28481"}],"version-history":[{"count":1,"href":"https:\/\/rowayad.com\/index.php\/wp-json\/wp\/v2\/product\/28481\/revisions"}],"predecessor-version":[{"id":28483,"href":"https:\/\/rowayad.com\/index.php\/wp-json\/wp\/v2\/product\/28481\/revisions\/28483"}],"wp:featuredmedia":[{"embeddable":true,"href":"https:\/\/rowayad.com\/index.php\/wp-json\/wp\/v2\/media\/28482"}],"wp:attachment":[{"href":"https:\/\/rowayad.com\/index.php\/wp-json\/wp\/v2\/media?parent=28481"}],"wp:term":[{"taxonomy":"product_brand","embeddable":true,"href":"https:\/\/rowayad.com\/index.php\/wp-json\/wp\/v2\/product_brand?post=28481"},{"taxonomy":"product_cat","embeddable":true,"href":"https:\/\/rowayad.com\/index.php\/wp-json\/wp\/v2\/product_cat?post=28481"},{"taxonomy":"product_tag","embeddable":true,"href":"https:\/\/rowayad.com\/index.php\/wp-json\/wp\/v2\/product_tag?post=28481"}],"curies":[{"name":"wp","href":"https:\/\/api.w.org\/{rel}","templated":true}]}}