{"id":28484,"date":"2026-02-25T17:29:47","date_gmt":"2026-02-25T17:29:47","guid":{"rendered":"https:\/\/rowayad.com\/?post_type=product&#038;p=28484"},"modified":"2026-04-11T13:28:34","modified_gmt":"2026-04-11T13:28:34","slug":"details-les-meubles-tv-video-avec-support-constituent-une-solution-vraiment-pratique-pour-installer-votre-ecran-en-hauteur-et-loger-lensemble-de-vos-elements-audio-et-video-consoles-de-jeux-et-box","status":"publish","type":"product","link":"https:\/\/rowayad.com\/index.php\/produit\/details-les-meubles-tv-video-avec-support-constituent-une-solution-vraiment-pratique-pour-installer-votre-ecran-en-hauteur-et-loger-lensemble-de-vos-elements-audio-et-video-consoles-de-jeux-et-box\/","title":{"rendered":"Meubles TV-Vid\u00e9o avec support"},"content":{"rendered":"<header class=\"-pvs -bb\">\n<h2 class=\"-fs20 -m -phm -pvxs\">D\u00e9tails<\/h2>\n<\/header>\n<div class=\"markup -mhm -pvl -oxa -sc\">\n<p><strong>Les meubles TV-Vid\u00e9o<\/strong> avec support constituent une solution vraiment pratique pour installer votre \u00e9cran en hauteur et loger l&rsquo;ensemble de vos \u00e9l\u00e9ments audio et vid\u00e9o, consoles de jeux et box Internet-TV.<\/p>\n<p>Un ampli, un home-cin\u00e9ma, un lecteur DVD ou Blu-ray, un magn\u00e9toscope ou un enregistreur DVD, un m\u00e9dia center : tous ces bo\u00eetiers se logeront efficacement dans les \u00e9tag\u00e8res de ce mobilier contemporain dont le design s&rsquo;est consid\u00e9rablement am\u00e9lior\u00e9 ces derni\u00e8res ann\u00e9es.<\/p>\n<\/div>\n","protected":false},"excerpt":{"rendered":"<ul>\n<li class=\"hdr -upp -fs14 -m -pam\">Principales caract\u00e9ristiques<\/li>\n<\/ul>\n<div class=\"markup -pam\">\n<ul>\n<li>Type de produit : Table TV<\/li>\n<li>Mati\u00e8re :\u00a0 Verre tremp\u00e9<\/li>\n<li>Nombre d&rsquo;\u00e9tag\u00e8res : 3<\/li>\n<li>Dimensions de la table : 60 x 48 cm<\/li>\n<li>Poids : 8 Kg<\/li>\n<li>Livr\u00e9 non mont\u00e9<\/li>\n<\/ul>\n<\/div>\n","protected":false},"featured_media":28485,"comment_status":"open","ping_status":"closed","template":"","meta":{"_joinchat":[]},"product_brand":[],"product_cat":[75],"product_tag":[],"class_list":{"0":"post-28484","1":"product","2":"type-product","3":"status-publish","4":"has-post-thumbnail","6":"product_cat-maison-bureau","8":"first","9":"instock","10":"sale","11":"shipping-taxable","12":"purchasable","13":"product-type-simple"},"jetpack_sharing_enabled":true,"_links":{"self":[{"href":"https:\/\/rowayad.com\/index.php\/wp-json\/wp\/v2\/product\/28484","targetHints":{"allow":["GET"]}}],"collection":[{"href":"https:\/\/rowayad.com\/index.php\/wp-json\/wp\/v2\/product"}],"about":[{"href":"https:\/\/rowayad.com\/index.php\/wp-json\/wp\/v2\/types\/product"}],"replies":[{"embeddable":true,"href":"https:\/\/rowayad.com\/index.php\/wp-json\/wp\/v2\/comments?post=28484"}],"version-history":[{"count":6,"href":"https:\/\/rowayad.com\/index.php\/wp-json\/wp\/v2\/product\/28484\/revisions"}],"predecessor-version":[{"id":29180,"href":"https:\/\/rowayad.com\/index.php\/wp-json\/wp\/v2\/product\/28484\/revisions\/29180"}],"wp:featuredmedia":[{"embeddable":true,"href":"https:\/\/rowayad.com\/index.php\/wp-json\/wp\/v2\/media\/28485"}],"wp:attachment":[{"href":"https:\/\/rowayad.com\/index.php\/wp-json\/wp\/v2\/media?parent=28484"}],"wp:term":[{"taxonomy":"product_brand","embeddable":true,"href":"https:\/\/rowayad.com\/index.php\/wp-json\/wp\/v2\/product_brand?post=28484"},{"taxonomy":"product_cat","embeddable":true,"href":"https:\/\/rowayad.com\/index.php\/wp-json\/wp\/v2\/product_cat?post=28484"},{"taxonomy":"product_tag","embeddable":true,"href":"https:\/\/rowayad.com\/index.php\/wp-json\/wp\/v2\/product_tag?post=28484"}],"curies":[{"name":"wp","href":"https:\/\/api.w.org\/{rel}","templated":true}]}}