{"id":28505,"date":"2026-02-26T14:02:07","date_gmt":"2026-02-26T14:02:07","guid":{"rendered":"https:\/\/rowayad.com\/?post_type=product&#038;p=28505"},"modified":"2026-04-11T13:15:58","modified_gmt":"2026-04-11T13:15:58","slug":"batteur-a-main-stationnaire-avec-bol-35-l","status":"publish","type":"product","link":"https:\/\/rowayad.com\/index.php\/produit\/batteur-a-main-stationnaire-avec-bol-35-l\/","title":{"rendered":"Batteur \u00e0 main stationnaire avec bol 3,5 L"},"content":{"rendered":"<header class=\"-pvs -bb\">\n<h2 class=\"-fs20 -m -phm -pvxs\">D\u00e9tails<\/h2>\n<\/header>\n<div class=\"markup -mhm -pvl -oxa -sc\">\n<ul>\n<li>L&rsquo;acier inoxydable de qualit\u00e9 alimentaire, plus sain et plus s\u00fbr, peut \u00eatre utilis\u00e9 s\u00e9par\u00e9ment, s\u00fbr et durable sans rouille, ce qui est sans danger pour la cuisson.<\/li>\n<li>M\u00e9langeur \u00e9lectrique facile \u00e0 ranger et \u00e0 nettoyer gr\u00e2ce \u00e0 sa taille compacte, il vous fera gagner du temps et de l&rsquo;espace.<\/li>\n<li>Plus s\u00fbr et facile \u00e0 nettoyer, vous laissant plus de temps pour cuisiner et moins de temps pour r\u00e9curer<\/li>\n<li>R\u00e9glage 5 VITESSES : Agitation sans pression, haute efficacit\u00e9, dissipation thermique rapide et longue dur\u00e9e de vie.<\/li>\n<li>Amovible : portable, bureau \u00e0 double usage pour plus de sc\u00e8nes de cuisson, plus facile \u00e0 utiliser.<\/li>\n<li>Multifonction : m\u00e9langez, m\u00e9langez ou fouettez les blancs d&rsquo;\u0153ufs, la p\u00e2te \u00e0 g\u00e2teau, la p\u00e2te \u00e0 biscuits, la cr\u00e8me fouett\u00e9e et plus encore en appuyant simplement sur un bouton.<\/li>\n<li>Compact et portable : un incontournable pour les petites cuisines, les dortoirs universitaires ou les voyages en camping-car\/caravane.<\/li>\n<li>CADEAU PARFAIT: Parfait pour un mariage ou un nouveau cadeau pour la maison.\u00a0Sa petite taille occupe peu d&rsquo;espace dans une armoire ou un comptoir, et son design \u00e9l\u00e9gant et ses options de couleurs tendance s&rsquo;agenceront \u00e0 n&rsquo;importe quelle cuisine.<\/li>\n<\/ul>\n<h2 class=\"hdr -upp -fs14 -m -pam\">Principales caract\u00e9ristiques<\/h2>\n<ul>\n<li>Mod\u00e8le : CX-6622<\/li>\n<li>Puissance : 400W<\/li>\n<li>Mat\u00e9riau : acier inoxydable + plastique respectueux de l&rsquo;environnement.<\/li>\n<li>Norme de prise: prise ue<\/li>\n<li>Tension : 220 V-240 V.<\/li>\n<li>Capacit\u00e9 du bol en acier inoxydable : 3,5 L<\/li>\n<li>Vitesse : 5<\/li>\n<\/ul>\n<\/div>\n","protected":false},"excerpt":{"rendered":"<p>D\u00e9tails L&rsquo;acier inoxydable de qualit\u00e9 alimentaire, plus sain et plus s\u00fbr, peut \u00eatre utilis\u00e9 s\u00e9par\u00e9ment, s\u00fbr et durable sans rouille,<\/p>\n","protected":false},"featured_media":28506,"comment_status":"open","ping_status":"closed","template":"","meta":{"_joinchat":[]},"product_brand":[],"product_cat":[74,75],"product_tag":[],"class_list":{"0":"post-28505","1":"product","2":"type-product","3":"status-publish","4":"has-post-thumbnail","6":"product_cat-electromenager","7":"product_cat-maison-bureau","9":"first","10":"instock","11":"sale","12":"shipping-taxable","13":"purchasable","14":"product-type-simple"},"jetpack_sharing_enabled":true,"_links":{"self":[{"href":"https:\/\/rowayad.com\/index.php\/wp-json\/wp\/v2\/product\/28505","targetHints":{"allow":["GET"]}}],"collection":[{"href":"https:\/\/rowayad.com\/index.php\/wp-json\/wp\/v2\/product"}],"about":[{"href":"https:\/\/rowayad.com\/index.php\/wp-json\/wp\/v2\/types\/product"}],"replies":[{"embeddable":true,"href":"https:\/\/rowayad.com\/index.php\/wp-json\/wp\/v2\/comments?post=28505"}],"version-history":[{"count":1,"href":"https:\/\/rowayad.com\/index.php\/wp-json\/wp\/v2\/product\/28505\/revisions"}],"predecessor-version":[{"id":28512,"href":"https:\/\/rowayad.com\/index.php\/wp-json\/wp\/v2\/product\/28505\/revisions\/28512"}],"wp:featuredmedia":[{"embeddable":true,"href":"https:\/\/rowayad.com\/index.php\/wp-json\/wp\/v2\/media\/28506"}],"wp:attachment":[{"href":"https:\/\/rowayad.com\/index.php\/wp-json\/wp\/v2\/media?parent=28505"}],"wp:term":[{"taxonomy":"product_brand","embeddable":true,"href":"https:\/\/rowayad.com\/index.php\/wp-json\/wp\/v2\/product_brand?post=28505"},{"taxonomy":"product_cat","embeddable":true,"href":"https:\/\/rowayad.com\/index.php\/wp-json\/wp\/v2\/product_cat?post=28505"},{"taxonomy":"product_tag","embeddable":true,"href":"https:\/\/rowayad.com\/index.php\/wp-json\/wp\/v2\/product_tag?post=28505"}],"curies":[{"name":"wp","href":"https:\/\/api.w.org\/{rel}","templated":true}]}}