{"id":28513,"date":"2026-02-26T14:26:15","date_gmt":"2026-02-26T14:26:15","guid":{"rendered":"https:\/\/rowayad.com\/?post_type=product&#038;p=28513"},"modified":"2026-04-11T13:14:09","modified_gmt":"2026-04-11T13:14:09","slug":"range-vaisselles-etagere-egouttoir-en-fer-3-niveaux","status":"publish","type":"product","link":"https:\/\/rowayad.com\/index.php\/produit\/range-vaisselles-etagere-egouttoir-en-fer-3-niveaux\/","title":{"rendered":"Range vaisselles, Etag\u00e8re, Egouttoir en Fer 3 niveaux"},"content":{"rendered":"<header class=\"-pvs -bb\">\n<h2 class=\"-fs20 -m -phm -pvxs\">D\u00e9tails<\/h2>\n<\/header>\n<div class=\"markup -mhm -pvl -oxa -sc\">\n<p>Pour mettre \u00e0 jour les \u00e9tag\u00e8res amovibles pour bol et vaisselle, vidangez l&rsquo;eau facilement pour garder propre et bien rang\u00e9. Avec traitement \u00e9lectro d\u00e9pos\u00e9 et structure suffisamment solide, durable et supportable en bonne apparence. Upayer est appropri\u00e9 pour placer la vaisselle, downclayer est pr\u00e9f\u00e9rable de disposer les verres et les\u00a0 deux petits sets en plus devraient \u00eatre retir\u00e9s \u00e0 votre convenance. Fabriqu\u00e9 en acier durable Haute qualit\u00e9 Chrom\u00e9e Livr\u00e9 avec plateau en plastique \u00e9quip\u00e9 pour contenir facilement les gouttes d&rsquo;eau. Facile \u00e0 utiliser Cr\u00e9atif et pratique<\/p>\n<\/div>\n<h2 class=\"hdr -upp -fs14 -m -pam\">Principales caract\u00e9ristiques<\/h2>\n<div class=\"markup -pam\">\n<ul>\n<li>Type de produit :Range vaisselles \u00e0 3 niveaux<\/li>\n<li>Taille: Longueur 63 cm, largeur 43 cm, Epaisseur 23,5 cm<\/li>\n<li>Mati\u00e8re : Fer<\/li>\n<li>Etagere<\/li>\n<li>Tr\u00e8s pratique<\/li>\n<li>Facilit\u00e9 \u00e0 comprendre<\/li>\n<li>Egouttoir<\/li>\n<li>Range vaisselle<\/li>\n<\/ul>\n<\/div>\n","protected":false},"excerpt":{"rendered":"<p>D\u00e9tails Pour mettre \u00e0 jour les \u00e9tag\u00e8res amovibles pour bol et vaisselle, vidangez l&rsquo;eau facilement pour garder propre et bien<\/p>\n","protected":false},"featured_media":28514,"comment_status":"open","ping_status":"closed","template":"","meta":{"_joinchat":[]},"product_brand":[],"product_cat":[75],"product_tag":[],"class_list":{"0":"post-28513","1":"product","2":"type-product","3":"status-publish","4":"has-post-thumbnail","6":"product_cat-maison-bureau","8":"first","9":"instock","10":"sale","11":"shipping-taxable","12":"purchasable","13":"product-type-simple"},"jetpack_sharing_enabled":true,"_links":{"self":[{"href":"https:\/\/rowayad.com\/index.php\/wp-json\/wp\/v2\/product\/28513","targetHints":{"allow":["GET"]}}],"collection":[{"href":"https:\/\/rowayad.com\/index.php\/wp-json\/wp\/v2\/product"}],"about":[{"href":"https:\/\/rowayad.com\/index.php\/wp-json\/wp\/v2\/types\/product"}],"replies":[{"embeddable":true,"href":"https:\/\/rowayad.com\/index.php\/wp-json\/wp\/v2\/comments?post=28513"}],"version-history":[{"count":1,"href":"https:\/\/rowayad.com\/index.php\/wp-json\/wp\/v2\/product\/28513\/revisions"}],"predecessor-version":[{"id":28516,"href":"https:\/\/rowayad.com\/index.php\/wp-json\/wp\/v2\/product\/28513\/revisions\/28516"}],"wp:featuredmedia":[{"embeddable":true,"href":"https:\/\/rowayad.com\/index.php\/wp-json\/wp\/v2\/media\/28514"}],"wp:attachment":[{"href":"https:\/\/rowayad.com\/index.php\/wp-json\/wp\/v2\/media?parent=28513"}],"wp:term":[{"taxonomy":"product_brand","embeddable":true,"href":"https:\/\/rowayad.com\/index.php\/wp-json\/wp\/v2\/product_brand?post=28513"},{"taxonomy":"product_cat","embeddable":true,"href":"https:\/\/rowayad.com\/index.php\/wp-json\/wp\/v2\/product_cat?post=28513"},{"taxonomy":"product_tag","embeddable":true,"href":"https:\/\/rowayad.com\/index.php\/wp-json\/wp\/v2\/product_tag?post=28513"}],"curies":[{"name":"wp","href":"https:\/\/api.w.org\/{rel}","templated":true}]}}