{"id":28517,"date":"2026-02-26T14:43:12","date_gmt":"2026-02-26T14:43:12","guid":{"rendered":"https:\/\/rowayad.com\/?post_type=product&#038;p=28517"},"modified":"2026-04-11T13:13:02","modified_gmt":"2026-04-11T13:13:02","slug":"corde-de-combat-de-122-m","status":"publish","type":"product","link":"https:\/\/rowayad.com\/index.php\/produit\/corde-de-combat-de-122-m\/","title":{"rendered":"Corde de combat de 12,2 m"},"content":{"rendered":"<header class=\"-pvs -bb\">\n<h2 class=\"-fs20 -m -phm -pvxs\">D\u00e9tails<\/h2>\n<\/header>\n<div class=\"markup -mhm -pvl -oxa -sc\">GO Fit Combat Rope am\u00e8ne votre entra\u00eenement \u00e0 un niveau ultime d&rsquo;entra\u00eenement de force et d&rsquo;endurance.Cette corde durable utilise des mouvements fonctionnels naturels pour assurer un excellent conditionnement de base et fournir un entra\u00eenement de conditionnement super cardio sans le stress de l&rsquo;impact des articulations. Un outil d&rsquo;exercice simple qui offre un entra\u00eenement multidimensionnel pour l&rsquo;entra\u00eenement de tout le corps, cet entra\u00eenement stimulant augmentera votre capacit\u00e9 a\u00e9robie et ana\u00e9robie et votre force fonctionnelle.<br \/>\nLa corde de combat GO Fit est con\u00e7ue pour fournir un entra\u00eenement stimulant de force et de cardio. Id\u00e9al pour l&rsquo;entra\u00eenement de performance sportive, le CrossFit, l&rsquo;entra\u00eenement au camp d&rsquo;entra\u00eenement et plus encore.<br \/>\nLa corde de combat GoFit vous permet de vous entra\u00eener \u00e0 un niveau ultime de force et d&rsquo;endurance. Cette corde durable utilise des mouvements fonctionnels naturels pour garantir un conditionnement de base et un entra\u00eenement cardio sans le stress d&rsquo;un impact articulaire. Avantages : un outil d&rsquo;exercice simple qui offre un entra\u00eenement multidimensionnel pour un entra\u00eenement complet du corps, cet entra\u00eenement stimulant permettra d&rsquo;augmenter votre capacit\u00e9 a\u00e9robie et ana\u00e9robie et votre force abdominale fonctionnelle.<\/div>\n<div class=\"markup -mhm -pvl -oxa -sc\">D\u00e9tails : le fitness fonctionnel n&rsquo;est pas seulement une partie de l&rsquo;entra\u00eenement crois\u00e9, il est \u00e9galement b\u00e9n\u00e9fique \u00e0 notre vie quotidienne. Quoi que vous fassiez \u2013 un meilleur \u00e9quilibre, un muscle tonique et un cardio-fitness offrent une vie plus compl\u00e8te et plus saine. La corde de combat est un excellent moyen de vous aider \u00e0 y arriver.<\/div>\n","protected":false},"excerpt":{"rendered":"<h2 class=\"hdr -upp -fs14 -m -pam\">Principales caract\u00e9ristiques<\/h2>\n<div class=\"markup -pam\">\n<ul>\n<li>Type de produit : Corde de combat<\/li>\n<li>Dimensions du colis : 17,64 x 1,89 x 25,2 cm<\/li>\n<li>Poids : 320 grammes<\/li>\n<li>Couleur : Noir<\/li>\n<li>Mat\u00e9riau : polyester\/polypropyl\u00e8ne durable avec poign\u00e9es<\/li>\n<li>La couleur de la poign\u00e9e peut varier (rouge ou noir)<\/li>\n<li>Dimensions du produit : 101,6 m de long x 3,8 cm de diam\u00e8tre.<\/li>\n<\/ul>\n<\/div>\n","protected":false},"featured_media":28518,"comment_status":"open","ping_status":"closed","template":"","meta":{"_joinchat":[]},"product_brand":[],"product_cat":[73],"product_tag":[],"class_list":{"0":"post-28517","1":"product","2":"type-product","3":"status-publish","4":"has-post-thumbnail","6":"product_cat-sport","8":"first","9":"instock","10":"sale","11":"shipping-taxable","12":"purchasable","13":"product-type-simple"},"jetpack_sharing_enabled":true,"_links":{"self":[{"href":"https:\/\/rowayad.com\/index.php\/wp-json\/wp\/v2\/product\/28517","targetHints":{"allow":["GET"]}}],"collection":[{"href":"https:\/\/rowayad.com\/index.php\/wp-json\/wp\/v2\/product"}],"about":[{"href":"https:\/\/rowayad.com\/index.php\/wp-json\/wp\/v2\/types\/product"}],"replies":[{"embeddable":true,"href":"https:\/\/rowayad.com\/index.php\/wp-json\/wp\/v2\/comments?post=28517"}],"version-history":[{"count":1,"href":"https:\/\/rowayad.com\/index.php\/wp-json\/wp\/v2\/product\/28517\/revisions"}],"predecessor-version":[{"id":28526,"href":"https:\/\/rowayad.com\/index.php\/wp-json\/wp\/v2\/product\/28517\/revisions\/28526"}],"wp:featuredmedia":[{"embeddable":true,"href":"https:\/\/rowayad.com\/index.php\/wp-json\/wp\/v2\/media\/28518"}],"wp:attachment":[{"href":"https:\/\/rowayad.com\/index.php\/wp-json\/wp\/v2\/media?parent=28517"}],"wp:term":[{"taxonomy":"product_brand","embeddable":true,"href":"https:\/\/rowayad.com\/index.php\/wp-json\/wp\/v2\/product_brand?post=28517"},{"taxonomy":"product_cat","embeddable":true,"href":"https:\/\/rowayad.com\/index.php\/wp-json\/wp\/v2\/product_cat?post=28517"},{"taxonomy":"product_tag","embeddable":true,"href":"https:\/\/rowayad.com\/index.php\/wp-json\/wp\/v2\/product_tag?post=28517"}],"curies":[{"name":"wp","href":"https:\/\/api.w.org\/{rel}","templated":true}]}}