{"id":28527,"date":"2026-02-26T14:47:00","date_gmt":"2026-02-26T14:47:00","guid":{"rendered":"https:\/\/rowayad.com\/?post_type=product&#038;p=28527"},"modified":"2026-04-11T13:10:57","modified_gmt":"2026-04-11T13:10:57","slug":"aerobic-step","status":"publish","type":"product","link":"https:\/\/rowayad.com\/index.php\/produit\/aerobic-step\/","title":{"rendered":"Aerobic Step"},"content":{"rendered":"<header class=\"-pvs -bb\">\n<h2 class=\"-fs20 -m -phm -pvxs\">D\u00e9tails<\/h2>\n<\/header>\n<div class=\"markup -mhm -pvl -oxa -sc\">A\u00e9robic Step id\u00e9al pour une s\u00e9ance d\u2019entra\u00eenement du corps total \u00e0 la maison avec l\u2019\u00e9tape a\u00e9robie. Ciblez les surabondances et les ischio-jambiers avec des fentes altern\u00e9es. Renforcez la poitrine et le dos avec des pompes de position r\u00e9glables. Ce Step est un syst\u00e8me de remise en forme a\u00e9robie largement utilis\u00e9, parfait pour les d\u00e9butants et les athl\u00e8tes avanc\u00e9s qui cherchent \u00e0 travailler \u00e0 la maison. Sa conception brevet\u00e9e pour les plates-formes d\u2019ajustement et d\u2019empilage offre un exercice \u00e0 faible impact avec des r\u00e9sultats de haute intensit\u00e9 et satisfaisants. C\u2019est pourquoi il est recommand\u00e9 par les physioth\u00e9rapeutes et les professionnels de la condition physique \u00e0 travers le pays.<\/div>\n","protected":false},"excerpt":{"rendered":"<h2 class=\"hdr -upp -fs14 -m -pam\">Principales caract\u00e9ristiques<\/h2>\n<div class=\"markup -pam\">\n<ul>\n<li>\u00c9tape a\u00e9robique \u00e0 deux niveaux pour l\u2019entra\u00eenement cardio-vasculaire et de force A hauteur 10 &#8211; 15 cm<\/li>\n<li>Facile \u00e0 entretenir et \u00e0 garder propre<\/li>\n<li>Mat\u00e9riau lourd en polypropyl\u00e8ne et technologie avanc\u00e9e de moulage par injection<\/li>\n<li>Id\u00e9al pour l\u2019entra\u00eenement cardio et\/ou pour renforcer votre bas du corps<\/li>\n<li>Parfait pour une utilisation int\u00e9rieure et ext\u00e9rieure<\/li>\n<li>Surface antid\u00e9rapante, antiadh\u00e9sive et antid\u00e9rapante<\/li>\n<li>Optimal pour l\u2019entra\u00eenement \u00e0 domicile et un stockage facile<\/li>\n<li>Lourds<\/li>\n<\/ul>\n<\/div>\n","protected":false},"featured_media":28528,"comment_status":"open","ping_status":"closed","template":"","meta":{"_joinchat":[]},"product_brand":[],"product_cat":[73],"product_tag":[],"class_list":{"0":"post-28527","1":"product","2":"type-product","3":"status-publish","4":"has-post-thumbnail","6":"product_cat-sport","8":"first","9":"instock","10":"sale","11":"shipping-taxable","12":"purchasable","13":"product-type-simple"},"jetpack_sharing_enabled":true,"_links":{"self":[{"href":"https:\/\/rowayad.com\/index.php\/wp-json\/wp\/v2\/product\/28527","targetHints":{"allow":["GET"]}}],"collection":[{"href":"https:\/\/rowayad.com\/index.php\/wp-json\/wp\/v2\/product"}],"about":[{"href":"https:\/\/rowayad.com\/index.php\/wp-json\/wp\/v2\/types\/product"}],"replies":[{"embeddable":true,"href":"https:\/\/rowayad.com\/index.php\/wp-json\/wp\/v2\/comments?post=28527"}],"version-history":[{"count":1,"href":"https:\/\/rowayad.com\/index.php\/wp-json\/wp\/v2\/product\/28527\/revisions"}],"predecessor-version":[{"id":28530,"href":"https:\/\/rowayad.com\/index.php\/wp-json\/wp\/v2\/product\/28527\/revisions\/28530"}],"wp:featuredmedia":[{"embeddable":true,"href":"https:\/\/rowayad.com\/index.php\/wp-json\/wp\/v2\/media\/28528"}],"wp:attachment":[{"href":"https:\/\/rowayad.com\/index.php\/wp-json\/wp\/v2\/media?parent=28527"}],"wp:term":[{"taxonomy":"product_brand","embeddable":true,"href":"https:\/\/rowayad.com\/index.php\/wp-json\/wp\/v2\/product_brand?post=28527"},{"taxonomy":"product_cat","embeddable":true,"href":"https:\/\/rowayad.com\/index.php\/wp-json\/wp\/v2\/product_cat?post=28527"},{"taxonomy":"product_tag","embeddable":true,"href":"https:\/\/rowayad.com\/index.php\/wp-json\/wp\/v2\/product_tag?post=28527"}],"curies":[{"name":"wp","href":"https:\/\/api.w.org\/{rel}","templated":true}]}}