{"id":28531,"date":"2026-02-26T15:00:10","date_gmt":"2026-02-26T15:00:10","guid":{"rendered":"https:\/\/rowayad.com\/?post_type=product&#038;p=28531"},"modified":"2026-04-11T13:09:49","modified_gmt":"2026-04-11T13:09:49","slug":"paire-haltere-5-kg-x-2-noir","status":"publish","type":"product","link":"https:\/\/rowayad.com\/index.php\/produit\/paire-haltere-5-kg-x-2-noir\/","title":{"rendered":"Paire halt\u00e8re (5 kg x 2) &#8211; Noir"},"content":{"rendered":"<header class=\"-pvs -bb\">\n<h2 class=\"-fs20 -m -phm -pvxs\">D\u00e9tails<\/h2>\n<\/header>\n<div class=\"markup -mhm -pvl -oxa -sc\">\n<p>C\u2019est d\u00e9cid\u00e9, je dois prendre des muscles et entretenir ma plastique \u00bb ! Si c\u2019est ce que vous avez<br \/>\nNous disposons d\u2019articles de musculations (V\u00e9los, Halt\u00e8res, Barre de Torsion etc\u2026.), pour vous aider \u00e0 avoir la silhouette de vos r\u00eaves.<\/p>\n<p>Par contre, si derni\u00e8rement vous avez pr\u00e9vu, vous \u00eates surement \u00e0 la bonne adresse. Pris du poids et que vous avez besoin de perdre des calories, les tee-shirts de sudation et les machines \u00e0 Abdos feront l\u2019affaire.<\/p>\n<\/div>\n","protected":false},"excerpt":{"rendered":"<h2 class=\"hdr -upp -fs14 -m -pam\">Principales caract\u00e9ristiques<\/h2>\n<div class=\"markup -pam\">\n<ul>\n<li>Type de produit : Halt\u00e8res<\/li>\n<li>Poids de musculation<\/li>\n<li>Mati\u00e8re : Plastique<\/li>\n<li>Capacit\u00e9\u00a0: 2 X 5 kg<\/li>\n<li>Couleur: Noir<\/li>\n<\/ul>\n<\/div>\n","protected":false},"featured_media":28532,"comment_status":"open","ping_status":"closed","template":"","meta":{"_joinchat":[]},"product_brand":[],"product_cat":[73],"product_tag":[],"class_list":{"0":"post-28531","1":"product","2":"type-product","3":"status-publish","4":"has-post-thumbnail","6":"product_cat-sport","8":"first","9":"instock","10":"sale","11":"shipping-taxable","12":"purchasable","13":"product-type-simple"},"jetpack_sharing_enabled":true,"_links":{"self":[{"href":"https:\/\/rowayad.com\/index.php\/wp-json\/wp\/v2\/product\/28531","targetHints":{"allow":["GET"]}}],"collection":[{"href":"https:\/\/rowayad.com\/index.php\/wp-json\/wp\/v2\/product"}],"about":[{"href":"https:\/\/rowayad.com\/index.php\/wp-json\/wp\/v2\/types\/product"}],"replies":[{"embeddable":true,"href":"https:\/\/rowayad.com\/index.php\/wp-json\/wp\/v2\/comments?post=28531"}],"version-history":[{"count":1,"href":"https:\/\/rowayad.com\/index.php\/wp-json\/wp\/v2\/product\/28531\/revisions"}],"predecessor-version":[{"id":28535,"href":"https:\/\/rowayad.com\/index.php\/wp-json\/wp\/v2\/product\/28531\/revisions\/28535"}],"wp:featuredmedia":[{"embeddable":true,"href":"https:\/\/rowayad.com\/index.php\/wp-json\/wp\/v2\/media\/28532"}],"wp:attachment":[{"href":"https:\/\/rowayad.com\/index.php\/wp-json\/wp\/v2\/media?parent=28531"}],"wp:term":[{"taxonomy":"product_brand","embeddable":true,"href":"https:\/\/rowayad.com\/index.php\/wp-json\/wp\/v2\/product_brand?post=28531"},{"taxonomy":"product_cat","embeddable":true,"href":"https:\/\/rowayad.com\/index.php\/wp-json\/wp\/v2\/product_cat?post=28531"},{"taxonomy":"product_tag","embeddable":true,"href":"https:\/\/rowayad.com\/index.php\/wp-json\/wp\/v2\/product_tag?post=28531"}],"curies":[{"name":"wp","href":"https:\/\/api.w.org\/{rel}","templated":true}]}}