{"id":28536,"date":"2026-02-26T15:09:18","date_gmt":"2026-02-26T15:09:18","guid":{"rendered":"https:\/\/rowayad.com\/?post_type=product&#038;p=28536"},"modified":"2026-04-11T13:07:05","modified_gmt":"2026-04-11T13:07:05","slug":"bureau-1-20-m-blanc","status":"publish","type":"product","link":"https:\/\/rowayad.com\/index.php\/produit\/bureau-1-20-m-blanc\/","title":{"rendered":"Bureau 1.20 m Blanc."},"content":{"rendered":"<header class=\"-pvs -bb\">\n<h2 class=\"-fs20 -m -phm -pvxs\">D\u00e9tails<\/h2>\n<\/header>\n<div class=\"markup -mhm -pvl -oxa -sc\">\n<p>BUREAU &#8211; Pupitre polyvalent, Table de bureau pour PC, Plan de travail, 120x120h74 cm, Ch\u00eane et Anthracite. STRUCTURE ET UTILISATION &#8211; Bureau de style moderne, peu encombrant et multifonctionnel &#8211; Pratique, innovant et fonctionnel, c&rsquo;est la solution id\u00e9ale pour meubler de mani\u00e8re intelligente les petits espaces, un home studio, une chambre ou un bureau &#8211; Le plan de travail est spacieux et convient pour ranger des livres, des cahiers et divers articles de papeterie &#8211; Ce bureau polyvalent est un espace de travail d\u00e9di\u00e9, o\u00f9 cr\u00e9ativit\u00e9 et productivit\u00e9 se rencontrent dans un environnement organis\u00e9 et confortable. QUALIT\u00c9 ET DESIGN &#8211; Meuble au design moderne et \u00e9l\u00e9gant, parfait pour meubler un environnement contemporain et lumineux &#8211; Id\u00e9al pour ceux qui recherchent des solutions fonctionnelles et peu encombrantes, ce produit est parfait pour les maisons et les appartements de toutes tailles &#8211; Garantie de deux ans \u00e0 compter de la date d&rsquo;achat.<\/p>\n<p>CARACT\u00c9RISTIQUES TECHNIQUES &#8211; Accessoire d&rsquo;ameublement polyvalent, con\u00e7u pour une int\u00e9gration facile avec d&rsquo;autres meubles &#8211; Emballage r\u00e9sistant, con\u00e7u pour le commerce \u00e9lectronique &#8211; Mat\u00e9riau : Panneau m\u00e9lamin\u00e9 18mm &#8211; Informations suppl\u00e9mentaires : Nombreuses \u00e9tag\u00e8res &#8211; Mont\u00e9 &#8211; Finition mate. DIMENSIONS EN CM &#8211; Bureau: Longueur: 120 Largeur: 120 Hauteur: 73,8<\/p>\n<div class=\"markup -pam\">\n<p><strong>Transformez votre espace d&rsquo;\u00e9tude avec le bureau d&rsquo;\u00e9tude ultime<\/strong><\/p>\n<p>Vous en avez assez d&rsquo;\u00e9tudier dans un environnement encombr\u00e9 et peu inspirant ? Il est temps de r\u00e9volutionner votre espace d&rsquo;\u00e9tude avec notre bureau d&rsquo;\u00e9tude exceptionnel. Con\u00e7u pour am\u00e9liorer votre productivit\u00e9 et enflammer votre passion pour l&rsquo;apprentissage, ce bureau change la donne.<\/p>\n<p><strong>Lib\u00e9rez votre cr\u00e9ativit\u00e9 gr\u00e2ce \u00e0 un design \u00e9poustouflant<\/strong><\/p>\n<p>Fabriqu\u00e9 avec la plus grande pr\u00e9cision, notre bureau d&rsquo;\u00e9tude pr\u00e9sente un design \u00e9l\u00e9gant et moderne qui rehaussera instantan\u00e9ment l&rsquo;esth\u00e9tique de votre salle d&rsquo;\u00e9tude. La combinaison des couleurs Anthracite et Pin Atlantique cr\u00e9e un contraste visuellement saisissant, ce qui en fait une v\u00e9ritable pi\u00e8ce ma\u00eetresse dans n&rsquo;importe quel espace.<\/p>\n<p><strong>Une durabilit\u00e9 et une qualit\u00e9 in\u00e9gal\u00e9es<\/strong><\/p>\n<p>Nous comprenons l&rsquo;importance d&rsquo;un bureau d&rsquo;\u00e9tude robuste et fiable, c&rsquo;est pourquoi nous avons utilis\u00e9 un panneau de particules recouvert de m\u00e9lamine \u00e0 100 % pour sa construction. Cela garantit une durabilit\u00e9 exceptionnelle et une r\u00e9sistance \u00e0 l&rsquo;usure, vous permettant de profiter de votre bureau pendant des ann\u00e9es.<\/p>\n<p><strong>Maximisez votre productivit\u00e9 gr\u00e2ce \u00e0 des dimensions optimales<\/strong><\/p>\n<p>Avec une largeur de 120 cm, une hauteur de 72 cm et une profondeur de 40 cm, notre bureau d&rsquo;\u00e9tude offre suffisamment d&rsquo;espace pour tous les \u00e9l\u00e9ments essentiels \u00e0 l&rsquo;\u00e9tude. Que vous ayez besoin d&rsquo;espace pour votre ordinateur portable, vos livres ou votre papeterie, ce bureau a tout ce qu&rsquo;il vous faut. Dites adieu au d\u00e9sordre et bonjour \u00e0 un espace de travail bien organis\u00e9.<\/p>\n<\/div>\n<\/div>\n","protected":false},"excerpt":{"rendered":"<h2 class=\"hdr -upp -fs14 -m -pam\">Principales caract\u00e9ristiques<\/h2>\n<p>CARACT\u00c9RISTIQUES TECHNIQUES &#8211; Accessoire d&rsquo;ameublement polyvalent, con\u00e7u pour une int\u00e9gration facile avec d&rsquo;autres meubles &#8211; Emballage r\u00e9sistant, con\u00e7u pour le commerce \u00e9lectronique &#8211; Mat\u00e9riau : Panneau m\u00e9lamin\u00e9 18mm &#8211; Informations suppl\u00e9mentaires : Nombreuses \u00e9tag\u00e8res &#8211; Mont\u00e9 &#8211; Finition mate. DIMENSIONS EN CM &#8211; Bureau: Longueur: 120 Largeur: 120 Hauteur: 73,8<\/p>\n<p><strong>D\u00e9tails techniques:<\/strong><\/p>\n<ul>\n<li>Type de produit : Bureau d&rsquo;\u00e9tude<\/li>\n<li>Mat\u00e9riau : 100% panneau de particules m\u00e9lamin\u00e9<\/li>\n<li>Epaisseur : 18 mm<\/li>\n<li>Largeur : 120 cm<\/li>\n<li>Hauteur: 72 cm<\/li>\n<li>Profondeur : 40 cm<\/li>\n<li>Couleur: Anthracite et Pin Atlantique<\/li>\n<\/ul>\n","protected":false},"featured_media":28537,"comment_status":"open","ping_status":"closed","template":"","meta":{"_joinchat":[]},"product_brand":[],"product_cat":[75],"product_tag":[],"class_list":{"0":"post-28536","1":"product","2":"type-product","3":"status-publish","4":"has-post-thumbnail","6":"product_cat-maison-bureau","8":"first","9":"instock","10":"sale","11":"shipping-taxable","12":"purchasable","13":"product-type-simple"},"jetpack_sharing_enabled":true,"_links":{"self":[{"href":"https:\/\/rowayad.com\/index.php\/wp-json\/wp\/v2\/product\/28536","targetHints":{"allow":["GET"]}}],"collection":[{"href":"https:\/\/rowayad.com\/index.php\/wp-json\/wp\/v2\/product"}],"about":[{"href":"https:\/\/rowayad.com\/index.php\/wp-json\/wp\/v2\/types\/product"}],"replies":[{"embeddable":true,"href":"https:\/\/rowayad.com\/index.php\/wp-json\/wp\/v2\/comments?post=28536"}],"version-history":[{"count":2,"href":"https:\/\/rowayad.com\/index.php\/wp-json\/wp\/v2\/product\/28536\/revisions"}],"predecessor-version":[{"id":28541,"href":"https:\/\/rowayad.com\/index.php\/wp-json\/wp\/v2\/product\/28536\/revisions\/28541"}],"wp:featuredmedia":[{"embeddable":true,"href":"https:\/\/rowayad.com\/index.php\/wp-json\/wp\/v2\/media\/28537"}],"wp:attachment":[{"href":"https:\/\/rowayad.com\/index.php\/wp-json\/wp\/v2\/media?parent=28536"}],"wp:term":[{"taxonomy":"product_brand","embeddable":true,"href":"https:\/\/rowayad.com\/index.php\/wp-json\/wp\/v2\/product_brand?post=28536"},{"taxonomy":"product_cat","embeddable":true,"href":"https:\/\/rowayad.com\/index.php\/wp-json\/wp\/v2\/product_cat?post=28536"},{"taxonomy":"product_tag","embeddable":true,"href":"https:\/\/rowayad.com\/index.php\/wp-json\/wp\/v2\/product_tag?post=28536"}],"curies":[{"name":"wp","href":"https:\/\/api.w.org\/{rel}","templated":true}]}}