{"id":28547,"date":"2026-02-26T15:29:01","date_gmt":"2026-02-26T15:29:01","guid":{"rendered":"https:\/\/rowayad.com\/?post_type=product&#038;p=28547"},"modified":"2026-04-11T12:40:48","modified_gmt":"2026-04-11T12:40:48","slug":"grand-tapis-de-priere-en-velours","status":"publish","type":"product","link":"https:\/\/rowayad.com\/index.php\/produit\/grand-tapis-de-priere-en-velours\/","title":{"rendered":"Grand Tapis de Pri\u00e8re en Velours"},"content":{"rendered":"<header class=\"-pvs -bb\">\n<h2 class=\"-fs20 -m -phm -pvxs\">D\u00e9tails<\/h2>\n<\/header>\n<div class=\"markup -mhm -pvl -oxa -sc\">\n<p>Utilis\u00e9 pour la pri\u00e8re Musulmane, en mosqu\u00e9e ou Musulman maison. Facile \u00e0 pulv\u00e9risation, propre et facile \u00e0 prendre. Plus que des centaines de conception Musulmane.<\/p>\n<\/div>\n","protected":false},"excerpt":{"rendered":"<h2 class=\"hdr -upp -fs14 -m -pam\">Principales caract\u00e9ristiques<\/h2>\n<div class=\"markup -pam\">\n<p><strong>Ce tapis de pri\u00e8re<\/strong>\u00a0peut se transformer en chaise pour s&rsquo;adosser et reposer son dos. Pratique \u00e0 prendre quand on doit passer un long moment \u00e0 la mosqu\u00e9e ou pour les \u00e9tudiants en cours \u00e0 la mosqu\u00e9e<\/p>\n<\/div>\n","protected":false},"featured_media":28548,"comment_status":"open","ping_status":"closed","template":"","meta":{"_joinchat":[]},"product_brand":[],"product_cat":[75],"product_tag":[],"class_list":{"0":"post-28547","1":"product","2":"type-product","3":"status-publish","4":"has-post-thumbnail","6":"product_cat-maison-bureau","8":"first","9":"instock","10":"sale","11":"shipping-taxable","12":"purchasable","13":"product-type-simple"},"jetpack_sharing_enabled":true,"_links":{"self":[{"href":"https:\/\/rowayad.com\/index.php\/wp-json\/wp\/v2\/product\/28547","targetHints":{"allow":["GET"]}}],"collection":[{"href":"https:\/\/rowayad.com\/index.php\/wp-json\/wp\/v2\/product"}],"about":[{"href":"https:\/\/rowayad.com\/index.php\/wp-json\/wp\/v2\/types\/product"}],"replies":[{"embeddable":true,"href":"https:\/\/rowayad.com\/index.php\/wp-json\/wp\/v2\/comments?post=28547"}],"version-history":[{"count":1,"href":"https:\/\/rowayad.com\/index.php\/wp-json\/wp\/v2\/product\/28547\/revisions"}],"predecessor-version":[{"id":28549,"href":"https:\/\/rowayad.com\/index.php\/wp-json\/wp\/v2\/product\/28547\/revisions\/28549"}],"wp:featuredmedia":[{"embeddable":true,"href":"https:\/\/rowayad.com\/index.php\/wp-json\/wp\/v2\/media\/28548"}],"wp:attachment":[{"href":"https:\/\/rowayad.com\/index.php\/wp-json\/wp\/v2\/media?parent=28547"}],"wp:term":[{"taxonomy":"product_brand","embeddable":true,"href":"https:\/\/rowayad.com\/index.php\/wp-json\/wp\/v2\/product_brand?post=28547"},{"taxonomy":"product_cat","embeddable":true,"href":"https:\/\/rowayad.com\/index.php\/wp-json\/wp\/v2\/product_cat?post=28547"},{"taxonomy":"product_tag","embeddable":true,"href":"https:\/\/rowayad.com\/index.php\/wp-json\/wp\/v2\/product_tag?post=28547"}],"curies":[{"name":"wp","href":"https:\/\/api.w.org\/{rel}","templated":true}]}}