{"id":28553,"date":"2026-02-26T17:24:02","date_gmt":"2026-02-26T17:24:02","guid":{"rendered":"https:\/\/rowayad.com\/?post_type=product&#038;p=28553"},"modified":"2026-04-11T12:27:51","modified_gmt":"2026-04-11T12:27:51","slug":"bibliotheque-de-rangement-qualite-superieur","status":"publish","type":"product","link":"https:\/\/rowayad.com\/index.php\/produit\/bibliotheque-de-rangement-qualite-superieur\/","title":{"rendered":"Biblioth\u00e8que de rangement qualit\u00e9 sup\u00e9rieur"},"content":{"rendered":"","protected":false},"excerpt":{"rendered":"<header class=\"-pvs -bb\">\n<h2 class=\"-fs20 -m -phm -pvxs\">D\u00e9tails<\/h2>\n<\/header>\n<div class=\"markup -mhm -pvl -oxa -sc\">\n<h2>Description<\/h2>\n<p><strong>Optimisez votre espace de rangement avec cette armoire portable pratique et durable.\u00a0<\/strong><\/p>\n<p><strong>Con\u00e7ue pour un usage quotidien, elle allie robustesse, grande capacit\u00e9 et facilit\u00e9 d\u2019installation<\/strong><\/p>\n<p><strong>PREVOIR LE MONTAGE<\/strong><\/p>\n<h2>Principales caract\u00e9ristiques<\/h2>\n<ul>\n<li>\u00a0Biblioth\u00e8que de rangement<\/li>\n<li>Pour d\u00e9coration et rangement objets<\/li>\n<li>Pour \u00a0salon ,chambre<\/li>\n<li>Facile a monter<\/li>\n<li>Robuste<\/li>\n<\/ul>\n<\/div>\n","protected":false},"featured_media":28554,"comment_status":"open","ping_status":"closed","template":"","meta":{"_joinchat":[]},"product_brand":[],"product_cat":[75],"product_tag":[],"class_list":{"0":"post-28553","1":"product","2":"type-product","3":"status-publish","4":"has-post-thumbnail","6":"product_cat-maison-bureau","8":"first","9":"instock","10":"sale","11":"shipping-taxable","12":"purchasable","13":"product-type-simple"},"jetpack_sharing_enabled":true,"_links":{"self":[{"href":"https:\/\/rowayad.com\/index.php\/wp-json\/wp\/v2\/product\/28553","targetHints":{"allow":["GET"]}}],"collection":[{"href":"https:\/\/rowayad.com\/index.php\/wp-json\/wp\/v2\/product"}],"about":[{"href":"https:\/\/rowayad.com\/index.php\/wp-json\/wp\/v2\/types\/product"}],"replies":[{"embeddable":true,"href":"https:\/\/rowayad.com\/index.php\/wp-json\/wp\/v2\/comments?post=28553"}],"version-history":[{"count":1,"href":"https:\/\/rowayad.com\/index.php\/wp-json\/wp\/v2\/product\/28553\/revisions"}],"predecessor-version":[{"id":28555,"href":"https:\/\/rowayad.com\/index.php\/wp-json\/wp\/v2\/product\/28553\/revisions\/28555"}],"wp:featuredmedia":[{"embeddable":true,"href":"https:\/\/rowayad.com\/index.php\/wp-json\/wp\/v2\/media\/28554"}],"wp:attachment":[{"href":"https:\/\/rowayad.com\/index.php\/wp-json\/wp\/v2\/media?parent=28553"}],"wp:term":[{"taxonomy":"product_brand","embeddable":true,"href":"https:\/\/rowayad.com\/index.php\/wp-json\/wp\/v2\/product_brand?post=28553"},{"taxonomy":"product_cat","embeddable":true,"href":"https:\/\/rowayad.com\/index.php\/wp-json\/wp\/v2\/product_cat?post=28553"},{"taxonomy":"product_tag","embeddable":true,"href":"https:\/\/rowayad.com\/index.php\/wp-json\/wp\/v2\/product_tag?post=28553"}],"curies":[{"name":"wp","href":"https:\/\/api.w.org\/{rel}","templated":true}]}}