{"id":28566,"date":"2026-02-27T01:06:49","date_gmt":"2026-02-27T01:06:49","guid":{"rendered":"https:\/\/rowayad.com\/?post_type=product&#038;p=28566"},"modified":"2026-04-11T12:24:09","modified_gmt":"2026-04-11T12:24:09","slug":"lot-de-06-torchons-a-vaisselle-70-x-50-torchon-de-service-multicolore","status":"publish","type":"product","link":"https:\/\/rowayad.com\/index.php\/produit\/lot-de-06-torchons-a-vaisselle-70-x-50-torchon-de-service-multicolore\/","title":{"rendered":"Lot de 06 torchons \u00e0 vaisselle 70 x 50 &#8211; torchon de service &#8211; multicolore"},"content":{"rendered":"<h2>D\u00e9tails:<\/h2>\n<h2>Une nappe chic tendance gr\u00e2ce \u00e0 son motif.<\/h2>\n<p>Le pack de 06 deviendra rapidement un \u00e9l\u00e9ment indispensable pour vos pique-niques avec l&rsquo;arriv\u00e9e des beaux jours. Gr\u00e2ce \u00e0 son motif vichy esprit frenche, cette nappe tendance aux coloris noir et gr\u00e8ge pourra s&rsquo;accorder avec de nombreux accessoires de table. Son motif tiss\u00e9 et teint ainsi que son point bourdon noir en font un linge de table d&rsquo;une grande qualit\u00e9. Vous pourrez l&rsquo;assortir avec la serviette de\u00a0<strong>table de la m\u00eame collection<\/strong>.<\/p>\n","protected":false},"excerpt":{"rendered":"<h2 class=\"hdr -upp -fs14 -m -pam\">Principales caract\u00e9ristiques<\/h2>\n<div class=\"markup -pam\">\n<ul>\n<li>Vous pourrez l&rsquo;assortir avec la serviette de table de la m\u00eame collection.<\/li>\n<li>EN COTON<\/li>\n<li>06 torchons<\/li>\n<li>Motif tendance<\/li>\n<li>Blanc<\/li>\n<\/ul>\n<\/div>\n","protected":false},"featured_media":28567,"comment_status":"open","ping_status":"closed","template":"","meta":{"_joinchat":[]},"product_brand":[],"product_cat":[20,75],"product_tag":[],"class_list":{"0":"post-28566","1":"product","2":"type-product","3":"status-publish","4":"has-post-thumbnail","6":"product_cat-accessoires","7":"product_cat-maison-bureau","9":"first","10":"instock","11":"sale","12":"shipping-taxable","13":"purchasable","14":"product-type-simple"},"jetpack_sharing_enabled":true,"_links":{"self":[{"href":"https:\/\/rowayad.com\/index.php\/wp-json\/wp\/v2\/product\/28566","targetHints":{"allow":["GET"]}}],"collection":[{"href":"https:\/\/rowayad.com\/index.php\/wp-json\/wp\/v2\/product"}],"about":[{"href":"https:\/\/rowayad.com\/index.php\/wp-json\/wp\/v2\/types\/product"}],"replies":[{"embeddable":true,"href":"https:\/\/rowayad.com\/index.php\/wp-json\/wp\/v2\/comments?post=28566"}],"version-history":[{"count":1,"href":"https:\/\/rowayad.com\/index.php\/wp-json\/wp\/v2\/product\/28566\/revisions"}],"predecessor-version":[{"id":28568,"href":"https:\/\/rowayad.com\/index.php\/wp-json\/wp\/v2\/product\/28566\/revisions\/28568"}],"wp:featuredmedia":[{"embeddable":true,"href":"https:\/\/rowayad.com\/index.php\/wp-json\/wp\/v2\/media\/28567"}],"wp:attachment":[{"href":"https:\/\/rowayad.com\/index.php\/wp-json\/wp\/v2\/media?parent=28566"}],"wp:term":[{"taxonomy":"product_brand","embeddable":true,"href":"https:\/\/rowayad.com\/index.php\/wp-json\/wp\/v2\/product_brand?post=28566"},{"taxonomy":"product_cat","embeddable":true,"href":"https:\/\/rowayad.com\/index.php\/wp-json\/wp\/v2\/product_cat?post=28566"},{"taxonomy":"product_tag","embeddable":true,"href":"https:\/\/rowayad.com\/index.php\/wp-json\/wp\/v2\/product_tag?post=28566"}],"curies":[{"name":"wp","href":"https:\/\/api.w.org\/{rel}","templated":true}]}}