{"id":28569,"date":"2026-02-27T01:11:07","date_gmt":"2026-02-27T01:11:07","guid":{"rendered":"https:\/\/rowayad.com\/?post_type=product&#038;p=28569"},"modified":"2026-04-11T12:23:14","modified_gmt":"2026-04-11T12:23:14","slug":"armoire-penderie-cube-montable-et-demontable-4-battants-plus-range-chaussures","status":"publish","type":"product","link":"https:\/\/rowayad.com\/index.php\/produit\/armoire-penderie-cube-montable-et-demontable-4-battants-plus-range-chaussures\/","title":{"rendered":"Armoire Penderie &#8211; Cube Montable et d\u00e9montable 4 battants plus range chaussures"},"content":{"rendered":"<header class=\"-pvs -bb\">\n<h2 class=\"-fs20 -m -phm -pvxs\">D\u00e9tails<\/h2>\n<\/header>\n<div class=\"markup -mhm -pvl -oxa -sc\">\n<p><strong>Design moderne:<\/strong><\/p>\n<p>Pure de portes blanches et murs ferm\u00e9s en marron. Les connecteurs en tube d&rsquo;acier de haute qualit\u00e9 et en plastique PP peuvent parfaitement r\u00e9pondre \u00e0 un besoin de longue dur\u00e9e et robuste. Ce n&rsquo;est pas dur et cassant mais plut\u00f4t flexible et durable.<\/p>\n<p><strong>Eco-mat\u00e9riel:\u00a0<\/strong><\/p>\n<p>Panneaux en r\u00e9sine environnementale. Z\u00e9ro m\u00e9thanal garanti. La conception a \u00e9t\u00e9 simplifi\u00e9e et des manuels d&rsquo;instructions ont \u00e9t\u00e9 r\u00e9vis\u00e9s pour aider nos clients. Service client 24\/7 \u00e9galement fourni pour toute question.<\/p>\n<\/div>\n","protected":false},"excerpt":{"rendered":"<header class=\"-pvs -bb\">\n<h2 class=\"-fs20 -m -phm -pvxs\">D\u00e9tails<\/h2>\n<\/header>\n<div class=\"markup -mhm -pvl -oxa -sc\">\n<p><strong>Design moderne:<\/strong><\/p>\n<p>Pure de portes blanches et murs ferm\u00e9s en marron. Les connecteurs en tube d&rsquo;acier de haute qualit\u00e9 et en plastique PP peuvent parfaitement r\u00e9pondre \u00e0 un besoin de longue dur\u00e9e et robuste. Ce n&rsquo;est pas dur et cassant mais plut\u00f4t flexible et durable.<\/p>\n<p><strong>Eco-mat\u00e9riel:\u00a0<\/strong><\/p>\n<p>Panneaux en r\u00e9sine environnementale. Z\u00e9ro m\u00e9thanal garanti. La conception a \u00e9t\u00e9 simplifi\u00e9e et des manuels d&rsquo;instructions ont \u00e9t\u00e9 r\u00e9vis\u00e9s pour aider nos clients. Service client 24\/7 \u00e9galement fourni pour toute question.<\/p>\n<\/div>\n","protected":false},"featured_media":28570,"comment_status":"open","ping_status":"closed","template":"","meta":{"_joinchat":[]},"product_brand":[],"product_cat":[75],"product_tag":[],"class_list":{"0":"post-28569","1":"product","2":"type-product","3":"status-publish","4":"has-post-thumbnail","6":"product_cat-maison-bureau","8":"first","9":"instock","10":"sale","11":"shipping-taxable","12":"purchasable","13":"product-type-simple"},"jetpack_sharing_enabled":true,"_links":{"self":[{"href":"https:\/\/rowayad.com\/index.php\/wp-json\/wp\/v2\/product\/28569","targetHints":{"allow":["GET"]}}],"collection":[{"href":"https:\/\/rowayad.com\/index.php\/wp-json\/wp\/v2\/product"}],"about":[{"href":"https:\/\/rowayad.com\/index.php\/wp-json\/wp\/v2\/types\/product"}],"replies":[{"embeddable":true,"href":"https:\/\/rowayad.com\/index.php\/wp-json\/wp\/v2\/comments?post=28569"}],"version-history":[{"count":1,"href":"https:\/\/rowayad.com\/index.php\/wp-json\/wp\/v2\/product\/28569\/revisions"}],"predecessor-version":[{"id":28571,"href":"https:\/\/rowayad.com\/index.php\/wp-json\/wp\/v2\/product\/28569\/revisions\/28571"}],"wp:featuredmedia":[{"embeddable":true,"href":"https:\/\/rowayad.com\/index.php\/wp-json\/wp\/v2\/media\/28570"}],"wp:attachment":[{"href":"https:\/\/rowayad.com\/index.php\/wp-json\/wp\/v2\/media?parent=28569"}],"wp:term":[{"taxonomy":"product_brand","embeddable":true,"href":"https:\/\/rowayad.com\/index.php\/wp-json\/wp\/v2\/product_brand?post=28569"},{"taxonomy":"product_cat","embeddable":true,"href":"https:\/\/rowayad.com\/index.php\/wp-json\/wp\/v2\/product_cat?post=28569"},{"taxonomy":"product_tag","embeddable":true,"href":"https:\/\/rowayad.com\/index.php\/wp-json\/wp\/v2\/product_tag?post=28569"}],"curies":[{"name":"wp","href":"https:\/\/api.w.org\/{rel}","templated":true}]}}