{"id":28575,"date":"2026-02-27T01:20:30","date_gmt":"2026-02-27T01:20:30","guid":{"rendered":"https:\/\/rowayad.com\/?post_type=product&#038;p=28575"},"modified":"2026-04-11T12:17:22","modified_gmt":"2026-04-11T12:17:22","slug":"corbeille-a-fruits-a-2-etages-panier-de-rangement-pour-legumes-pain-noire","status":"publish","type":"product","link":"https:\/\/rowayad.com\/index.php\/produit\/corbeille-a-fruits-a-2-etages-panier-de-rangement-pour-legumes-pain-noire\/","title":{"rendered":"Corbeille \u00e0 fruits \u00e0 2 \u00e9tages &#8211; Panier de rangement pour l\u00e9gumes, pain &#8211; NOIRE"},"content":{"rendered":"<header class=\"-pvs -bb\">\n<h2 class=\"-fs20 -m -phm -pvxs\">D\u00e9tails<\/h2>\n<\/header>\n<div class=\"markup -mhm -pvl -oxa -sc\">\n<ul class=\"a-unordered-list a-vertical a-spacing-mini\">\n<li>Panier de<b>\u00a0comptoir \u00e0 2 \u00e9tages<\/b>\u00a0: ce panier est con\u00e7u pour contenir des fruits et des l\u00e9gumes, pour garder votre espace bien rang\u00e9 et organis\u00e9. Le panier m\u00e9tallique ouvert permet \u00e0 l&rsquo;air de circuler, facile \u00e0 nettoyer, simple et peu encombrant. Il ne prend pas beaucoup de place sur le plan de travail et son cadre permet aux fruits de respirer sans \u00eatre \u00e9touff\u00e9s.<\/li>\n<li>Fonctionnel et polyvalent : cette corbeille \u00e0 fruits peut \u00eatre plac\u00e9e avec des fruits, des l\u00e9gumes, des petits articles m\u00e9nagers et des fournitures de bureau. Solution parfaite pour le rangement de la maison, s&rsquo;adapte \u00e0 tout style et d\u00e9coration.<\/li>\n<li>Construction durable : le cadre du panier est fabriqu\u00e9 en fer robuste et durable avec rev\u00eatement noir, antirouille et imperm\u00e9able. Ce support pour fruits et l\u00e9gumes est dot\u00e9 d&rsquo;une poign\u00e9e int\u00e9gr\u00e9e facile \u00e0 transporter qui est con\u00e7ue pour faciliter le transport des marchandises du garde-manger au panier \u00e0 la table.<\/li>\n<li>Dimensions du produit : panier sup\u00e9rieur : 21 x 17 cm ; panier inf\u00e9rieur : 27 x 17 cm. La hauteur totale des paniers atteint 29 cm. Le panier sup\u00e9rieur est l\u00e9g\u00e8rement plus petit pour donner au panier un effet \u00e9tag\u00e9, vous permettant de s\u00e9parer les fruits et les l\u00e9gumes.<\/li>\n<li>Qualit\u00e9 assur\u00e9e : nous sommes fiers de la qualit\u00e9 et de la durabilit\u00e9 de nos produits.<\/li>\n<\/ul>\n<\/div>\n","protected":false},"excerpt":{"rendered":"<h2 class=\"hdr -upp -fs14 -m -pam\">Principales caract\u00e9ristiques<\/h2>\n<div class=\"markup -pam\">\n<ul>\n<li>panier sup\u00e9rieur : 21 x 17 cm ;<\/li>\n<li>panier inf\u00e9rieur : 27 x 17 cm.<\/li>\n<li>La hauteur totale des paniers atteint 29 cm<\/li>\n<li>Poids environ 0,6 kg<\/li>\n<li>Mat\u00e9riel : M\u00e9tal<\/li>\n<li>Adaptable aux aliments<\/li>\n<li>&#8211; Utilisez le bol comme un bol de fruits, rouleau de panier pour stocker votre nourriture<\/li>\n<\/ul>\n<\/div>\n","protected":false},"featured_media":28576,"comment_status":"open","ping_status":"closed","template":"","meta":{"_joinchat":[]},"product_brand":[],"product_cat":[75],"product_tag":[],"class_list":{"0":"post-28575","1":"product","2":"type-product","3":"status-publish","4":"has-post-thumbnail","6":"product_cat-maison-bureau","8":"first","9":"instock","10":"sale","11":"shipping-taxable","12":"purchasable","13":"product-type-simple"},"jetpack_sharing_enabled":true,"_links":{"self":[{"href":"https:\/\/rowayad.com\/index.php\/wp-json\/wp\/v2\/product\/28575","targetHints":{"allow":["GET"]}}],"collection":[{"href":"https:\/\/rowayad.com\/index.php\/wp-json\/wp\/v2\/product"}],"about":[{"href":"https:\/\/rowayad.com\/index.php\/wp-json\/wp\/v2\/types\/product"}],"replies":[{"embeddable":true,"href":"https:\/\/rowayad.com\/index.php\/wp-json\/wp\/v2\/comments?post=28575"}],"version-history":[{"count":1,"href":"https:\/\/rowayad.com\/index.php\/wp-json\/wp\/v2\/product\/28575\/revisions"}],"predecessor-version":[{"id":28584,"href":"https:\/\/rowayad.com\/index.php\/wp-json\/wp\/v2\/product\/28575\/revisions\/28584"}],"wp:featuredmedia":[{"embeddable":true,"href":"https:\/\/rowayad.com\/index.php\/wp-json\/wp\/v2\/media\/28576"}],"wp:attachment":[{"href":"https:\/\/rowayad.com\/index.php\/wp-json\/wp\/v2\/media?parent=28575"}],"wp:term":[{"taxonomy":"product_brand","embeddable":true,"href":"https:\/\/rowayad.com\/index.php\/wp-json\/wp\/v2\/product_brand?post=28575"},{"taxonomy":"product_cat","embeddable":true,"href":"https:\/\/rowayad.com\/index.php\/wp-json\/wp\/v2\/product_cat?post=28575"},{"taxonomy":"product_tag","embeddable":true,"href":"https:\/\/rowayad.com\/index.php\/wp-json\/wp\/v2\/product_tag?post=28575"}],"curies":[{"name":"wp","href":"https:\/\/api.w.org\/{rel}","templated":true}]}}