{"id":28585,"date":"2026-02-27T01:23:32","date_gmt":"2026-02-27T01:23:32","guid":{"rendered":"https:\/\/rowayad.com\/?post_type=product&#038;p=28585"},"modified":"2026-04-11T12:16:21","modified_gmt":"2026-04-11T12:16:21","slug":"armoire-a-chaussures-meuble-a-chaussures-etagere-avec-6-portes-plastique-54-paires","status":"publish","type":"product","link":"https:\/\/rowayad.com\/index.php\/produit\/armoire-a-chaussures-meuble-a-chaussures-etagere-avec-6-portes-plastique-54-paires\/","title":{"rendered":"Armoire \u00e0 Chaussures Meuble \u00e0 Chaussures Etag\u00e8re avec 6 Portes Plastique (54 paires)"},"content":{"rendered":"<header class=\"-pvs -bb\">\n<h2 class=\"-fs20 -m -phm -pvxs\">D\u00e9tails<\/h2>\n<\/header>\n<div class=\"markup -mhm -pvl -oxa -sc\">Panneaux en PP\u00a0<b>plastique<\/b>, encadr\u00e9es par le fil en fer, clips de\u00a0<b>fixation\u00a0<\/b>en ABS, ils assurent la bonne r\u00e9sistance et la bonne charge de chaque cube (10 kg au plus)<br \/>\nStructure simple, cette armoire est d&rsquo;un montage tr\u00e8s simple<br \/>\nMontage personnalis\u00e9, les cubes peuvent \u00eatre utilis\u00e9s\u00a0<b>s\u00e9par\u00e9ment<\/b>\u00a0ou empil\u00e9s et combin\u00e9s<br \/>\nR\u00e9sistant \u00e0 l&rsquo;humidit\u00e9, \u00e0 la moisissure et \u00e0 la poussi\u00e8re, les plaques en plastique sont faciles \u00e0\u00a0<b>nettoyer<\/b>. Pour l&rsquo;entretien quotidien, vous pouvez les\u00a0<b>essuyez<\/b>\u00a0avec un chiffon mouill\u00e9Remarque<br \/>\nLes pi\u00e8ces fournies sont suffisantes pour monter une forme en photo, pour des formes complexes, il peut manquer des pi\u00e8ces<br \/>\nPour attacher les plaques, assurez-vous que tous les coins de chaque plaque soient ins\u00e9r\u00e9s dans le plus profond de la pi\u00e8ce de fixation. Une fois que vous avez fini d&rsquo;installer un \u00e9tage, pressez les pi\u00e8ces de fixation pour r\u00e9duire les fentes et renforcer la stabilit\u00e9.<br \/>\nToutes les plaques sont en plastique de faible rigidit\u00e9, le stockage des objets lourds comme livres, halt\u00e8res, etc. dans l&rsquo;armoire n&rsquo;est pas recommand\u00e9<\/div>\n","protected":false},"excerpt":{"rendered":"<h2 class=\"hdr -upp -fs14 -m -pam\">Principales caract\u00e9ristiques<\/h2>\n<div class=\"markup -pam\">\n<ul>\n<li>Caract\u00e9ristiques\n<ul>\n<li>Porte transparente, trouver facilement vos chaussures<\/li>\n<li>Grand volume de rangement<\/li>\n<li>Montage et d\u00e9montage simple et facile<\/li>\n<li>Facile \u00e0 maintenir et nettoyer<\/li>\n<li>Fait de mat\u00e9riaux \u00e9cologique PP<\/li>\n<\/ul>\n<\/li>\n<\/ul>\n<\/div>\n","protected":false},"featured_media":28586,"comment_status":"open","ping_status":"closed","template":"","meta":{"_joinchat":[]},"product_brand":[],"product_cat":[75],"product_tag":[],"class_list":{"0":"post-28585","1":"product","2":"type-product","3":"status-publish","4":"has-post-thumbnail","6":"product_cat-maison-bureau","8":"first","9":"instock","10":"sale","11":"shipping-taxable","12":"purchasable","13":"product-type-simple"},"jetpack_sharing_enabled":true,"_links":{"self":[{"href":"https:\/\/rowayad.com\/index.php\/wp-json\/wp\/v2\/product\/28585","targetHints":{"allow":["GET"]}}],"collection":[{"href":"https:\/\/rowayad.com\/index.php\/wp-json\/wp\/v2\/product"}],"about":[{"href":"https:\/\/rowayad.com\/index.php\/wp-json\/wp\/v2\/types\/product"}],"replies":[{"embeddable":true,"href":"https:\/\/rowayad.com\/index.php\/wp-json\/wp\/v2\/comments?post=28585"}],"version-history":[{"count":3,"href":"https:\/\/rowayad.com\/index.php\/wp-json\/wp\/v2\/product\/28585\/revisions"}],"predecessor-version":[{"id":28608,"href":"https:\/\/rowayad.com\/index.php\/wp-json\/wp\/v2\/product\/28585\/revisions\/28608"}],"wp:featuredmedia":[{"embeddable":true,"href":"https:\/\/rowayad.com\/index.php\/wp-json\/wp\/v2\/media\/28586"}],"wp:attachment":[{"href":"https:\/\/rowayad.com\/index.php\/wp-json\/wp\/v2\/media?parent=28585"}],"wp:term":[{"taxonomy":"product_brand","embeddable":true,"href":"https:\/\/rowayad.com\/index.php\/wp-json\/wp\/v2\/product_brand?post=28585"},{"taxonomy":"product_cat","embeddable":true,"href":"https:\/\/rowayad.com\/index.php\/wp-json\/wp\/v2\/product_cat?post=28585"},{"taxonomy":"product_tag","embeddable":true,"href":"https:\/\/rowayad.com\/index.php\/wp-json\/wp\/v2\/product_tag?post=28585"}],"curies":[{"name":"wp","href":"https:\/\/api.w.org\/{rel}","templated":true}]}}