{"id":28588,"date":"2026-02-27T01:27:44","date_gmt":"2026-02-27T01:27:44","guid":{"rendered":"https:\/\/rowayad.com\/?post_type=product&#038;p=28588"},"modified":"2026-04-11T12:15:08","modified_gmt":"2026-04-11T12:15:08","slug":"autodefense-nunchaku-anti-derapant-pour-combat-reel-baton-court","status":"publish","type":"product","link":"https:\/\/rowayad.com\/index.php\/produit\/autodefense-nunchaku-anti-derapant-pour-combat-reel-baton-court\/","title":{"rendered":"Autod\u00e9fense Nunchaku Anti-D\u00e9rapant pour Combat r\u00e9el &#8211; B\u00e2ton Court"},"content":{"rendered":"<header class=\"-pvs -bb\">\n<h2 class=\"-fs20 -m -phm -pvxs\">D\u00e9tails<\/h2>\n<\/header>\n<div class=\"markup -mhm -pvl -oxa -sc\">Excellente prise en main &#8211; Ensemble manche en bois- chaine en m\u00e9tal- Marque Martial: Arts Nunchaku.<\/div>\n","protected":false},"excerpt":{"rendered":"<h2 class=\"hdr -upp -fs14 -m -pam\">Principales caract\u00e9ristiques<\/h2>\n<div class=\"markup -pam\">\n<ul>\n<li>Mati\u00e8re : bois et m\u00e9tal<\/li>\n<li>Poids du nunchaku 420 grammes<\/li>\n<li>Longueur par baton 27,5 cm<\/li>\n<li>Diam\u00e8tre baton 2,5 cm<\/li>\n<\/ul>\n<\/div>\n","protected":false},"featured_media":28589,"comment_status":"open","ping_status":"closed","template":"","meta":{"_joinchat":[]},"product_brand":[],"product_cat":[73],"product_tag":[],"class_list":{"0":"post-28588","1":"product","2":"type-product","3":"status-publish","4":"has-post-thumbnail","6":"product_cat-sport","8":"first","9":"instock","10":"sale","11":"shipping-taxable","12":"purchasable","13":"product-type-simple"},"jetpack_sharing_enabled":true,"_links":{"self":[{"href":"https:\/\/rowayad.com\/index.php\/wp-json\/wp\/v2\/product\/28588","targetHints":{"allow":["GET"]}}],"collection":[{"href":"https:\/\/rowayad.com\/index.php\/wp-json\/wp\/v2\/product"}],"about":[{"href":"https:\/\/rowayad.com\/index.php\/wp-json\/wp\/v2\/types\/product"}],"replies":[{"embeddable":true,"href":"https:\/\/rowayad.com\/index.php\/wp-json\/wp\/v2\/comments?post=28588"}],"version-history":[{"count":1,"href":"https:\/\/rowayad.com\/index.php\/wp-json\/wp\/v2\/product\/28588\/revisions"}],"predecessor-version":[{"id":28594,"href":"https:\/\/rowayad.com\/index.php\/wp-json\/wp\/v2\/product\/28588\/revisions\/28594"}],"wp:featuredmedia":[{"embeddable":true,"href":"https:\/\/rowayad.com\/index.php\/wp-json\/wp\/v2\/media\/28589"}],"wp:attachment":[{"href":"https:\/\/rowayad.com\/index.php\/wp-json\/wp\/v2\/media?parent=28588"}],"wp:term":[{"taxonomy":"product_brand","embeddable":true,"href":"https:\/\/rowayad.com\/index.php\/wp-json\/wp\/v2\/product_brand?post=28588"},{"taxonomy":"product_cat","embeddable":true,"href":"https:\/\/rowayad.com\/index.php\/wp-json\/wp\/v2\/product_cat?post=28588"},{"taxonomy":"product_tag","embeddable":true,"href":"https:\/\/rowayad.com\/index.php\/wp-json\/wp\/v2\/product_tag?post=28588"}],"curies":[{"name":"wp","href":"https:\/\/api.w.org\/{rel}","templated":true}]}}