{"id":28595,"date":"2026-02-27T01:37:38","date_gmt":"2026-02-27T01:37:38","guid":{"rendered":"https:\/\/rowayad.com\/?post_type=product&#038;p=28595"},"modified":"2026-04-11T12:12:44","modified_gmt":"2026-04-11T12:12:44","slug":"balai-magique-et-seau-essoreur-360-bleu","status":"publish","type":"product","link":"https:\/\/rowayad.com\/index.php\/produit\/balai-magique-et-seau-essoreur-360-bleu\/","title":{"rendered":"Balai Magique et Seau Essoreur 360\u00b0 &#8211; Bleu"},"content":{"rendered":"<div class=\"card aim -mtm\">\n<div class=\"markup -mhm -pvl -oxa -sc\">BALAI MAGIQUE ET SEAU ESSOREUR Simplifiez votre m\u00e9nage au quotidien gr\u00e2ce \u00e0 ce balai magique avec manche articul\u00e9 l\u00e9ger et t\u00eate rotative \u00e0 360\u00b0en microfibre , lavable, qui ABSORBE et nettoie toutes les salet\u00e9s sur son passage. Tous les coins et recoins deviennent accessibles gr\u00e2ce \u00e0 LA ROTATION! En plus, son seau essoreur avec centrifugeuse int\u00e9gr\u00e9e vous permet d&rsquo;impregner le balai de votre liquide de nettoyage et ensuite, en activant simplement \u00e0 la main le MANCHE, d&rsquo;essorer votre balai<\/div>\n<\/div>\n<section class=\"card aim -mtm -fs16\">\n<div id=\"specifications\" class=\"hook\"><\/div>\n<header class=\"-pvs -bb\"><\/header>\n<\/section>\n","protected":false},"excerpt":{"rendered":"<h2 class=\"hdr -upp -fs14 -m -pam\">Principales caract\u00e9ristiques<\/h2>\n<div class=\"markup -pam\">\n<ul>\n<li>Nettoyage r\u00e9gulier des sols lisses<\/li>\n<li>Absorbante et r\u00e9sistante<\/li>\n<li>Facile \u00e0 essorer<\/li>\n<li>moins de temps \u00e0 d\u00e9ranger les meubles pour le nettoyage<\/li>\n<li>1 rechange microfibre offerte lavable \u00e0 la machine<\/li>\n<\/ul>\n<\/div>\n","protected":false},"featured_media":28596,"comment_status":"open","ping_status":"closed","template":"","meta":{"_joinchat":[]},"product_brand":[],"product_cat":[75],"product_tag":[],"class_list":{"0":"post-28595","1":"product","2":"type-product","3":"status-publish","4":"has-post-thumbnail","6":"product_cat-maison-bureau","8":"first","9":"instock","10":"sale","11":"shipping-taxable","12":"purchasable","13":"product-type-simple"},"jetpack_sharing_enabled":true,"_links":{"self":[{"href":"https:\/\/rowayad.com\/index.php\/wp-json\/wp\/v2\/product\/28595","targetHints":{"allow":["GET"]}}],"collection":[{"href":"https:\/\/rowayad.com\/index.php\/wp-json\/wp\/v2\/product"}],"about":[{"href":"https:\/\/rowayad.com\/index.php\/wp-json\/wp\/v2\/types\/product"}],"replies":[{"embeddable":true,"href":"https:\/\/rowayad.com\/index.php\/wp-json\/wp\/v2\/comments?post=28595"}],"version-history":[{"count":1,"href":"https:\/\/rowayad.com\/index.php\/wp-json\/wp\/v2\/product\/28595\/revisions"}],"predecessor-version":[{"id":28598,"href":"https:\/\/rowayad.com\/index.php\/wp-json\/wp\/v2\/product\/28595\/revisions\/28598"}],"wp:featuredmedia":[{"embeddable":true,"href":"https:\/\/rowayad.com\/index.php\/wp-json\/wp\/v2\/media\/28596"}],"wp:attachment":[{"href":"https:\/\/rowayad.com\/index.php\/wp-json\/wp\/v2\/media?parent=28595"}],"wp:term":[{"taxonomy":"product_brand","embeddable":true,"href":"https:\/\/rowayad.com\/index.php\/wp-json\/wp\/v2\/product_brand?post=28595"},{"taxonomy":"product_cat","embeddable":true,"href":"https:\/\/rowayad.com\/index.php\/wp-json\/wp\/v2\/product_cat?post=28595"},{"taxonomy":"product_tag","embeddable":true,"href":"https:\/\/rowayad.com\/index.php\/wp-json\/wp\/v2\/product_tag?post=28595"}],"curies":[{"name":"wp","href":"https:\/\/api.w.org\/{rel}","templated":true}]}}