{"id":28599,"date":"2026-02-27T01:40:26","date_gmt":"2026-02-27T01:40:26","guid":{"rendered":"https:\/\/rowayad.com\/?post_type=product&#038;p=28599"},"modified":"2026-04-11T12:03:30","modified_gmt":"2026-04-11T12:03:30","slug":"table-de-bureau-solide-120-cm-x-largeur-60-cm-x-hauteur-75-cm-2","status":"publish","type":"product","link":"https:\/\/rowayad.com\/index.php\/produit\/table-de-bureau-solide-120-cm-x-largeur-60-cm-x-hauteur-75-cm-2\/","title":{"rendered":"Table de bureau solide 120 cm X largeur 60 CM x hauteur 75 cm"},"content":{"rendered":"<header class=\"-pvs -bb\">\n<h2 class=\"-fs20 -m -phm -pvxs\">D\u00e9tails<\/h2>\n<\/header>\n<div class=\"markup -mhm -pvl -oxa -sc\">\n<h3>Ce beau bureau est parfait pour les premi\u00e8res ann\u00e9es d&rsquo;\u00e9cole de votre enfant.<\/h3>\n<h3>Cet ensemble de chaise de table est robuste et durable.<\/h3>\n<h3>Le set de table d&rsquo;\u00e9tude a un design \u00e9l\u00e9gant, tendance et fonctionnel, ce qui en fait un compl\u00e9ment parfait \u00e0 votre collection de meubles.<\/h3>\n<h3>C&rsquo;est un m\u00e9lange parfait de qualit\u00e9, de valeur, d&rsquo;esth\u00e9tique et de fonctionnalit\u00e9.<\/h3>\n<h3>Les graphiques et les images soigneusement lamin\u00e9s dans la table et la chaise incluent le dessus de table, la t\u00eate du dessus, le si\u00e8ge de chaise et le dossier, t\u00eate de table, si\u00e8ge de chaise et dossier de chaise.<\/h3>\n<h3>Achetez cette table d&rsquo;\u00e9tude pour enfant en ligne sur ROWAYAD S\u00e9n\u00e9gal et faites vous livrer chez vous.<\/h3>\n<\/div>\n","protected":false},"excerpt":{"rendered":"<h2 class=\"hdr -upp -fs14 -m -pam\">Principales caract\u00e9ristiques<\/h2>\n<div class=\"markup -pam\">\n<ul>\n<li>Type : Table d\u2019\u00e9tude<\/li>\n<li>Mat\u00e9riau : M\u00e9tal, Bois<\/li>\n<li>Dimension 120 X60X75<\/li>\n<li>Mati\u00e8re : Bois et M\u00e9tal<\/li>\n<li>R\u00e9glable et ajustable Pr\u00e9voir ke montage<\/li>\n<li>Montage facile<\/li>\n<\/ul>\n<\/div>\n","protected":false},"featured_media":28600,"comment_status":"open","ping_status":"closed","template":"","meta":{"_joinchat":[]},"product_brand":[],"product_cat":[75],"product_tag":[],"class_list":{"0":"post-28599","1":"product","2":"type-product","3":"status-publish","4":"has-post-thumbnail","6":"product_cat-maison-bureau","8":"first","9":"instock","10":"sale","11":"shipping-taxable","12":"purchasable","13":"product-type-simple"},"jetpack_sharing_enabled":true,"_links":{"self":[{"href":"https:\/\/rowayad.com\/index.php\/wp-json\/wp\/v2\/product\/28599","targetHints":{"allow":["GET"]}}],"collection":[{"href":"https:\/\/rowayad.com\/index.php\/wp-json\/wp\/v2\/product"}],"about":[{"href":"https:\/\/rowayad.com\/index.php\/wp-json\/wp\/v2\/types\/product"}],"replies":[{"embeddable":true,"href":"https:\/\/rowayad.com\/index.php\/wp-json\/wp\/v2\/comments?post=28599"}],"version-history":[{"count":1,"href":"https:\/\/rowayad.com\/index.php\/wp-json\/wp\/v2\/product\/28599\/revisions"}],"predecessor-version":[{"id":28601,"href":"https:\/\/rowayad.com\/index.php\/wp-json\/wp\/v2\/product\/28599\/revisions\/28601"}],"wp:featuredmedia":[{"embeddable":true,"href":"https:\/\/rowayad.com\/index.php\/wp-json\/wp\/v2\/media\/28600"}],"wp:attachment":[{"href":"https:\/\/rowayad.com\/index.php\/wp-json\/wp\/v2\/media?parent=28599"}],"wp:term":[{"taxonomy":"product_brand","embeddable":true,"href":"https:\/\/rowayad.com\/index.php\/wp-json\/wp\/v2\/product_brand?post=28599"},{"taxonomy":"product_cat","embeddable":true,"href":"https:\/\/rowayad.com\/index.php\/wp-json\/wp\/v2\/product_cat?post=28599"},{"taxonomy":"product_tag","embeddable":true,"href":"https:\/\/rowayad.com\/index.php\/wp-json\/wp\/v2\/product_tag?post=28599"}],"curies":[{"name":"wp","href":"https:\/\/api.w.org\/{rel}","templated":true}]}}