{"id":28606,"date":"2026-02-27T12:13:05","date_gmt":"2026-02-27T12:13:05","guid":{"rendered":"https:\/\/rowayad.com\/?post_type=product&#038;p=28606"},"modified":"2026-04-11T12:01:32","modified_gmt":"2026-04-11T12:01:32","slug":"panier-fruit-et-legumes-multicolore","status":"publish","type":"product","link":"https:\/\/rowayad.com\/index.php\/produit\/panier-fruit-et-legumes-multicolore\/","title":{"rendered":"Panier fruit et l\u00e9gumes multicolore"},"content":{"rendered":"<header class=\"-pvs -bb\">\n<h2 class=\"-fs20 -m -phm -pvxs\">D\u00e9tails<\/h2>\n<\/header>\n<div class=\"markup -mhm -pvl -oxa -sc\">\n<p>Pour conserver et prot\u00e9ger vos fruits et l\u00e9gumes jeter un coup d\u2019\u0153il sur cette jolie corbeille \u00e0 fruit.\u00a0 Tr\u00e8s classe, fabriquer en fil de fer m\u00e9tallique tr\u00e8s r\u00e9sistant et dispose de couvercle pour apporter plus de s\u00e9curit\u00e9. Rendez votre table accueillante et bien pr\u00e9senter avec cette magnifique corbeille au design raffin\u00e9 et color\u00e9.<\/p>\n<p>Panier de fruits de l\u00e9gumes<\/p>\n<\/div>\n","protected":false},"excerpt":{"rendered":"<h2 class=\"hdr -upp -fs14 -m -pam\">Principales caract\u00e9ristiques<\/h2>\n<div class=\"markup -pam\">\n<p>Pour conserver et prot\u00e9ger vos fruits et l\u00e9gumes jeter un coup d\u2019\u0153il sur cette jolie corbeille \u00e0 fruit.\u00a0 Tr\u00e8s classe, fabriquer en fil de fer m\u00e9tallique tr\u00e8s r\u00e9sistant et dispose de couvercle pour apporter plus de s\u00e9curit\u00e9. Rendez votre table accueillante et bien pr\u00e9senter avec cette magnifique corbeille au design raffin\u00e9 et color\u00e9.<\/p>\n<\/div>\n","protected":false},"featured_media":28609,"comment_status":"open","ping_status":"closed","template":"","meta":{"_joinchat":[]},"product_brand":[],"product_cat":[75],"product_tag":[],"class_list":{"0":"post-28606","1":"product","2":"type-product","3":"status-publish","4":"has-post-thumbnail","6":"product_cat-maison-bureau","8":"first","9":"instock","10":"sale","11":"shipping-taxable","12":"purchasable","13":"product-type-simple"},"jetpack_sharing_enabled":true,"_links":{"self":[{"href":"https:\/\/rowayad.com\/index.php\/wp-json\/wp\/v2\/product\/28606","targetHints":{"allow":["GET"]}}],"collection":[{"href":"https:\/\/rowayad.com\/index.php\/wp-json\/wp\/v2\/product"}],"about":[{"href":"https:\/\/rowayad.com\/index.php\/wp-json\/wp\/v2\/types\/product"}],"replies":[{"embeddable":true,"href":"https:\/\/rowayad.com\/index.php\/wp-json\/wp\/v2\/comments?post=28606"}],"version-history":[{"count":1,"href":"https:\/\/rowayad.com\/index.php\/wp-json\/wp\/v2\/product\/28606\/revisions"}],"predecessor-version":[{"id":28613,"href":"https:\/\/rowayad.com\/index.php\/wp-json\/wp\/v2\/product\/28606\/revisions\/28613"}],"wp:featuredmedia":[{"embeddable":true,"href":"https:\/\/rowayad.com\/index.php\/wp-json\/wp\/v2\/media\/28609"}],"wp:attachment":[{"href":"https:\/\/rowayad.com\/index.php\/wp-json\/wp\/v2\/media?parent=28606"}],"wp:term":[{"taxonomy":"product_brand","embeddable":true,"href":"https:\/\/rowayad.com\/index.php\/wp-json\/wp\/v2\/product_brand?post=28606"},{"taxonomy":"product_cat","embeddable":true,"href":"https:\/\/rowayad.com\/index.php\/wp-json\/wp\/v2\/product_cat?post=28606"},{"taxonomy":"product_tag","embeddable":true,"href":"https:\/\/rowayad.com\/index.php\/wp-json\/wp\/v2\/product_tag?post=28606"}],"curies":[{"name":"wp","href":"https:\/\/api.w.org\/{rel}","templated":true}]}}