{"id":28614,"date":"2026-02-27T12:20:40","date_gmt":"2026-02-27T12:20:40","guid":{"rendered":"https:\/\/rowayad.com\/?post_type=product&#038;p=28614"},"modified":"2026-04-11T11:45:35","modified_gmt":"2026-04-11T11:45:35","slug":"machine-a-cafe-0-60-litres-inox-220-240v-50-60hz-650-w-noir","status":"publish","type":"product","link":"https:\/\/rowayad.com\/index.php\/produit\/machine-a-cafe-0-60-litres-inox-220-240v-50-60hz-650-w-noir\/","title":{"rendered":"Machine \u00e0 Caf\u00e9 0.60 litres Inox &#8211; 220-240V 50\/60Hz &#8211; 650 W &#8211; Noir"},"content":{"rendered":"<div class=\"card aim -mtm\">\n<div class=\"markup -mhm -pvl -oxa -sc\">\n<p>D\u00e9gustez un excellent caf\u00e9 gr\u00e2ce \u00e0 cette\u00a0<strong>cafeti\u00e8re fiable, \u00e0<\/strong> la conception astucieuse et compacte, permettant un rangement facile. Syst\u00e8me anti-gouttes stoppant la pr\u00e9paration du caf\u00e9 d\u00e8s que vous souhaitez vous verser une tasse de caf\u00e9. Tous les accessoires de cette cafeti\u00e8re Philips sont compatibles lave-vaisselle, pour un nettoyage facile et pratique. Le voyantindique que la machine \u00e0 caf\u00e9 Philips est allum\u00e9e. L&rsquo;indicateur du niveau d&rsquo;eaude la machine \u00e0 caf\u00e9 permet de remplir facilement le r\u00e9servoir d&rsquo;eau. Laverseuse de cette cafeti\u00e8re permet de pr\u00e9parer 1000m l de caf\u00e9, soit 10 \u00e0 15tasses, selon leur taille.D\u00e9gustez un excellent caf\u00e9 gr\u00e2ce \u00e0 cette <strong>cafeti\u00e8re fiable, \u00e0<\/strong> la conception astucieuse et compacte, permettant un rangement facile. Syst\u00e8meanti-gouttes stoppant la pr\u00e9paration du caf\u00e9 d\u00e8s que vous souhaitez vous verserune tasse de caf\u00e9. Tous les accessoires de cette cafeti\u00e8re Philips sontcompatibles lave-vaisselle, pour un nettoyage facile et pratique. Le voyantindique que la machine \u00e0 caf\u00e9 Philips est allum\u00e9e. L&rsquo;indicateur du niveau d&rsquo;eaude la machine \u00e0 caf\u00e9 permet de remplir facilement le r\u00e9servoir d&rsquo;eau. La verseuse de cette cafeti\u00e8re permet de pr\u00e9parer 1000m l de caf\u00e9, soit 10 \u00e0 15tasses, selon leur taille.<\/p>\n<\/div>\n<\/div>\n<section class=\"card aim -mtm -fs16\">\n<div id=\"specifications\" class=\"hook\"><\/div>\n<header class=\"-pvs -bb\"><\/header>\n<\/section>\n","protected":false},"excerpt":{"rendered":"<h2 class=\"hdr -upp -fs14 -m -pam\">Principales caract\u00e9ristiques<\/h2>\n<div class=\"markup -pam\">\n<ul>\n<li>\u00b7\u00a0\u00a0\u00a0\u00a0\u00a0\u00a0\u00a0\u00a0Cette cafeti\u00e8re fiable, \u00e0 la conception astucieuse et compacte,<\/li>\n<li>\u00b7\u00a0\u00a0\u00a0\u00a0\u00a0\u00a0\u00a0\u00a0Permettant un rangement facile<\/li>\n<li>\u00b7\u00a0\u00a0\u00a0\u00a0\u00a0\u00a0\u00a0\u00a0Puissance 1000Watts<\/li>\n<li>\u00b7\u00a0\u00a0\u00a0\u00a0\u00a0\u00a0\u00a0\u00a0Capacite 0,750litres<\/li>\n<li>\u00b7\u00a0\u00a0\u00a0\u00a0\u00a0\u00a0\u00a0\u00a0Poids 1,42kg<\/li>\n<li>\u00b7\u00a0\u00a0\u00a0\u00a0\u00a0\u00a0\u00a0\u00a0Acier inoxydable\/plastique<\/li>\n<li>\u00b7\u00a0\u00a0\u00a0\u00a0\u00a0\u00a0\u00a0\u00a0Dimensions 26,8&#215;23,8&#215;35,8cm<\/li>\n<\/ul>\n<\/div>\n","protected":false},"featured_media":28615,"comment_status":"open","ping_status":"closed","template":"","meta":{"_joinchat":[]},"product_brand":[],"product_cat":[74,75],"product_tag":[],"class_list":{"0":"post-28614","1":"product","2":"type-product","3":"status-publish","4":"has-post-thumbnail","6":"product_cat-electromenager","7":"product_cat-maison-bureau","9":"first","10":"instock","11":"sale","12":"shipping-taxable","13":"purchasable","14":"product-type-simple"},"jetpack_sharing_enabled":true,"_links":{"self":[{"href":"https:\/\/rowayad.com\/index.php\/wp-json\/wp\/v2\/product\/28614","targetHints":{"allow":["GET"]}}],"collection":[{"href":"https:\/\/rowayad.com\/index.php\/wp-json\/wp\/v2\/product"}],"about":[{"href":"https:\/\/rowayad.com\/index.php\/wp-json\/wp\/v2\/types\/product"}],"replies":[{"embeddable":true,"href":"https:\/\/rowayad.com\/index.php\/wp-json\/wp\/v2\/comments?post=28614"}],"version-history":[{"count":2,"href":"https:\/\/rowayad.com\/index.php\/wp-json\/wp\/v2\/product\/28614\/revisions"}],"predecessor-version":[{"id":29176,"href":"https:\/\/rowayad.com\/index.php\/wp-json\/wp\/v2\/product\/28614\/revisions\/29176"}],"wp:featuredmedia":[{"embeddable":true,"href":"https:\/\/rowayad.com\/index.php\/wp-json\/wp\/v2\/media\/28615"}],"wp:attachment":[{"href":"https:\/\/rowayad.com\/index.php\/wp-json\/wp\/v2\/media?parent=28614"}],"wp:term":[{"taxonomy":"product_brand","embeddable":true,"href":"https:\/\/rowayad.com\/index.php\/wp-json\/wp\/v2\/product_brand?post=28614"},{"taxonomy":"product_cat","embeddable":true,"href":"https:\/\/rowayad.com\/index.php\/wp-json\/wp\/v2\/product_cat?post=28614"},{"taxonomy":"product_tag","embeddable":true,"href":"https:\/\/rowayad.com\/index.php\/wp-json\/wp\/v2\/product_tag?post=28614"}],"curies":[{"name":"wp","href":"https:\/\/api.w.org\/{rel}","templated":true}]}}