{"id":28628,"date":"2026-02-27T12:37:54","date_gmt":"2026-02-27T12:37:54","guid":{"rendered":"https:\/\/rowayad.com\/?post_type=product&#038;p=28628"},"modified":"2026-04-11T11:36:00","modified_gmt":"2026-04-11T11:36:00","slug":"set-dhalteres-set-de-poids-ajustable-noir-20-kg-fonte-avec-une-mallette-noire-materiau-de-la-barre-acier-chrome","status":"publish","type":"product","link":"https:\/\/rowayad.com\/index.php\/produit\/set-dhalteres-set-de-poids-ajustable-noir-20-kg-fonte-avec-une-mallette-noire-materiau-de-la-barre-acier-chrome\/","title":{"rendered":"Set d&rsquo;Halt\u00e8res, Set de Poids Ajustable, Noir, 20 kg, Fonte, Avec une mallette noire, Mat\u00e9riau de la barre: Acier chrom\u00e9"},"content":{"rendered":"<header class=\"-pvs -bb\">\n<h2 class=\"-fs20 -m -phm -pvxs\">D\u00e9tails<\/h2>\n<\/header>\n<div class=\"markup -mhm -pvl -oxa -sc\">\n<p>Con\u00e7u pour la musculation \u00e0 la maison avec halt\u00e8res. Ce kit a \u00e9t\u00e9 d\u00e9velopp\u00e9 par nos coachs et notre \u00e9quipe de conception musculation.<br \/>\nId\u00e9al pour d\u00e9buter et r\u00e9aliser de nombreux exercices de musculation comme les biceps, les triceps, les delto\u00efdes et pectoraux. Facilit\u00e9 de pr\u00e9hension des disques \u00e0 partir de son \u00e9paulement.<\/p>\n<p>\u00c9conomisez de l&rsquo;espace et musclez-vous avec ce set d&rsquo;halt\u00e8res fitness. Ce set est l&rsquo;\u00e9quipement parfait pour une musculation compl\u00e8te du corps.<\/p>\n<p>Les poids chrom\u00e9s offrent un look moderne qui sera en harmonie avec votre salle de sport. Chacun de vos entra\u00eenements sera intensif et complet, gr\u00e2ce \u00e0 ces halt\u00e8res simples mais efficaces. Perdez du poids, dessinez vos muscles, et atteignez vos objectifs sportifs chez vous.<\/p>\n<\/div>\n","protected":false},"excerpt":{"rendered":"<h2 class=\"hdr -upp -fs14 -m -pam\">Principales caract\u00e9ristiques<\/h2>\n<div class=\"markup -pam\">\n<ul>\n<li>Mat\u00e9riau de la barre: Acier chrom\u00e9 Mat\u00e9riau de la poign\u00e9e : Caoutchouc naturel<\/li>\n<li>Total:\u00a0 20 kg<\/li>\n<\/ul>\n<\/div>\n","protected":false},"featured_media":28629,"comment_status":"open","ping_status":"closed","template":"","meta":{"_joinchat":[]},"product_brand":[],"product_cat":[73],"product_tag":[],"class_list":{"0":"post-28628","1":"product","2":"type-product","3":"status-publish","4":"has-post-thumbnail","6":"product_cat-sport","8":"first","9":"instock","10":"sale","11":"shipping-taxable","12":"purchasable","13":"product-type-simple"},"jetpack_sharing_enabled":true,"_links":{"self":[{"href":"https:\/\/rowayad.com\/index.php\/wp-json\/wp\/v2\/product\/28628","targetHints":{"allow":["GET"]}}],"collection":[{"href":"https:\/\/rowayad.com\/index.php\/wp-json\/wp\/v2\/product"}],"about":[{"href":"https:\/\/rowayad.com\/index.php\/wp-json\/wp\/v2\/types\/product"}],"replies":[{"embeddable":true,"href":"https:\/\/rowayad.com\/index.php\/wp-json\/wp\/v2\/comments?post=28628"}],"version-history":[{"count":2,"href":"https:\/\/rowayad.com\/index.php\/wp-json\/wp\/v2\/product\/28628\/revisions"}],"predecessor-version":[{"id":29175,"href":"https:\/\/rowayad.com\/index.php\/wp-json\/wp\/v2\/product\/28628\/revisions\/29175"}],"wp:featuredmedia":[{"embeddable":true,"href":"https:\/\/rowayad.com\/index.php\/wp-json\/wp\/v2\/media\/28629"}],"wp:attachment":[{"href":"https:\/\/rowayad.com\/index.php\/wp-json\/wp\/v2\/media?parent=28628"}],"wp:term":[{"taxonomy":"product_brand","embeddable":true,"href":"https:\/\/rowayad.com\/index.php\/wp-json\/wp\/v2\/product_brand?post=28628"},{"taxonomy":"product_cat","embeddable":true,"href":"https:\/\/rowayad.com\/index.php\/wp-json\/wp\/v2\/product_cat?post=28628"},{"taxonomy":"product_tag","embeddable":true,"href":"https:\/\/rowayad.com\/index.php\/wp-json\/wp\/v2\/product_tag?post=28628"}],"curies":[{"name":"wp","href":"https:\/\/api.w.org\/{rel}","templated":true}]}}