{"id":28637,"date":"2026-02-27T12:55:03","date_gmt":"2026-02-27T12:55:03","guid":{"rendered":"https:\/\/rowayad.com\/?post_type=product&#038;p=28637"},"modified":"2026-04-11T11:30:17","modified_gmt":"2026-04-11T11:30:17","slug":"support-bouteille-de-gaz-fontaine-pot-de-fleure-diametre-50-cm","status":"publish","type":"product","link":"https:\/\/rowayad.com\/index.php\/produit\/support-bouteille-de-gaz-fontaine-pot-de-fleure-diametre-50-cm\/","title":{"rendered":"Support Bouteille de Gaz &#8211; Fontaine &#8211; Pot de Fleure &#8211; Diam\u00e8tre 50 cm"},"content":{"rendered":"<header class=\"-pvs -bb\">\n<h2 class=\"-fs20 -m -phm -pvxs\">D\u00e9tails<\/h2>\n<\/header>\n<div class=\"markup -mhm -pvl -oxa -sc\">\n<p>Un outil utile\u202f: Il maintient l&rsquo;appareil \u00e0 distance du sol et prot\u00e8ge ainsi la machine \u00e0 laver contre la corrosion et la rouille.<\/p>\n<\/div>\n","protected":false},"excerpt":{"rendered":"<h2 class=\"hdr -upp -fs14 -m -pam\">Principales caract\u00e9ristiques<\/h2>\n<div class=\"markup -pam\">\n<ul>\n<li>Type de produit:\u00a0Support Frigo<\/li>\n<li>Mati\u00e8re\u202f: Plastique<\/li>\n<li>4 pieds en caoutchouc avec m\u00e9canisme de freinage \u00e9quip\u00e9, afin de bien fixer l&rsquo;appareil.<\/li>\n<li>\u00a0Tr\u00e8s facile \u00e0 monter\u202f\u00e0 utiliser<\/li>\n<li>Couleur: blanche<\/li>\n<\/ul>\n<\/div>\n","protected":false},"featured_media":28640,"comment_status":"open","ping_status":"closed","template":"","meta":{"_joinchat":[]},"product_brand":[],"product_cat":[20,75],"product_tag":[],"class_list":{"0":"post-28637","1":"product","2":"type-product","3":"status-publish","4":"has-post-thumbnail","6":"product_cat-accessoires","7":"product_cat-maison-bureau","9":"first","10":"instock","11":"sale","12":"shipping-taxable","13":"purchasable","14":"product-type-simple"},"jetpack_sharing_enabled":true,"_links":{"self":[{"href":"https:\/\/rowayad.com\/index.php\/wp-json\/wp\/v2\/product\/28637","targetHints":{"allow":["GET"]}}],"collection":[{"href":"https:\/\/rowayad.com\/index.php\/wp-json\/wp\/v2\/product"}],"about":[{"href":"https:\/\/rowayad.com\/index.php\/wp-json\/wp\/v2\/types\/product"}],"replies":[{"embeddable":true,"href":"https:\/\/rowayad.com\/index.php\/wp-json\/wp\/v2\/comments?post=28637"}],"version-history":[{"count":1,"href":"https:\/\/rowayad.com\/index.php\/wp-json\/wp\/v2\/product\/28637\/revisions"}],"predecessor-version":[{"id":28641,"href":"https:\/\/rowayad.com\/index.php\/wp-json\/wp\/v2\/product\/28637\/revisions\/28641"}],"wp:featuredmedia":[{"embeddable":true,"href":"https:\/\/rowayad.com\/index.php\/wp-json\/wp\/v2\/media\/28640"}],"wp:attachment":[{"href":"https:\/\/rowayad.com\/index.php\/wp-json\/wp\/v2\/media?parent=28637"}],"wp:term":[{"taxonomy":"product_brand","embeddable":true,"href":"https:\/\/rowayad.com\/index.php\/wp-json\/wp\/v2\/product_brand?post=28637"},{"taxonomy":"product_cat","embeddable":true,"href":"https:\/\/rowayad.com\/index.php\/wp-json\/wp\/v2\/product_cat?post=28637"},{"taxonomy":"product_tag","embeddable":true,"href":"https:\/\/rowayad.com\/index.php\/wp-json\/wp\/v2\/product_tag?post=28637"}],"curies":[{"name":"wp","href":"https:\/\/api.w.org\/{rel}","templated":true}]}}