{"id":28642,"date":"2026-02-27T13:23:29","date_gmt":"2026-02-27T13:23:29","guid":{"rendered":"https:\/\/rowayad.com\/?post_type=product&#038;p=28642"},"modified":"2026-04-11T11:29:13","modified_gmt":"2026-04-11T11:29:13","slug":"etagere-de-rangement-5-etages-carree","status":"publish","type":"product","link":"https:\/\/rowayad.com\/index.php\/produit\/etagere-de-rangement-5-etages-carree\/","title":{"rendered":"Etag\u00e8re de Rangement 5 \u00e9tages carr\u00e9e"},"content":{"rendered":"<header class=\"-pvs -bb\">\n<h2 class=\"-fs20 -m -phm -pvxs\">D\u00e9tails<\/h2>\n<\/header>\n<div class=\"markup -mhm -pvl -oxa -sc\">\n<p>Couleur Noire<\/p>\n<p>Mat\u00e9riau : acier au carbone<\/p>\n<ul class=\"a-unordered-list a-vertical a-spacing-mini\">\n<li>[Mat\u00e9riau de haute qualit\u00e9] &#8211; Le support de stockage de fruits et l\u00e9gumes est fabriqu\u00e9 en acier de haute qualit\u00e9, qui est anti-corrosion, imperm\u00e9able et antirouille. Le chariot de stockage peut supporter une capacit\u00e9 de charge totale jusqu&rsquo;\u00e0 200 lb.<\/li>\n<li>[Rotation \u00e0 360 \u00b0 et verrouillable] &#8211; Le chariot tourne librement \u00e0 360 \u00b0 avec 4 rouleaux universels verrouillables en bas, pas de coins sanitaires et protection des enfants.<\/li>\n<li>[Facile \u00e0 assembler] &#8211; Support de stockage de fruits et l\u00e9gumes int\u00e9gr\u00e9, vous pouvez installer les roues selon vos besoins, l&rsquo;installation est tr\u00e8s simple et \u00e9quip\u00e9e d&rsquo;une petite cl\u00e9.<\/li>\n<li>[Utilisations polyvalentes] &#8211; Ce chariot de rangement roulant peut \u00eatre utilis\u00e9 n&rsquo;importe o\u00f9 dans la maison.\u00a0Vous pouvez mettre tout ce que vous voulez.<\/li>\n<li>[Chariots de service] &#8211; Conception de panier rotatif, il organisera et transportera vos affaires de mani\u00e8re pratique, vous aurez une maison propre et bien rang\u00e9e.<\/li>\n<\/ul>\n<\/div>\n","protected":false},"excerpt":{"rendered":"<h2 class=\"hdr -upp -fs14 -m -pam\">Principales caract\u00e9ristiques<\/h2>\n<div class=\"markup -pam\">\n<ul>\n<li>Couleur Noire<\/li>\n<li>Mat\u00e9riau: acier au carbone<\/li>\n<li>Taille: 125 x 60 x 35 cm<\/li>\n<li>Dispose de roues<\/li>\n<li>Durable et stable<\/li>\n<\/ul>\n<\/div>\n","protected":false},"featured_media":28644,"comment_status":"open","ping_status":"closed","template":"","meta":{"_joinchat":[]},"product_brand":[],"product_cat":[75],"product_tag":[],"class_list":{"0":"post-28642","1":"product","2":"type-product","3":"status-publish","4":"has-post-thumbnail","6":"product_cat-maison-bureau","8":"first","9":"instock","10":"sale","11":"shipping-taxable","12":"purchasable","13":"product-type-simple"},"jetpack_sharing_enabled":true,"_links":{"self":[{"href":"https:\/\/rowayad.com\/index.php\/wp-json\/wp\/v2\/product\/28642","targetHints":{"allow":["GET"]}}],"collection":[{"href":"https:\/\/rowayad.com\/index.php\/wp-json\/wp\/v2\/product"}],"about":[{"href":"https:\/\/rowayad.com\/index.php\/wp-json\/wp\/v2\/types\/product"}],"replies":[{"embeddable":true,"href":"https:\/\/rowayad.com\/index.php\/wp-json\/wp\/v2\/comments?post=28642"}],"version-history":[{"count":1,"href":"https:\/\/rowayad.com\/index.php\/wp-json\/wp\/v2\/product\/28642\/revisions"}],"predecessor-version":[{"id":28647,"href":"https:\/\/rowayad.com\/index.php\/wp-json\/wp\/v2\/product\/28642\/revisions\/28647"}],"wp:featuredmedia":[{"embeddable":true,"href":"https:\/\/rowayad.com\/index.php\/wp-json\/wp\/v2\/media\/28644"}],"wp:attachment":[{"href":"https:\/\/rowayad.com\/index.php\/wp-json\/wp\/v2\/media?parent=28642"}],"wp:term":[{"taxonomy":"product_brand","embeddable":true,"href":"https:\/\/rowayad.com\/index.php\/wp-json\/wp\/v2\/product_brand?post=28642"},{"taxonomy":"product_cat","embeddable":true,"href":"https:\/\/rowayad.com\/index.php\/wp-json\/wp\/v2\/product_cat?post=28642"},{"taxonomy":"product_tag","embeddable":true,"href":"https:\/\/rowayad.com\/index.php\/wp-json\/wp\/v2\/product_tag?post=28642"}],"curies":[{"name":"wp","href":"https:\/\/api.w.org\/{rel}","templated":true}]}}