{"id":28655,"date":"2026-02-27T13:40:34","date_gmt":"2026-02-27T13:40:34","guid":{"rendered":"https:\/\/rowayad.com\/?post_type=product&#038;p=28655"},"modified":"2026-04-10T19:24:03","modified_gmt":"2026-04-10T19:24:03","slug":"etagere-de-salle-de-bain-rangement-de-coin-entre-la-baignoire-et-le-toit-blanc","status":"publish","type":"product","link":"https:\/\/rowayad.com\/index.php\/produit\/etagere-de-salle-de-bain-rangement-de-coin-entre-la-baignoire-et-le-toit-blanc\/","title":{"rendered":"Etag\u00e8re de Salle de Bain, Rangement de coin, entre la baignoire et le toit &#8211; Blanc"},"content":{"rendered":"<header class=\"-pvs -bb\">\n<h2 class=\"-fs20 -m -phm -pvxs\">D\u00e9tails<\/h2>\n<\/header>\n<div class=\"markup -mhm -pvl -oxa -sc\">\n<p>1. Pas de perforation, chaque disque net a un garde-corps ind\u00e9pendant, pas besoin de s&rsquo;inqui\u00e9ter de la chute d&rsquo;objets de haute altitude ;<\/p>\n<p>2. Il peut \u00eatre plac\u00e9 dans n&rsquo;importe quel coin, et la hauteur peut \u00eatre ajust\u00e9e librement pour \u00e9conomiser de l&rsquo;espace ;<\/p>\n<p>3. La rotation, la direction et la hauteur du porte-serviettes \u00e0 360 degr\u00e9s peuvent \u00eatre ajust\u00e9es arbitrairement ;<\/p>\n<p>4. Peut \u00eatre utilis\u00e9 dans les cuisines, les toilettes, les salles de bains et autres endroits ;<\/p>\n<p>5. Les param\u00e8tres de base du produit:<\/p>\n<p>-Crochet et support pour serviette pratiques<\/p>\n<p>-Ordinateur tablette avec trou de vidange int\u00e9gr\u00e9 et porte-serviettes<\/p>\n<\/div>\n","protected":false},"excerpt":{"rendered":"<h2 class=\"hdr -upp -fs14 -m -pam\">Principales caract\u00e9ristiques<\/h2>\n<div class=\"markup -pam\">\n<ul>\n<li>Sp\u00e9cifications :<\/li>\n<li>Mat\u00e9riel: acier \u00e0 haute teneur en carbone + 304 acier inoxydable<\/li>\n<li>Couleur: argent<\/li>\n<li>Taille: diam\u00e8tre de tuyau : 22.3mm, \u00e9paisseur : 0.6mm<\/li>\n<li>Hauteur Applicable de l&rsquo;\u00e9tag\u00e8re : 1.65m-1.2m<\/li>\n<\/ul>\n<\/div>\n","protected":false},"featured_media":28657,"comment_status":"open","ping_status":"closed","template":"","meta":{"_joinchat":[]},"product_brand":[],"product_cat":[20,75],"product_tag":[],"class_list":{"0":"post-28655","1":"product","2":"type-product","3":"status-publish","4":"has-post-thumbnail","6":"product_cat-accessoires","7":"product_cat-maison-bureau","9":"first","10":"instock","11":"sale","12":"shipping-taxable","13":"purchasable","14":"product-type-simple"},"jetpack_sharing_enabled":true,"_links":{"self":[{"href":"https:\/\/rowayad.com\/index.php\/wp-json\/wp\/v2\/product\/28655","targetHints":{"allow":["GET"]}}],"collection":[{"href":"https:\/\/rowayad.com\/index.php\/wp-json\/wp\/v2\/product"}],"about":[{"href":"https:\/\/rowayad.com\/index.php\/wp-json\/wp\/v2\/types\/product"}],"replies":[{"embeddable":true,"href":"https:\/\/rowayad.com\/index.php\/wp-json\/wp\/v2\/comments?post=28655"}],"version-history":[{"count":1,"href":"https:\/\/rowayad.com\/index.php\/wp-json\/wp\/v2\/product\/28655\/revisions"}],"predecessor-version":[{"id":28663,"href":"https:\/\/rowayad.com\/index.php\/wp-json\/wp\/v2\/product\/28655\/revisions\/28663"}],"wp:featuredmedia":[{"embeddable":true,"href":"https:\/\/rowayad.com\/index.php\/wp-json\/wp\/v2\/media\/28657"}],"wp:attachment":[{"href":"https:\/\/rowayad.com\/index.php\/wp-json\/wp\/v2\/media?parent=28655"}],"wp:term":[{"taxonomy":"product_brand","embeddable":true,"href":"https:\/\/rowayad.com\/index.php\/wp-json\/wp\/v2\/product_brand?post=28655"},{"taxonomy":"product_cat","embeddable":true,"href":"https:\/\/rowayad.com\/index.php\/wp-json\/wp\/v2\/product_cat?post=28655"},{"taxonomy":"product_tag","embeddable":true,"href":"https:\/\/rowayad.com\/index.php\/wp-json\/wp\/v2\/product_tag?post=28655"}],"curies":[{"name":"wp","href":"https:\/\/api.w.org\/{rel}","templated":true}]}}