{"id":28675,"date":"2026-02-27T15:22:56","date_gmt":"2026-02-27T15:22:56","guid":{"rendered":"https:\/\/rowayad.com\/?post_type=product&#038;p=28675"},"modified":"2026-04-18T13:05:47","modified_gmt":"2026-04-18T13:05:47","slug":"ensemble-de-couteaux-avec-bloc-presentoir","status":"publish","type":"product","link":"https:\/\/rowayad.com\/index.php\/produit\/ensemble-de-couteaux-avec-bloc-presentoir\/","title":{"rendered":"Ensemble de couteaux avec bloc pr\u00e9sentoir"},"content":{"rendered":"<header class=\"-pvs -bb\">\n<h2 class=\"-fs20 -m -phm -pvxs\">D\u00e9tails<\/h2>\n<\/header>\n<div class=\"markup -mhm -pvl -oxa -sc\">Les repas informels n\u00e9cessitent toujours une vaisselle, des couteaux et des ustensiles de bonne qualit\u00e9. C&rsquo;est pourquoi la gamme est dot\u00e9e de lames en acier\u00a0dont la forme et l&rsquo;\u00e9paisseur garantissent la durabilit\u00e9 tout en pr\u00e9venant les d\u00e9formations.<\/div>\n","protected":false},"excerpt":{"rendered":"<h2 class=\"hdr -upp -fs14 -m -pam\">Principales caract\u00e9ristiques<\/h2>\n<div class=\"markup -pam\">\n<p>1.\u00a0\u00a0\u00a0\u00a0\u00a0\u00a0 Ces couteaux ont des poign\u00e9es attrayantes qui non seulement ont l&rsquo;air bien mais sont faciles \u00e0 saisir pendant la coupe.<\/p>\n<p>2.\u00a0\u00a0\u00a0\u00a0\u00a0\u00a0 La finition de surface de ces couteaux les emp\u00eache \u00e9galement de se corroder avec le temps.<\/p>\n<p>3.\u00a0\u00a0\u00a0\u00a0\u00a0\u00a0 L&rsquo;ensemble de couteaux permet de couper facilement les choses avec le moins d&rsquo;effort.<\/p>\n<p>4.\u00a0\u00a0\u00a0\u00a0\u00a0\u00a0 Ces couteaux ont \u00e9t\u00e9 fournis en diff\u00e9rentes tailles, chacune pouvant \u00eatre utilis\u00e9e pour couper des aliments sp\u00e9cifiques.<\/p>\n<p>5.\u00a0\u00a0\u00a0\u00a0\u00a0\u00a0 Ils ont \u00e9galement des dentelures haute d\u00e9finition<\/p>\n<\/div>\n","protected":false},"featured_media":28676,"comment_status":"open","ping_status":"closed","template":"","meta":{"_joinchat":[]},"product_brand":[],"product_cat":[20,75],"product_tag":[],"class_list":{"0":"post-28675","1":"product","2":"type-product","3":"status-publish","4":"has-post-thumbnail","6":"product_cat-accessoires","7":"product_cat-maison-bureau","9":"first","10":"instock","11":"sale","12":"shipping-taxable","13":"purchasable","14":"product-type-simple"},"jetpack_sharing_enabled":true,"_links":{"self":[{"href":"https:\/\/rowayad.com\/index.php\/wp-json\/wp\/v2\/product\/28675","targetHints":{"allow":["GET"]}}],"collection":[{"href":"https:\/\/rowayad.com\/index.php\/wp-json\/wp\/v2\/product"}],"about":[{"href":"https:\/\/rowayad.com\/index.php\/wp-json\/wp\/v2\/types\/product"}],"replies":[{"embeddable":true,"href":"https:\/\/rowayad.com\/index.php\/wp-json\/wp\/v2\/comments?post=28675"}],"version-history":[{"count":1,"href":"https:\/\/rowayad.com\/index.php\/wp-json\/wp\/v2\/product\/28675\/revisions"}],"predecessor-version":[{"id":28678,"href":"https:\/\/rowayad.com\/index.php\/wp-json\/wp\/v2\/product\/28675\/revisions\/28678"}],"wp:featuredmedia":[{"embeddable":true,"href":"https:\/\/rowayad.com\/index.php\/wp-json\/wp\/v2\/media\/28676"}],"wp:attachment":[{"href":"https:\/\/rowayad.com\/index.php\/wp-json\/wp\/v2\/media?parent=28675"}],"wp:term":[{"taxonomy":"product_brand","embeddable":true,"href":"https:\/\/rowayad.com\/index.php\/wp-json\/wp\/v2\/product_brand?post=28675"},{"taxonomy":"product_cat","embeddable":true,"href":"https:\/\/rowayad.com\/index.php\/wp-json\/wp\/v2\/product_cat?post=28675"},{"taxonomy":"product_tag","embeddable":true,"href":"https:\/\/rowayad.com\/index.php\/wp-json\/wp\/v2\/product_tag?post=28675"}],"curies":[{"name":"wp","href":"https:\/\/api.w.org\/{rel}","templated":true}]}}