{"id":28679,"date":"2026-02-27T15:27:04","date_gmt":"2026-02-27T15:27:04","guid":{"rendered":"https:\/\/rowayad.com\/?post_type=product&#038;p=28679"},"modified":"2026-04-10T19:01:06","modified_gmt":"2026-04-10T19:01:06","slug":"protege-matelas-epais-matelasse-drap-housse-antiderapant-avec-poche-profonde-jusqua-305-cm-silencieux-hypoallergenique","status":"publish","type":"product","link":"https:\/\/rowayad.com\/index.php\/produit\/protege-matelas-epais-matelasse-drap-housse-antiderapant-avec-poche-profonde-jusqua-305-cm-silencieux-hypoallergenique\/","title":{"rendered":"Prot\u00e8ge-matelas \u00e9pais matelass\u00e9, drap-housse antid\u00e9rapant avec poche profonde jusqu&rsquo;\u00e0 30,5 cm, silencieux, hypoallerg\u00e9nique"},"content":{"rendered":"<header class=\"-pvs -bb\">\n<h2 class=\"-fs20 -m -phm -pvxs\">D\u00e9tails<\/h2>\n<\/header>\n<div class=\"markup -mhm -pvl -oxa -sc\">\n<ul>\n<li>100 % imperm\u00e9able : la membrane respirante en polyur\u00e9thane est matelass\u00e9e \u00e0 l&rsquo;int\u00e9rieur, rend le prot\u00e8ge-matelas plus durable \u00e0 laver, et prot\u00e8ge votre matelas co\u00fbteux contre les liquides, les d\u00e9versements, la sueur et l&rsquo;urine, prolonge la dur\u00e9e de vie du matelas.<\/li>\n<li>Sensation non plastique et bon sommeil avec surface et dos en microfibre douce, pas de sensation de plastique sur notre prot\u00e8ge-matelas matelass\u00e9 Ajoutez beaucoup de confort \u00e0 votre matelas avec un rembourrage suppl\u00e9mentaire et rendez votre sommeil plus agr\u00e9able.<\/li>\n<\/ul>\n<\/div>\n","protected":false},"excerpt":{"rendered":"<h2 class=\"hdr -upp -fs14 -m -pam\">Principales caract\u00e9ristiques<\/h2>\n<div class=\"markup -pam\">\n<ul>\n<li>Silencieux : son tissu doux assure un sommeil confortable sans bruit de froissement et vous permet de vous enfoncer dans le matelas pour un sommeil profond. La couche rembourr\u00e9e permet de passer l&rsquo;air \u00e0 travers et de garder le matelas frais et offre un confort sup\u00e9rieur \u00e0 votre peau d\u00e9licate.<\/li>\n<li>Con\u00e7u pour tous les matelas d&rsquo;une profondeur de 28 cm, non seulement pour les matelas plus profonds mais aussi pour les matelas normaux car la jupe est extensible. Ne glisse pas et ne glisse pas, mais maintient une forte adh\u00e9rence sur le matelas.<\/li>\n<li>Durable et facile d&rsquo;entretien : la housse de matelas matelass\u00e9e imperm\u00e9able peut r\u00e9sister \u00e0 des centaines de lavages. Il suffit de le mettre dans la machine \u00e0 laver ou le s\u00e8che-linge et d&rsquo;avoir votre tranquillit\u00e9 d&rsquo;esprit.<\/li>\n<\/ul>\n<\/div>\n","protected":false},"featured_media":28680,"comment_status":"open","ping_status":"closed","template":"","meta":{"_joinchat":[]},"product_brand":[],"product_cat":[20,75],"product_tag":[],"class_list":{"0":"post-28679","1":"product","2":"type-product","3":"status-publish","4":"has-post-thumbnail","6":"product_cat-accessoires","7":"product_cat-maison-bureau","9":"first","10":"instock","11":"sale","12":"shipping-taxable","13":"purchasable","14":"product-type-simple"},"jetpack_sharing_enabled":true,"_links":{"self":[{"href":"https:\/\/rowayad.com\/index.php\/wp-json\/wp\/v2\/product\/28679","targetHints":{"allow":["GET"]}}],"collection":[{"href":"https:\/\/rowayad.com\/index.php\/wp-json\/wp\/v2\/product"}],"about":[{"href":"https:\/\/rowayad.com\/index.php\/wp-json\/wp\/v2\/types\/product"}],"replies":[{"embeddable":true,"href":"https:\/\/rowayad.com\/index.php\/wp-json\/wp\/v2\/comments?post=28679"}],"version-history":[{"count":1,"href":"https:\/\/rowayad.com\/index.php\/wp-json\/wp\/v2\/product\/28679\/revisions"}],"predecessor-version":[{"id":28681,"href":"https:\/\/rowayad.com\/index.php\/wp-json\/wp\/v2\/product\/28679\/revisions\/28681"}],"wp:featuredmedia":[{"embeddable":true,"href":"https:\/\/rowayad.com\/index.php\/wp-json\/wp\/v2\/media\/28680"}],"wp:attachment":[{"href":"https:\/\/rowayad.com\/index.php\/wp-json\/wp\/v2\/media?parent=28679"}],"wp:term":[{"taxonomy":"product_brand","embeddable":true,"href":"https:\/\/rowayad.com\/index.php\/wp-json\/wp\/v2\/product_brand?post=28679"},{"taxonomy":"product_cat","embeddable":true,"href":"https:\/\/rowayad.com\/index.php\/wp-json\/wp\/v2\/product_cat?post=28679"},{"taxonomy":"product_tag","embeddable":true,"href":"https:\/\/rowayad.com\/index.php\/wp-json\/wp\/v2\/product_tag?post=28679"}],"curies":[{"name":"wp","href":"https:\/\/api.w.org\/{rel}","templated":true}]}}