{"id":28685,"date":"2026-02-27T15:41:26","date_gmt":"2026-02-27T15:41:26","guid":{"rendered":"https:\/\/rowayad.com\/?post_type=product&#038;p=28685"},"modified":"2026-04-10T18:57:52","modified_gmt":"2026-04-10T18:57:52","slug":"armoire-a-chaussures-couleur-rose-150x60x31-cm","status":"publish","type":"product","link":"https:\/\/rowayad.com\/index.php\/produit\/armoire-a-chaussures-couleur-rose-150x60x31-cm\/","title":{"rendered":"Armoire a chaussures couleur Rose 150X60X31 CM"},"content":{"rendered":"<header class=\"-pvs -bb\">\n<h2 class=\"-fs20 -m -phm -pvxs\">D\u00e9tails<\/h2>\n<\/header>\n<div class=\"markup -mhm -pvl -oxa -sc\">*\u00c9tag\u00e8res et tiroirs \u00e9cologiques en plastique sans substances chimiques. Contrairement aux armoires classiques, notre produit est con\u00e7u pour utiliser le moins d&rsquo;espace possible, \u00e9tant facile \u00e0 ranger selon les besoins. Mat\u00e9riaux haut de gamme. Les modules sont constitu\u00e9s d&rsquo;un cadre en acier envelopp\u00e9 de plastique. Une seule \u00e9tag\u00e8re supportant un poids maximum de 15 kg, en plastique PP. La feuille est r\u00e9sistante \u00e0 l&rsquo;eau, anti-moisissure, anti-poussi\u00e8re, antibact\u00e9rienne et \u00e9cologique.<br \/>\nFacile \u00e0 nettoyer et \u00e0 entretenir. Le tiroir de la cabine r\u00e9siste \u00e0 l&rsquo;eau et \u00e0 la poussi\u00e8re. Les trous des portes pliantes des coffres sont con\u00e7us pour \u00e9viter la formation d&rsquo;odeurs.Facile \u00e0 nettoyer au contact de l&rsquo;eau et des projections de liquides, ne n\u00e9cessitant qu&rsquo;un chiffon humide.<\/div>\n","protected":false},"excerpt":{"rendered":"<h2 class=\"hdr -upp -fs14 -m -pam\">Principales caract\u00e9ristiques<\/h2>\n<div class=\"markup -pam\">\n<ul>\n<li>Emplacement: \u00e9conomique<\/li>\n<li>Poitrine type : adulte garde-robe<\/li>\n<li>Poids brut: 10kg<\/li>\n<li>Dimension : 150x60x31 cm<\/li>\n<li>Mati\u00e8re: Plastique<\/li>\n<\/ul>\n<\/div>\n","protected":false},"featured_media":28686,"comment_status":"open","ping_status":"closed","template":"","meta":{"_joinchat":[]},"product_brand":[],"product_cat":[75],"product_tag":[],"class_list":{"0":"post-28685","1":"product","2":"type-product","3":"status-publish","4":"has-post-thumbnail","6":"product_cat-maison-bureau","8":"first","9":"instock","10":"sale","11":"shipping-taxable","12":"purchasable","13":"product-type-simple"},"jetpack_sharing_enabled":true,"_links":{"self":[{"href":"https:\/\/rowayad.com\/index.php\/wp-json\/wp\/v2\/product\/28685","targetHints":{"allow":["GET"]}}],"collection":[{"href":"https:\/\/rowayad.com\/index.php\/wp-json\/wp\/v2\/product"}],"about":[{"href":"https:\/\/rowayad.com\/index.php\/wp-json\/wp\/v2\/types\/product"}],"replies":[{"embeddable":true,"href":"https:\/\/rowayad.com\/index.php\/wp-json\/wp\/v2\/comments?post=28685"}],"version-history":[{"count":1,"href":"https:\/\/rowayad.com\/index.php\/wp-json\/wp\/v2\/product\/28685\/revisions"}],"predecessor-version":[{"id":28689,"href":"https:\/\/rowayad.com\/index.php\/wp-json\/wp\/v2\/product\/28685\/revisions\/28689"}],"wp:featuredmedia":[{"embeddable":true,"href":"https:\/\/rowayad.com\/index.php\/wp-json\/wp\/v2\/media\/28686"}],"wp:attachment":[{"href":"https:\/\/rowayad.com\/index.php\/wp-json\/wp\/v2\/media?parent=28685"}],"wp:term":[{"taxonomy":"product_brand","embeddable":true,"href":"https:\/\/rowayad.com\/index.php\/wp-json\/wp\/v2\/product_brand?post=28685"},{"taxonomy":"product_cat","embeddable":true,"href":"https:\/\/rowayad.com\/index.php\/wp-json\/wp\/v2\/product_cat?post=28685"},{"taxonomy":"product_tag","embeddable":true,"href":"https:\/\/rowayad.com\/index.php\/wp-json\/wp\/v2\/product_tag?post=28685"}],"curies":[{"name":"wp","href":"https:\/\/api.w.org\/{rel}","templated":true}]}}