{"id":28690,"date":"2026-02-27T15:51:11","date_gmt":"2026-02-27T15:51:11","guid":{"rendered":"https:\/\/rowayad.com\/?post_type=product&#038;p=28690"},"modified":"2026-04-10T18:54:49","modified_gmt":"2026-04-10T18:54:49","slug":"poignees-reglables-pour-exercices-de-musculation-des-mains-et-avant-bras-10-40-kg","status":"publish","type":"product","link":"https:\/\/rowayad.com\/index.php\/produit\/poignees-reglables-pour-exercices-de-musculation-des-mains-et-avant-bras-10-40-kg\/","title":{"rendered":"Poign\u00e9es r\u00e9glables pour exercices de musculation des mains et avant-bras 10-40 Kg"},"content":{"rendered":"<header class=\"-pvs -bb\">\n<h2 class=\"-fs20 -m -phm -pvxs\">D\u00e9tails<\/h2>\n<\/header>\n<div class=\"markup -mhm -pvl -oxa -sc\">\n<p><b>P\u00e9dalier\u00a0<\/b>r\u00e9glable fonctionne tous les muscles dans les doigts, les mains et les avant-bras.<\/p>\n<p>Convient \u00e0 toutes les capacit\u00e9s en tant que la r\u00e9sistance peut \u00eatre facilement ajust\u00e9s entre 10-40 kg augmenter la r\u00e9sistance de votre force se d\u00e9veloppe.<\/p>\n<p>Excellent pour am\u00e9liorer la force de pr\u00e9hension, de la part de l&rsquo;endurance, la dext\u00e9rit\u00e9,\u00a0<b>tonus musculaire<\/b>\u00a0et la motricit\u00e9 fine et brut.<\/p>\n<p>Facile \u00e0 nettoyer et \u00e0 ranger: l\u00e9ger, le design de la poign\u00e9e rend id\u00e9ale \u00e0 pop dans votre sac pour une utilisation tout en dehors et environ. Portable et facile \u00e0 installer dans un sac ou une poche.<\/p>\n<\/div>\n","protected":false},"excerpt":{"rendered":"<h2 class=\"hdr -upp -fs14 -m -pam\">Principales caract\u00e9ristiques<\/h2>\n<div class=\"markup -pam\">\n<ul>\n<li><\/li>\n<li>mat\u00e9riel: plastique + m\u00e9tal<\/li>\n<li><\/li>\n<li>Plage r\u00e9glable de 10 \u00e0 40 kg, 5 \u00e0 50 kg, vous pouvez r\u00e9gler la tension de force.<\/li>\n<li>Un excellent outil d&rsquo;entra\u00eenement qui renforce vos mains, poignets et avant-bras.<\/li>\n<li>Petit, exquis, l\u00e9ger et portable, vous pouvez le transporter avec vous pour faire de l&rsquo;exercice \u00e0 tout moment.<\/li>\n<li>Convient pour les personnes \u00e2g\u00e9es, le bureau et les amateurs de sport.<\/li>\n<\/ul>\n<\/div>\n","protected":false},"featured_media":28692,"comment_status":"open","ping_status":"closed","template":"","meta":{"_joinchat":[]},"product_brand":[],"product_cat":[73],"product_tag":[],"class_list":{"0":"post-28690","1":"product","2":"type-product","3":"status-publish","4":"has-post-thumbnail","6":"product_cat-sport","8":"first","9":"instock","10":"shipping-taxable","11":"product-type-simple"},"jetpack_sharing_enabled":true,"_links":{"self":[{"href":"https:\/\/rowayad.com\/index.php\/wp-json\/wp\/v2\/product\/28690","targetHints":{"allow":["GET"]}}],"collection":[{"href":"https:\/\/rowayad.com\/index.php\/wp-json\/wp\/v2\/product"}],"about":[{"href":"https:\/\/rowayad.com\/index.php\/wp-json\/wp\/v2\/types\/product"}],"replies":[{"embeddable":true,"href":"https:\/\/rowayad.com\/index.php\/wp-json\/wp\/v2\/comments?post=28690"}],"version-history":[{"count":1,"href":"https:\/\/rowayad.com\/index.php\/wp-json\/wp\/v2\/product\/28690\/revisions"}],"predecessor-version":[{"id":28696,"href":"https:\/\/rowayad.com\/index.php\/wp-json\/wp\/v2\/product\/28690\/revisions\/28696"}],"wp:featuredmedia":[{"embeddable":true,"href":"https:\/\/rowayad.com\/index.php\/wp-json\/wp\/v2\/media\/28692"}],"wp:attachment":[{"href":"https:\/\/rowayad.com\/index.php\/wp-json\/wp\/v2\/media?parent=28690"}],"wp:term":[{"taxonomy":"product_brand","embeddable":true,"href":"https:\/\/rowayad.com\/index.php\/wp-json\/wp\/v2\/product_brand?post=28690"},{"taxonomy":"product_cat","embeddable":true,"href":"https:\/\/rowayad.com\/index.php\/wp-json\/wp\/v2\/product_cat?post=28690"},{"taxonomy":"product_tag","embeddable":true,"href":"https:\/\/rowayad.com\/index.php\/wp-json\/wp\/v2\/product_tag?post=28690"}],"curies":[{"name":"wp","href":"https:\/\/api.w.org\/{rel}","templated":true}]}}