{"id":28697,"date":"2026-02-27T16:05:54","date_gmt":"2026-02-27T16:05:54","guid":{"rendered":"https:\/\/rowayad.com\/?post_type=product&#038;p=28697"},"modified":"2026-04-10T18:52:28","modified_gmt":"2026-04-10T18:52:28","slug":"standard-fer-a-repasser-vapeur","status":"publish","type":"product","link":"https:\/\/rowayad.com\/index.php\/produit\/standard-fer-a-repasser-vapeur\/","title":{"rendered":"Standard Fer \u00e0 repasser vapeur"},"content":{"rendered":"<header class=\"-pvs -bb\">\n<h2 class=\"-fs20 -m -phm -pvxs\">D\u00e9tails<\/h2>\n<\/header>\n<div class=\"markup -mhm -pvl -oxa -sc\">\n<p>Ce fer \u00e0 vapeur chauffera rapidement en 30 secondes et fournira une sortie de vapeur puissante, et un taux de vapeur \u00e9lev\u00e9 peut \u00e9liminer facilement les plis des v\u00eatements et rendre vos v\u00eatements lisses et bien press\u00e9s, montrant votre \u00e9l\u00e9gance.<br \/>\nAvec 3 r\u00e9glages de vapeur, vous pouvez ajuster la sortie de vapeur en fonction de vos besoins en tournant le bouton du cuiseur vapeur, et ce fer \u00e0 repasser pour v\u00eatements est parfait pour repasser le coton, le lin, la soie, la laine, nylon, polyester, t-shirts, chemisiers, jeans et robes. Le syst\u00e8me Anti-goutte emp\u00eache les fuites d&rsquo;eau \u00e0 tout r\u00e9glage de temp\u00e9rature pour \u00e9liminer les gouttes ind\u00e9sirables.<br \/>\nVoici un fer \u00e0 vapeur qui offre une production de vapeur prolong\u00e9e avec un glissement facile sur tous les tissus. Le contr\u00f4le automatique de la vapeur donne \u00e0 chaque glissement la vapeur appropri\u00e9e.<br \/>\nPoids optimal Pour une maniabilit\u00e9 totale, le fer a un poids optimal \u00e0 manipuler sur n&rsquo;importe quel v\u00eatement, simplifiant le repassage et vous permettant de basculer facilement entre les positions \u00e0 plat et au talon.<br \/>\nVisibilit\u00e9 optimale\u00a0La pointe de ce fer vapeur est ultra-pr\u00e9cise gr\u00e2ce aux 3 \u00e9l\u00e9ments suivants : une pointe effil\u00e9e, une semelle antiadh\u00e9sive et une forme ergonomique. La pointe Triple Pr\u00e9cision permet de repasser les zones d&rsquo;acc\u00e8s les plus difficiles : autour des boutons ou des cols par exemple.<br \/>\nSyst\u00e8me anti-calcaire Quick Calc Release Repassage en toute s\u00e9curit\u00e9 avec le syst\u00e8me anti-calcaire Quick Calc Release pour une production de vapeur prolong\u00e9e. Enlevez r\u00e9guli\u00e8rement le calcaire de votre fer pour une production de vapeur prolong\u00e9e et un repassage plus efficace. Notre syst\u00e8me anti-calcaire Quick Calc Release rend l&rsquo;\u00e9limination des particules de calcaire aussi simple que de vider l&rsquo;eau apr\u00e8s chaque s\u00e9ance de repassage.<\/p>\n<\/div>\n","protected":false},"excerpt":{"rendered":"<h2 class=\"hdr -upp -fs14 -m -pam\">Principales caract\u00e9ristiques<\/h2>\n<div class=\"markup -pam\">\n<ul>\n<li>Type de Produit: Fer \u00e0 Repasser Sec<\/li>\n<li>Marque : Generic<\/li>\n<li>Puissant<\/li>\n<li>Economique<\/li>\n<li>Puissance :1200W<\/li>\n<li>Tension: 230V<\/li>\n<li>Fr\u00e9quence: 50Hz<\/li>\n<\/ul>\n<\/div>\n","protected":false},"featured_media":28698,"comment_status":"open","ping_status":"closed","template":"","meta":{"_joinchat":[]},"product_brand":[],"product_cat":[75],"product_tag":[],"class_list":{"0":"post-28697","1":"product","2":"type-product","3":"status-publish","4":"has-post-thumbnail","6":"product_cat-maison-bureau","8":"first","9":"instock","10":"sale","11":"shipping-taxable","12":"purchasable","13":"product-type-simple"},"jetpack_sharing_enabled":true,"_links":{"self":[{"href":"https:\/\/rowayad.com\/index.php\/wp-json\/wp\/v2\/product\/28697","targetHints":{"allow":["GET"]}}],"collection":[{"href":"https:\/\/rowayad.com\/index.php\/wp-json\/wp\/v2\/product"}],"about":[{"href":"https:\/\/rowayad.com\/index.php\/wp-json\/wp\/v2\/types\/product"}],"replies":[{"embeddable":true,"href":"https:\/\/rowayad.com\/index.php\/wp-json\/wp\/v2\/comments?post=28697"}],"version-history":[{"count":1,"href":"https:\/\/rowayad.com\/index.php\/wp-json\/wp\/v2\/product\/28697\/revisions"}],"predecessor-version":[{"id":28699,"href":"https:\/\/rowayad.com\/index.php\/wp-json\/wp\/v2\/product\/28697\/revisions\/28699"}],"wp:featuredmedia":[{"embeddable":true,"href":"https:\/\/rowayad.com\/index.php\/wp-json\/wp\/v2\/media\/28698"}],"wp:attachment":[{"href":"https:\/\/rowayad.com\/index.php\/wp-json\/wp\/v2\/media?parent=28697"}],"wp:term":[{"taxonomy":"product_brand","embeddable":true,"href":"https:\/\/rowayad.com\/index.php\/wp-json\/wp\/v2\/product_brand?post=28697"},{"taxonomy":"product_cat","embeddable":true,"href":"https:\/\/rowayad.com\/index.php\/wp-json\/wp\/v2\/product_cat?post=28697"},{"taxonomy":"product_tag","embeddable":true,"href":"https:\/\/rowayad.com\/index.php\/wp-json\/wp\/v2\/product_tag?post=28697"}],"curies":[{"name":"wp","href":"https:\/\/api.w.org\/{rel}","templated":true}]}}