{"id":28700,"date":"2026-02-27T16:16:41","date_gmt":"2026-02-27T16:16:41","guid":{"rendered":"https:\/\/rowayad.com\/?post_type=product&#038;p=28700"},"modified":"2026-04-10T18:48:18","modified_gmt":"2026-04-10T18:48:18","slug":"bruleur-a-charbon-electrique-fourneau-electrique-a-charbon-de-bois","status":"publish","type":"product","link":"https:\/\/rowayad.com\/index.php\/produit\/bruleur-a-charbon-electrique-fourneau-electrique-a-charbon-de-bois\/","title":{"rendered":"Bruleur \u00e0 charbon \u00e9lectrique, Fourneau \u00e9lectrique \u00e0 charbon de bois"},"content":{"rendered":"<header class=\"-pvs -bb\">\n<h2 class=\"-fs20 -m -phm -pvxs\">D\u00e9tails<\/h2>\n<\/header>\n<div class=\"markup -mhm -pvl -oxa -sc\">Description<br \/>\n<b>Po\u00eale<\/b>\u00a0\u00e0 charbon\u00a0<b>\u00e9lectrique<\/b>, bruleur \u00e0 charbon \u00e9lectrique. Cet appareil vous permettra de bruler votre charbon \u00e0 un temps record. Facile \u00e0 utiliser et pratique. Achat Fourneau \u00e9lectrique \u00e0 charbon de bois,\u00a0<b>d\u00e9marreur<\/b>, br\u00fbleur de m\u00e9tal, La couleur noire Mat\u00e9riel: m\u00e9tal P\u00e9riode d&rsquo;allumage: 3-5 minutes Tension: 220 &#8211; 240V, 50 \/ 60Hz Puissance: 600 W Plug: EU Taille de l&rsquo;article: approx.14 * 14 * 16.5CM Taille du paquet: approx.15.5 * 15.5 * 17CM<\/div>\n","protected":false},"excerpt":{"rendered":"<h2 class=\"hdr -upp -fs14 -m -pam\">Principales caract\u00e9ristiques<\/h2>\n<div class=\"markup -pam\">\n<ul>\n<li>Po\u00eale \u00e0 charbon \u00e9lectrique<\/li>\n<li>bruleur \u00e0 charbon<\/li>\n<li>couleur noir<\/li>\n<li>plaque chauffante<\/li>\n<li>facile \u00e0 utiliser<\/li>\n<\/ul>\n<\/div>\n","protected":false},"featured_media":28701,"comment_status":"open","ping_status":"closed","template":"","meta":{"_joinchat":[]},"product_brand":[],"product_cat":[75],"product_tag":[],"class_list":{"0":"post-28700","1":"product","2":"type-product","3":"status-publish","4":"has-post-thumbnail","6":"product_cat-maison-bureau","8":"first","9":"instock","10":"sale","11":"shipping-taxable","12":"purchasable","13":"product-type-simple"},"jetpack_sharing_enabled":true,"_links":{"self":[{"href":"https:\/\/rowayad.com\/index.php\/wp-json\/wp\/v2\/product\/28700","targetHints":{"allow":["GET"]}}],"collection":[{"href":"https:\/\/rowayad.com\/index.php\/wp-json\/wp\/v2\/product"}],"about":[{"href":"https:\/\/rowayad.com\/index.php\/wp-json\/wp\/v2\/types\/product"}],"replies":[{"embeddable":true,"href":"https:\/\/rowayad.com\/index.php\/wp-json\/wp\/v2\/comments?post=28700"}],"version-history":[{"count":1,"href":"https:\/\/rowayad.com\/index.php\/wp-json\/wp\/v2\/product\/28700\/revisions"}],"predecessor-version":[{"id":28706,"href":"https:\/\/rowayad.com\/index.php\/wp-json\/wp\/v2\/product\/28700\/revisions\/28706"}],"wp:featuredmedia":[{"embeddable":true,"href":"https:\/\/rowayad.com\/index.php\/wp-json\/wp\/v2\/media\/28701"}],"wp:attachment":[{"href":"https:\/\/rowayad.com\/index.php\/wp-json\/wp\/v2\/media?parent=28700"}],"wp:term":[{"taxonomy":"product_brand","embeddable":true,"href":"https:\/\/rowayad.com\/index.php\/wp-json\/wp\/v2\/product_brand?post=28700"},{"taxonomy":"product_cat","embeddable":true,"href":"https:\/\/rowayad.com\/index.php\/wp-json\/wp\/v2\/product_cat?post=28700"},{"taxonomy":"product_tag","embeddable":true,"href":"https:\/\/rowayad.com\/index.php\/wp-json\/wp\/v2\/product_tag?post=28700"}],"curies":[{"name":"wp","href":"https:\/\/api.w.org\/{rel}","templated":true}]}}