{"id":28712,"date":"2026-02-27T16:45:23","date_gmt":"2026-02-27T16:45:23","guid":{"rendered":"https:\/\/rowayad.com\/?post_type=product&#038;p=28712"},"modified":"2026-04-10T18:31:42","modified_gmt":"2026-04-10T18:31:42","slug":"boite-a-dessin-boite-artisanale-en-bois-180-pieces","status":"publish","type":"product","link":"https:\/\/rowayad.com\/index.php\/produit\/boite-a-dessin-boite-artisanale-en-bois-180-pieces\/","title":{"rendered":"Boite \u00e0 dessin Boite artisanale en bois 180 pieces"},"content":{"rendered":"<header class=\"-pvs -bb\">\n<h2 class=\"-fs20 -m -phm -pvxs\">D\u00e9tails<\/h2>\n<\/header>\n<div class=\"markup -mhm -pvl -oxa -sc\">\n<p><strong>Ensemble de 180<\/strong>\u00a0<strong>pi\u00e8ces\u00a0<\/strong>: cet ensemble d&rsquo;art de qualit\u00e9 sup\u00e9rieure comprend une grande vari\u00e9t\u00e9 de fournitures d&rsquo;art pour le dessin, la peinture et plus encore. C&rsquo;est un excellent choix pour les enfants et les adultes pour exp\u00e9rimenter un assortiment de supports artistiques \u00e0 un prix abordable L&rsquo;ensemble d&rsquo;art comprend : 40 crayons, 40 pastels \u00e0 l&rsquo;huile, 36 marqueurs aquarelle \u00e0 t\u00eate fine, 20 crayons de couleur, 20 stylos \u00e0 eau de couleur, 12 peintures aquarelles, 5 trombones, 1 taille-crayon, 1 stylo de peinture, 1 gomme, 1 crayon, 1 colle, 1 palette en plastique et 1 r\u00e8gle. S\u00fbr et non toxique : encre et stylo non toxiques, \u00e0 base d&rsquo;eau et sans danger, parfaits pour vous et vos enfants. Ce crayon \u00e0 colorier n&rsquo;est pas recommand\u00e9 pour les enfants de moins de 3 ans Meilleur cadeau : id\u00e9al pour les anniversaires et les vacances. C&rsquo;est le meilleur cadeau d&rsquo;imagination et de cr\u00e9ativit\u00e9 pour votre petit artiste pr\u00e9f\u00e9r\u00e9. Poign\u00e9e ext\u00e9rieure : poign\u00e9e en bois massif, boucle en m\u00e9tal, texture bois massif. Bo\u00eete de rangement portable, facile \u00e0 transporter. Ensemble de 180 pi\u00e8ces : cet ensemble d&rsquo;art de qualit\u00e9 sup\u00e9rieure comprend une grande vari\u00e9t\u00e9 de fournitures d&rsquo;art pour le dessin, la peinture et plus encore. C&rsquo;est un excellent choix pour les enfants et les adultes pour exp\u00e9rimenter un assortiment de supports artistiques \u00e0 un prix abordable L&rsquo;ensemble d&rsquo;art comprend : 40 crayons, 40 pastels \u00e0 l&rsquo;huile, 36 marqueurs aquarelle \u00e0 t\u00eate fine, 20 crayons de couleur, 20 stylos \u00e0 eau de couleur, 12 peintures aquarelles, 5 trombones, 1 taille-crayon, 1 stylo de peinture, 1 gomme, 1 crayon, 1 colle, 1 palette en plastique et 1 r\u00e8gle. S\u00fbr et non toxique : encre et stylo non toxiques, \u00e0 base d&rsquo;eau et sans danger, parfaits pour vous et vos enfants. Ce crayon \u00e0 colorier n&rsquo;est pas recommand\u00e9 pour les enfants de moins de 3 ans Meilleur cadeau : id\u00e9al pour les anniversaires et les vacances. C&rsquo;est le meilleur cadeau d&rsquo;imagination et de cr\u00e9ativit\u00e9 pour votre petit artiste pr\u00e9f\u00e9r\u00e9. Poign\u00e9e ext\u00e9rieure : poign\u00e9e en bois massif, boucle en m\u00e9tal, texture bois massif. Bo\u00eete de rangement portable, facile \u00e0 transporter.<\/p>\n<\/div>\n","protected":false},"excerpt":{"rendered":"<h2 class=\"hdr -upp -fs14 -m -pam\">Principales caract\u00e9ristiques<\/h2>\n<div class=\"markup -pam\">\n<ul>\n<li>Tous les objets sont plac\u00e9s dans une Kay en bois, qui sont \u00e9parpill\u00e9s sur la table.<\/li>\n<li>Cl\u00f4ture r\u00e9fl\u00e9chie de l&rsquo;espace int\u00e9rieur du bo\u00eetier, chaque objet prend sa place et se fixe.<\/li>\n<li>Dans l&rsquo;ensemble complet de lestyk, taille-crayon, r\u00e8gle, un ensemble de clips de 5 pi\u00e8ces, deux crayons graphite noir.<\/li>\n<li>Peinture aquarelle 12 couleurs.<\/li>\n<li>Un ensemble de marqueurs de 20 couleurs.<\/li>\n<li>Set de marqueurs 36 couleurs.<\/li>\n<li>Crayons de couleur 20 couleurs.<\/li>\n<li>Un ensemble de peinture \u00e0 l&rsquo;huile 40 pi\u00e8ces.<\/li>\n<li>Crayons de Cire 40 pi\u00e8ces.<\/li>\n<li>Taille du bo\u00eetier 53*29*4.5cm.<\/li>\n<\/ul>\n<\/div>\n","protected":false},"featured_media":28713,"comment_status":"open","ping_status":"closed","template":"","meta":{"_joinchat":[]},"product_brand":[],"product_cat":[20,76],"product_tag":[],"class_list":{"0":"post-28712","1":"product","2":"type-product","3":"status-publish","4":"has-post-thumbnail","6":"product_cat-accessoires","7":"product_cat-enfant","9":"first","10":"instock","11":"sale","12":"shipping-taxable","13":"purchasable","14":"product-type-simple"},"jetpack_sharing_enabled":true,"_links":{"self":[{"href":"https:\/\/rowayad.com\/index.php\/wp-json\/wp\/v2\/product\/28712","targetHints":{"allow":["GET"]}}],"collection":[{"href":"https:\/\/rowayad.com\/index.php\/wp-json\/wp\/v2\/product"}],"about":[{"href":"https:\/\/rowayad.com\/index.php\/wp-json\/wp\/v2\/types\/product"}],"replies":[{"embeddable":true,"href":"https:\/\/rowayad.com\/index.php\/wp-json\/wp\/v2\/comments?post=28712"}],"version-history":[{"count":1,"href":"https:\/\/rowayad.com\/index.php\/wp-json\/wp\/v2\/product\/28712\/revisions"}],"predecessor-version":[{"id":28718,"href":"https:\/\/rowayad.com\/index.php\/wp-json\/wp\/v2\/product\/28712\/revisions\/28718"}],"wp:featuredmedia":[{"embeddable":true,"href":"https:\/\/rowayad.com\/index.php\/wp-json\/wp\/v2\/media\/28713"}],"wp:attachment":[{"href":"https:\/\/rowayad.com\/index.php\/wp-json\/wp\/v2\/media?parent=28712"}],"wp:term":[{"taxonomy":"product_brand","embeddable":true,"href":"https:\/\/rowayad.com\/index.php\/wp-json\/wp\/v2\/product_brand?post=28712"},{"taxonomy":"product_cat","embeddable":true,"href":"https:\/\/rowayad.com\/index.php\/wp-json\/wp\/v2\/product_cat?post=28712"},{"taxonomy":"product_tag","embeddable":true,"href":"https:\/\/rowayad.com\/index.php\/wp-json\/wp\/v2\/product_tag?post=28712"}],"curies":[{"name":"wp","href":"https:\/\/api.w.org\/{rel}","templated":true}]}}