{"id":28725,"date":"2026-02-27T17:28:37","date_gmt":"2026-02-27T17:28:37","guid":{"rendered":"https:\/\/rowayad.com\/?post_type=product&#038;p=28725"},"modified":"2026-04-10T18:12:17","modified_gmt":"2026-04-10T18:12:17","slug":"standard-ensemble-de-6-marmites-anti-adhesives-avec-couvercle","status":"publish","type":"product","link":"https:\/\/rowayad.com\/index.php\/produit\/standard-ensemble-de-6-marmites-anti-adhesives-avec-couvercle\/","title":{"rendered":"Standard Ensemble de 6 Marmites Anti-Adh\u00e9sives avec couvercle"},"content":{"rendered":"<header class=\"-pvs -bb\">\n<h2 class=\"-fs20 -m -phm -pvxs\">D\u00e9tails<\/h2>\n<\/header>\n<div class=\"markup -mhm -pvl -oxa -sc\">\n<h2>Ensemble Casserole Aluminium 6 Pi\u00e8ces<\/h2>\n<h2>\u00a0Acier inoxydable fiable: Construit en acier inoxydable, ces bols de m\u00e9lange sont con\u00e7us pour r\u00e9sister \u00e0 une utilisation prolong\u00e9e sans aucune casse ou corrosif.<br \/>\n2. Nettoyage pratique: ces bols m\u00e9langeurs sont fabriqu\u00e9s en acier inoxydable de haute qualit\u00e9, durable et r\u00e9sistant \u00e0 la rouille. Vous pouvez facilement les nettoyer en les rin\u00e7ant directement avec de l&rsquo;eau propre, ce qui vous permet d&rsquo;\u00e9conomiser du temps et des efforts.<br \/>\n3. Confort suppl\u00e9mentaire: conception de bord \u00e9largi: notre ensemble de bol de m\u00e9lange en acier inoxydable dispose d&rsquo;une conception de bord \u00e9largi qui am\u00e9liore la s\u00e9curit\u00e9. Les bords sont plus larges, ce qui les rend faciles d&rsquo;acc\u00e8s et moins enclins \u00e0 glisser<br \/>\n4. Deux-en-1: le bol de m\u00e9lange en acier inoxydable peut \u00eatre utilis\u00e9 pour la cuisson et le nettoyage. Vous pouvez l&rsquo;utiliser comme pot pour faire cuire des soupes ou comme bassin pour laver les fruits et les l\u00e9gumes. Gain de temps et d&rsquo;espace, cet ensemble polyvalent est un incontournable pour toute cuisine. Ensemble Casserole Aluminium 6Pi\u00e8ces<\/h2>\n<h2>\u00a0Acier inoxydable fiable: Construit en acier inoxydable, ces bols de m\u00e9lange sont con\u00e7us pour r\u00e9sister \u00e0 une utilisation prolong\u00e9e sans aucune casse ou corrosif.<\/h2>\n<\/div>\n","protected":false},"excerpt":{"rendered":"<h2 class=\"hdr -upp -fs14 -m -pam\">Principales caract\u00e9ristiques<\/h2>\n<div class=\"markup -pam\">\n<ol>\n<li>\u00a0Acier inoxydable fiable<\/li>\n<li>\u00a0Nettoyage pratique<\/li>\n<li>Confort suppl\u00e9mentaire: conception de bord \u00e9largi:<\/li>\n<li>Deux-en-1: le bol de m\u00e9lange en acier inoxydable peut \u00eatre utilis\u00e9 pour la cuisson et le nettoyage.<\/li>\n<li>Gain de temps et d&rsquo;espace, cet ensemble polyvalent est un incontournable pour toute cuisine.<\/li>\n<\/ol>\n<\/div>\n","protected":false},"featured_media":28727,"comment_status":"open","ping_status":"closed","template":"","meta":{"_joinchat":[]},"product_brand":[],"product_cat":[75],"product_tag":[],"class_list":{"0":"post-28725","1":"product","2":"type-product","3":"status-publish","4":"has-post-thumbnail","6":"product_cat-maison-bureau","8":"first","9":"instock","10":"sale","11":"shipping-taxable","12":"purchasable","13":"product-type-simple"},"jetpack_sharing_enabled":true,"_links":{"self":[{"href":"https:\/\/rowayad.com\/index.php\/wp-json\/wp\/v2\/product\/28725","targetHints":{"allow":["GET"]}}],"collection":[{"href":"https:\/\/rowayad.com\/index.php\/wp-json\/wp\/v2\/product"}],"about":[{"href":"https:\/\/rowayad.com\/index.php\/wp-json\/wp\/v2\/types\/product"}],"replies":[{"embeddable":true,"href":"https:\/\/rowayad.com\/index.php\/wp-json\/wp\/v2\/comments?post=28725"}],"version-history":[{"count":1,"href":"https:\/\/rowayad.com\/index.php\/wp-json\/wp\/v2\/product\/28725\/revisions"}],"predecessor-version":[{"id":28728,"href":"https:\/\/rowayad.com\/index.php\/wp-json\/wp\/v2\/product\/28725\/revisions\/28728"}],"wp:featuredmedia":[{"embeddable":true,"href":"https:\/\/rowayad.com\/index.php\/wp-json\/wp\/v2\/media\/28727"}],"wp:attachment":[{"href":"https:\/\/rowayad.com\/index.php\/wp-json\/wp\/v2\/media?parent=28725"}],"wp:term":[{"taxonomy":"product_brand","embeddable":true,"href":"https:\/\/rowayad.com\/index.php\/wp-json\/wp\/v2\/product_brand?post=28725"},{"taxonomy":"product_cat","embeddable":true,"href":"https:\/\/rowayad.com\/index.php\/wp-json\/wp\/v2\/product_cat?post=28725"},{"taxonomy":"product_tag","embeddable":true,"href":"https:\/\/rowayad.com\/index.php\/wp-json\/wp\/v2\/product_tag?post=28725"}],"curies":[{"name":"wp","href":"https:\/\/api.w.org\/{rel}","templated":true}]}}