{"id":28729,"date":"2026-02-27T17:36:18","date_gmt":"2026-02-27T17:36:18","guid":{"rendered":"https:\/\/rowayad.com\/?post_type=product&#038;p=28729"},"modified":"2026-04-10T18:09:54","modified_gmt":"2026-04-10T18:09:54","slug":"ensemble-de-housses-pour-recouvrir-un-salon-7-places","status":"publish","type":"product","link":"https:\/\/rowayad.com\/index.php\/produit\/ensemble-de-housses-pour-recouvrir-un-salon-7-places\/","title":{"rendered":"Ensemble de housses pour recouvrir un salon 7 places"},"content":{"rendered":"<header class=\"-pvs -bb\">\n<h2 class=\"-fs20 -m -phm -pvxs\">D\u00e9tails<\/h2>\n<\/header>\n<div class=\"markup -mhm -pvl -oxa -sc\">Cette housse de canap\u00e9 est fabriqu\u00e9e en tissu 3d \u00e9paissi\u00a0 \u00e0 haute \u00e9lasticit\u00e9, qui convient \u00e0 tous les types de canap\u00e9s.<br \/>\nCaract\u00e9ristiques du tissu auto-d\u00e9velopp\u00e9: Grande \u00e9lasticit\u00e9, grande r\u00e9silience, pas facile \u00e0 froisser, peau r\u00e9sistante \u00e0 l&rsquo;usure,\u00a0<b>antid\u00e9rapante\u00a0<\/b>et douce, bonne perm\u00e9abilit\u00e9, protection de la sant\u00e9 et de l&rsquo;environnement.La\u00a0conception\u00a0de jupe \u00e0 volants plus large peut emp\u00eacher la salet\u00e9 et la poussi\u00e8re et rendre le canap\u00e9 plus beau.<b><br \/>\n<\/b>L&rsquo;utilisation d&rsquo;\u00e9lastique autour de la conception de la housse de canap\u00e9 peut mieux s&rsquo;adapter \u00e0 tous les types de canap\u00e9.Des bandes de mousse sont ins\u00e9r\u00e9es dans l&rsquo;espace du canap\u00e9 pour la fixation, de sorte que la housse de canap\u00e9 ne glisse pas facilement.<\/div>\n","protected":false},"excerpt":{"rendered":"<h2 class=\"hdr -upp -fs14 -m -pam\">Principales caract\u00e9ristiques<\/h2>\n<div class=\"markup -pam\">\n<ol>\n<li>Taille disponible avec 1-si\u00e8ge: 70-80 cm (27-32 pouces) .\/\/1-si\u00e8ge: 70-80 cm (27-32 pouces) \/\/2 si\u00e8ges: 130-160 cm (51-63 pouces) \/\/3 si\u00e8ges: 210-260 cm (82-103 pouces)<\/li>\n<li>Haute \u00e9lasticit\u00e9, doux pour la peau<\/li>\n<li>Cat\u00e9gorie de produit : housse de canap\u00e9.<\/li>\n<li>Haute \u00c9lastique Tissu. Cette housse de canap\u00e9 est fabriqu\u00e9e en tissu 3d \u00e9paissi seer ventouse \u00e0 haute \u00e9lasticit\u00e9, qui convient \u00e0 tous les types de canap\u00e9s.<\/li>\n<li>Des bandes de mousse sont ins\u00e9r\u00e9es dans l&rsquo;espace du canap\u00e9 pour la fixation<\/li>\n<\/ol>\n<\/div>\n","protected":false},"featured_media":28730,"comment_status":"open","ping_status":"closed","template":"","meta":{"_joinchat":[]},"product_brand":[],"product_cat":[20,75],"product_tag":[],"class_list":{"0":"post-28729","1":"product","2":"type-product","3":"status-publish","4":"has-post-thumbnail","6":"product_cat-accessoires","7":"product_cat-maison-bureau","9":"first","10":"instock","11":"sale","12":"shipping-taxable","13":"purchasable","14":"product-type-simple"},"jetpack_sharing_enabled":true,"_links":{"self":[{"href":"https:\/\/rowayad.com\/index.php\/wp-json\/wp\/v2\/product\/28729","targetHints":{"allow":["GET"]}}],"collection":[{"href":"https:\/\/rowayad.com\/index.php\/wp-json\/wp\/v2\/product"}],"about":[{"href":"https:\/\/rowayad.com\/index.php\/wp-json\/wp\/v2\/types\/product"}],"replies":[{"embeddable":true,"href":"https:\/\/rowayad.com\/index.php\/wp-json\/wp\/v2\/comments?post=28729"}],"version-history":[{"count":1,"href":"https:\/\/rowayad.com\/index.php\/wp-json\/wp\/v2\/product\/28729\/revisions"}],"predecessor-version":[{"id":28731,"href":"https:\/\/rowayad.com\/index.php\/wp-json\/wp\/v2\/product\/28729\/revisions\/28731"}],"wp:featuredmedia":[{"embeddable":true,"href":"https:\/\/rowayad.com\/index.php\/wp-json\/wp\/v2\/media\/28730"}],"wp:attachment":[{"href":"https:\/\/rowayad.com\/index.php\/wp-json\/wp\/v2\/media?parent=28729"}],"wp:term":[{"taxonomy":"product_brand","embeddable":true,"href":"https:\/\/rowayad.com\/index.php\/wp-json\/wp\/v2\/product_brand?post=28729"},{"taxonomy":"product_cat","embeddable":true,"href":"https:\/\/rowayad.com\/index.php\/wp-json\/wp\/v2\/product_cat?post=28729"},{"taxonomy":"product_tag","embeddable":true,"href":"https:\/\/rowayad.com\/index.php\/wp-json\/wp\/v2\/product_tag?post=28729"}],"curies":[{"name":"wp","href":"https:\/\/api.w.org\/{rel}","templated":true}]}}