{"id":28742,"date":"2026-02-28T13:37:49","date_gmt":"2026-02-28T13:37:49","guid":{"rendered":"https:\/\/rowayad.com\/?post_type=product&#038;p=28742"},"modified":"2026-04-10T18:06:43","modified_gmt":"2026-04-10T18:06:43","slug":"bandes-de-resistance-crossfit-pour-la-remise-en-forme-11-pieces-ensemble-elastique-caoutchouc","status":"publish","type":"product","link":"https:\/\/rowayad.com\/index.php\/produit\/bandes-de-resistance-crossfit-pour-la-remise-en-forme-11-pieces-ensemble-elastique-caoutchouc\/","title":{"rendered":"Bandes de r\u00e9sistance Crossfit pour la remise en forme &#8211; 11 pi\u00e8ces\/ensemble &#8211; \u00c9lastique- Caoutchouc"},"content":{"rendered":"<header class=\"-pvs -bb\">\n<h2 class=\"-fs20 -m -phm -pvxs\">D\u00e9tails<\/h2>\n<\/header>\n<div class=\"markup -mhm -pvl -oxa -sc\">\u00a0 Con\u00e7u pour les exercices a\u00e9robies et ana\u00e9robies, la forme physique et la perte de poids. Peut \u00e9galement \u00eatre utilis\u00e9 en conjonction avec des poids et d&rsquo;autres formes de fitness \u00e9quipement. Peut efficacement d\u00e9velopper les muscles, la force et tonifier le corps. Contr\u00f4ler la tension en raccourcissant ou en allongeant la bande. Poign\u00e9es en mousse rembourr\u00e9es solides avec clips en alliage de zinc et anneau en D. Facile \u00e0 transporter dans un sac de transport inclus. Poign\u00e9es en mousse confortables incluses. Un clip se fixe \u00e0 chaque extr\u00e9mit\u00e9 de chaque bande de r\u00e9sistance.<\/div>\n","protected":false},"excerpt":{"rendered":"<h2 class=\"hdr -upp -fs14 -m -pam\">Principales caract\u00e9ristiques<\/h2>\n<div class=\"markup -pam\">\n<ul>\n<li>Toutes les bandes ont une longueur de 42 \u00ab\u00a0et un diam\u00e8tre d&rsquo;environ 1\/2\u00a0\u00bb.<\/li>\n<li>Bande jaune &#8211; Extra clair (10 LBS)<\/li>\n<li>Bande bleue &#8211; Light (20 LBS)<\/li>\n<li>Bande rouge &#8211; Medium (15 LBS)<\/li>\n<li>Vert Bande &#8211; Heavy (25 LBS)<\/li>\n<li>Bande noire &#8211; Extra Heavy (30 LBS)<\/li>\n<\/ul>\n<\/div>\n","protected":false},"featured_media":28744,"comment_status":"open","ping_status":"closed","template":"","meta":{"_joinchat":[]},"product_brand":[],"product_cat":[73],"product_tag":[],"class_list":{"0":"post-28742","1":"product","2":"type-product","3":"status-publish","4":"has-post-thumbnail","6":"product_cat-sport","8":"first","9":"instock","10":"shipping-taxable","11":"product-type-simple"},"jetpack_sharing_enabled":true,"_links":{"self":[{"href":"https:\/\/rowayad.com\/index.php\/wp-json\/wp\/v2\/product\/28742","targetHints":{"allow":["GET"]}}],"collection":[{"href":"https:\/\/rowayad.com\/index.php\/wp-json\/wp\/v2\/product"}],"about":[{"href":"https:\/\/rowayad.com\/index.php\/wp-json\/wp\/v2\/types\/product"}],"replies":[{"embeddable":true,"href":"https:\/\/rowayad.com\/index.php\/wp-json\/wp\/v2\/comments?post=28742"}],"version-history":[{"count":1,"href":"https:\/\/rowayad.com\/index.php\/wp-json\/wp\/v2\/product\/28742\/revisions"}],"predecessor-version":[{"id":28749,"href":"https:\/\/rowayad.com\/index.php\/wp-json\/wp\/v2\/product\/28742\/revisions\/28749"}],"wp:featuredmedia":[{"embeddable":true,"href":"https:\/\/rowayad.com\/index.php\/wp-json\/wp\/v2\/media\/28744"}],"wp:attachment":[{"href":"https:\/\/rowayad.com\/index.php\/wp-json\/wp\/v2\/media?parent=28742"}],"wp:term":[{"taxonomy":"product_brand","embeddable":true,"href":"https:\/\/rowayad.com\/index.php\/wp-json\/wp\/v2\/product_brand?post=28742"},{"taxonomy":"product_cat","embeddable":true,"href":"https:\/\/rowayad.com\/index.php\/wp-json\/wp\/v2\/product_cat?post=28742"},{"taxonomy":"product_tag","embeddable":true,"href":"https:\/\/rowayad.com\/index.php\/wp-json\/wp\/v2\/product_tag?post=28742"}],"curies":[{"name":"wp","href":"https:\/\/api.w.org\/{rel}","templated":true}]}}