{"id":28750,"date":"2026-02-28T13:43:58","date_gmt":"2026-02-28T13:43:58","guid":{"rendered":"https:\/\/rowayad.com\/?post_type=product&#038;p=28750"},"modified":"2026-04-10T17:53:08","modified_gmt":"2026-04-10T17:53:08","slug":"housse-de-protection-pour-cuisiniere-a-gaz-ensemble-de-4-pieces-tapis-de-cuisine-noir","status":"publish","type":"product","link":"https:\/\/rowayad.com\/index.php\/produit\/housse-de-protection-pour-cuisiniere-a-gaz-ensemble-de-4-pieces-tapis-de-cuisine-noir\/","title":{"rendered":"Housse De Protection Pour Cuisini\u00e8re \u00e0 Gaz, Ensemble De 4 Pi\u00e8ces, Tapis De Cuisine Noir"},"content":{"rendered":"<header class=\"-pvs -bb\">\n<h2 class=\"-fs20 -m -phm -pvxs\">D\u00e9tails<\/h2>\n<\/header>\n<div class=\"markup -mhm -pvl -oxa -sc\">\n<p>CUTTABLE: les doublures du br\u00fbleur de po\u00eale mesurent 10.6 pouces, elles peuvent \u00eatre coup\u00e9es \u00e0 volont\u00e9, peuvent correspondre \u00e0 une vari\u00e9t\u00e9 de po\u00eales, vous n&rsquo;avez donc pas \u00e0 vous soucier de la taille lorsque vous achetez.<\/p>\n<p>Facile \u00e0 laver: les couvercles de br\u00fbleur de po\u00eale peuvent \u00eatre lav\u00e9s \u00e0 l&rsquo;eau et au savon ou au lave-vaisselle, vous pouvez donc gagner du temps pour\u00a0<b>nettoyer<\/b>\u00a0la plaque de\u00a0<b>cuisson<\/b>.<\/p>\n<p>R\u00e9utilisable: les protecteurs sont r\u00e9sistants \u00e0 l&rsquo;huile, \u00e0 l&rsquo;eau, \u00e0 la corrosion et aux temp\u00e9ratures \u00e9lev\u00e9es, mat\u00e9riaux \u00e9cologiques, ils sont donc compl\u00e8tement r\u00e9utilisables.<\/p>\n<p>Housses de cuisini\u00e8re r\u00e9sistantes \u00e0 la chaleur et r\u00e9sistantes \u00e0 la chaleur jusqu&rsquo;\u00e0 plus de 500 F \u00b0 (-158 \u00b0 f \u00e0 500 \u00b0 f ou-70 \u00b0 c \u00e0 260 \u00b0 c).<\/p>\n<\/div>\n","protected":false},"excerpt":{"rendered":"<h2 class=\"hdr -upp -fs14 -m -pam\">Principales caract\u00e9ristiques<\/h2>\n<div class=\"markup -pam\">\n<ul>\n<li>1. Rev\u00eatement de haute qualit\u00e9 avec un tissu en fibre de verre a une excellente r\u00e9sistance \u00e0 l&rsquo;adh\u00e9rence, qui peut facilement \u00e9liminer les taches d&rsquo;huile et les taches sur la surface et peut \u00eatre utilis\u00e9 \u00e0 plusieurs reprises;<\/li>\n<li>2. Emp\u00eache les taches d&rsquo;huile de d\u00e9border vers la surface de la cuisini\u00e8re \u00e0 gaz pendant la cuisson;<\/li>\n<li>3. Plage de temp\u00e9rature \u00e9lev\u00e9e, temp\u00e9rature conventionnelle-70-260 \u2103;<\/li>\n<li>4. Il est s\u00fbr \u00e0 utiliser dans le lave-vaisselle, non toxique et sans danger pour les aliments.<\/li>\n<li>Taille: 27*27cm<\/li>\n<\/ul>\n<p><b>Couleur:\u00a0noir<\/b><\/p>\n<p><b>\u00c9paisseur: 0.2mm<\/b><\/p>\n<p><b>Emballage inclus:<br \/>\n<\/b><\/p>\n<p>Couverture de br\u00fbleur de cuisini\u00e8re * 4<\/p>\n<\/div>\n","protected":false},"featured_media":28751,"comment_status":"open","ping_status":"closed","template":"","meta":{"_joinchat":[]},"product_brand":[],"product_cat":[20,75],"product_tag":[],"class_list":{"0":"post-28750","1":"product","2":"type-product","3":"status-publish","4":"has-post-thumbnail","6":"product_cat-accessoires","7":"product_cat-maison-bureau","9":"first","10":"instock","11":"sale","12":"shipping-taxable","13":"purchasable","14":"product-type-simple"},"jetpack_sharing_enabled":true,"_links":{"self":[{"href":"https:\/\/rowayad.com\/index.php\/wp-json\/wp\/v2\/product\/28750","targetHints":{"allow":["GET"]}}],"collection":[{"href":"https:\/\/rowayad.com\/index.php\/wp-json\/wp\/v2\/product"}],"about":[{"href":"https:\/\/rowayad.com\/index.php\/wp-json\/wp\/v2\/types\/product"}],"replies":[{"embeddable":true,"href":"https:\/\/rowayad.com\/index.php\/wp-json\/wp\/v2\/comments?post=28750"}],"version-history":[{"count":2,"href":"https:\/\/rowayad.com\/index.php\/wp-json\/wp\/v2\/product\/28750\/revisions"}],"predecessor-version":[{"id":29171,"href":"https:\/\/rowayad.com\/index.php\/wp-json\/wp\/v2\/product\/28750\/revisions\/29171"}],"wp:featuredmedia":[{"embeddable":true,"href":"https:\/\/rowayad.com\/index.php\/wp-json\/wp\/v2\/media\/28751"}],"wp:attachment":[{"href":"https:\/\/rowayad.com\/index.php\/wp-json\/wp\/v2\/media?parent=28750"}],"wp:term":[{"taxonomy":"product_brand","embeddable":true,"href":"https:\/\/rowayad.com\/index.php\/wp-json\/wp\/v2\/product_brand?post=28750"},{"taxonomy":"product_cat","embeddable":true,"href":"https:\/\/rowayad.com\/index.php\/wp-json\/wp\/v2\/product_cat?post=28750"},{"taxonomy":"product_tag","embeddable":true,"href":"https:\/\/rowayad.com\/index.php\/wp-json\/wp\/v2\/product_tag?post=28750"}],"curies":[{"name":"wp","href":"https:\/\/api.w.org\/{rel}","templated":true}]}}