{"id":28765,"date":"2026-02-28T13:58:15","date_gmt":"2026-02-28T13:58:15","guid":{"rendered":"https:\/\/rowayad.com\/?post_type=product&#038;p=28765"},"modified":"2026-04-10T12:39:26","modified_gmt":"2026-04-10T12:39:26","slug":"etagere-de-rangement-salle-de-bain-pour-chaise-anglaise","status":"publish","type":"product","link":"https:\/\/rowayad.com\/index.php\/produit\/etagere-de-rangement-salle-de-bain-pour-chaise-anglaise\/","title":{"rendered":"\u00c9tag\u00e8re de rangement salle de bain pour chaise anglaise"},"content":{"rendered":"<header class=\"-pvs -bb\">\n<h2 class=\"-fs20 -m -phm -pvxs\">D\u00e9tails<\/h2>\n<\/header>\n<div class=\"markup -mhm -pvl -oxa -sc\">\n<p>Le support de toilette est plac\u00e9 au-dessus du seau carr\u00e9 pour \u00e9conomiser efficacement l&rsquo;espace de la salle de bain et utiliser pleinement L&rsquo;espace efficace<\/p>\n<p>L&rsquo;\u00e9tag\u00e8re \u00e0 trois couches peut vous aider \u00e0 stocker efficacement les articles sanitaires, et peut efficacement classer et placer<\/p>\n<p>Vos articles\u00a0Cadre lisse, haute apparence<\/p>\n<p>Peinture de cuisson en m\u00e9tal, simple et belle, longue dur\u00e9e de vie, r\u00e9sistante \u00e0 l&rsquo;usure et \u00e0 la corrosion, \u00e9tanche et\u00a0Facile \u00e0 nettoyer,<\/p>\n<\/div>\n","protected":false},"excerpt":{"rendered":"<h2 class=\"hdr -upp -fs14 -m -pam\">Principales caract\u00e9ristiques<\/h2>\n<div class=\"markup -pam\">\n<ul>\n<li>Nom du produit: \u00e9tag\u00e8re de toilette en m\u00e9tal<\/li>\n<li>Mat\u00e9riau: finition de cuisson en m\u00e9tal<\/li>\n<li>Mode d&rsquo;installation: type d&rsquo;atterrissage<\/li>\n<li>Taille: version am\u00e9lior\u00e9e 165*50*26cm<\/li>\n<li>Couleur : blanc<\/li>\n<\/ul>\n<\/div>\n","protected":false},"featured_media":28766,"comment_status":"open","ping_status":"closed","template":"","meta":{"_joinchat":[]},"product_brand":[],"product_cat":[20,75],"product_tag":[],"class_list":{"0":"post-28765","1":"product","2":"type-product","3":"status-publish","4":"has-post-thumbnail","6":"product_cat-accessoires","7":"product_cat-maison-bureau","9":"first","10":"instock","11":"sale","12":"shipping-taxable","13":"purchasable","14":"product-type-simple"},"jetpack_sharing_enabled":true,"_links":{"self":[{"href":"https:\/\/rowayad.com\/index.php\/wp-json\/wp\/v2\/product\/28765","targetHints":{"allow":["GET"]}}],"collection":[{"href":"https:\/\/rowayad.com\/index.php\/wp-json\/wp\/v2\/product"}],"about":[{"href":"https:\/\/rowayad.com\/index.php\/wp-json\/wp\/v2\/types\/product"}],"replies":[{"embeddable":true,"href":"https:\/\/rowayad.com\/index.php\/wp-json\/wp\/v2\/comments?post=28765"}],"version-history":[{"count":1,"href":"https:\/\/rowayad.com\/index.php\/wp-json\/wp\/v2\/product\/28765\/revisions"}],"predecessor-version":[{"id":28767,"href":"https:\/\/rowayad.com\/index.php\/wp-json\/wp\/v2\/product\/28765\/revisions\/28767"}],"wp:featuredmedia":[{"embeddable":true,"href":"https:\/\/rowayad.com\/index.php\/wp-json\/wp\/v2\/media\/28766"}],"wp:attachment":[{"href":"https:\/\/rowayad.com\/index.php\/wp-json\/wp\/v2\/media?parent=28765"}],"wp:term":[{"taxonomy":"product_brand","embeddable":true,"href":"https:\/\/rowayad.com\/index.php\/wp-json\/wp\/v2\/product_brand?post=28765"},{"taxonomy":"product_cat","embeddable":true,"href":"https:\/\/rowayad.com\/index.php\/wp-json\/wp\/v2\/product_cat?post=28765"},{"taxonomy":"product_tag","embeddable":true,"href":"https:\/\/rowayad.com\/index.php\/wp-json\/wp\/v2\/product_tag?post=28765"}],"curies":[{"name":"wp","href":"https:\/\/api.w.org\/{rel}","templated":true}]}}