{"id":28768,"date":"2026-02-28T14:05:32","date_gmt":"2026-02-28T14:05:32","guid":{"rendered":"https:\/\/rowayad.com\/?post_type=product&#038;p=28768"},"modified":"2026-04-10T11:49:32","modified_gmt":"2026-04-10T11:49:32","slug":"nouveau-seau-essoreur-menage-serpillere-microfibre-baton-magique","status":"publish","type":"product","link":"https:\/\/rowayad.com\/index.php\/produit\/nouveau-seau-essoreur-menage-serpillere-microfibre-baton-magique\/","title":{"rendered":"Nouveau Seau Essoreur M\u00e9nage &#8211; Serpill\u00e8re Microfibre &#8211; B\u00e2ton magique"},"content":{"rendered":"<header class=\"-pvs -bb\">\n<h2 class=\"-fs20 -m -phm -pvxs\">D\u00e9tails<\/h2>\n<\/header>\n<div class=\"markup -mhm -pvl -oxa -sc\">Description1. S\u00e9paration entre le compartiment d&rsquo;essorage et le compartiment de lavage.2. Le compartiment d&rsquo;essorage est dot\u00e9 d&rsquo;une raclette fix\u00e9e qui permet, en deux aller-retours, de rendre la serpill\u00e8re s\u00e8che.<br \/>\n3. Manche dot\u00e9e d&rsquo;un crochet flexible permettant de passer la serpill\u00e8re dans les endroits les plus inaccessibles comme les coins des murs, sous les canap\u00e9s&#8230;Sp\u00e9cifications:<br \/>\nType: Serpill\u00e8re plate<br \/>\nMateriel: microfibre<br \/>\nR\u00e9sistance \u00e0 la corrosion : 9.0-9.9<br \/>\nMat\u00e9riel de la manche : Acier Inoxydable<br \/>\nDimensions :\u00a0Manche : Hauteur 121cm, Base 33cmSeau : Hauteur 38cm, Largeur 26cm<\/div>\n","protected":false},"excerpt":{"rendered":"<h2 class=\"hdr -upp -fs14 -m -pam\">Principales caract\u00e9ristiques<\/h2>\n<div class=\"markup -pam\">\n<ul>\n<li>S\u00e9paration entre Essorage et Lavage<\/li>\n<li>Lavage et Essorage en 2 aller-retours<\/li>\n<li>Type: Serpill\u00e8re Plate<\/li>\n<li>Mat\u00e9riel: microfibre<\/li>\n<li>R\u00e9sistance \u00e0 la corrosion: 9.0-9.9<\/li>\n<li>Manche en Acier Inoxydable<\/li>\n<\/ul>\n<\/div>\n","protected":false},"featured_media":28769,"comment_status":"open","ping_status":"closed","template":"","meta":{"_joinchat":[]},"product_brand":[],"product_cat":[75],"product_tag":[],"class_list":{"0":"post-28768","1":"product","2":"type-product","3":"status-publish","4":"has-post-thumbnail","6":"product_cat-maison-bureau","8":"first","9":"instock","10":"sale","11":"shipping-taxable","12":"purchasable","13":"product-type-simple"},"jetpack_sharing_enabled":true,"_links":{"self":[{"href":"https:\/\/rowayad.com\/index.php\/wp-json\/wp\/v2\/product\/28768","targetHints":{"allow":["GET"]}}],"collection":[{"href":"https:\/\/rowayad.com\/index.php\/wp-json\/wp\/v2\/product"}],"about":[{"href":"https:\/\/rowayad.com\/index.php\/wp-json\/wp\/v2\/types\/product"}],"replies":[{"embeddable":true,"href":"https:\/\/rowayad.com\/index.php\/wp-json\/wp\/v2\/comments?post=28768"}],"version-history":[{"count":3,"href":"https:\/\/rowayad.com\/index.php\/wp-json\/wp\/v2\/product\/28768\/revisions"}],"predecessor-version":[{"id":29141,"href":"https:\/\/rowayad.com\/index.php\/wp-json\/wp\/v2\/product\/28768\/revisions\/29141"}],"wp:featuredmedia":[{"embeddable":true,"href":"https:\/\/rowayad.com\/index.php\/wp-json\/wp\/v2\/media\/28769"}],"wp:attachment":[{"href":"https:\/\/rowayad.com\/index.php\/wp-json\/wp\/v2\/media?parent=28768"}],"wp:term":[{"taxonomy":"product_brand","embeddable":true,"href":"https:\/\/rowayad.com\/index.php\/wp-json\/wp\/v2\/product_brand?post=28768"},{"taxonomy":"product_cat","embeddable":true,"href":"https:\/\/rowayad.com\/index.php\/wp-json\/wp\/v2\/product_cat?post=28768"},{"taxonomy":"product_tag","embeddable":true,"href":"https:\/\/rowayad.com\/index.php\/wp-json\/wp\/v2\/product_tag?post=28768"}],"curies":[{"name":"wp","href":"https:\/\/api.w.org\/{rel}","templated":true}]}}