{"id":28781,"date":"2026-02-28T14:21:41","date_gmt":"2026-02-28T14:21:41","guid":{"rendered":"https:\/\/rowayad.com\/?post_type=product&#038;p=28781"},"modified":"2026-04-10T11:37:49","modified_gmt":"2026-04-10T11:37:49","slug":"fauteuil-gonflable-convertible-intex-1-place-gonfleur","status":"publish","type":"product","link":"https:\/\/rowayad.com\/index.php\/produit\/fauteuil-gonflable-convertible-intex-1-place-gonfleur\/","title":{"rendered":"Fauteuil gonflable convertible Intex 1 Place + Gonfleur"},"content":{"rendered":"<header class=\"-pvs -bb\">\n<h2 class=\"-fs20 -m -phm -pvxs\">D\u00e9tails<\/h2>\n<\/header>\n<div class=\"markup -mhm -pvl -oxa -sc\">\n<p>Un fauteuil 2 en 1<\/p>\n<p>Ce fauteuil gonflable robuste et confortable se d\u00e9plie en quelques instants seulement pour laisser place \u00e0 un couchage.<\/p>\n<p>Sa valve 2 en 1 permet un gonflage et un d\u00e9gonflage ultra rapides, quelques minutes suffisent !Choisissez la position assise pour bouquiner, regarder la TV ou alors la position allong\u00e9e pour vous relaxer ou dormir. Ce fauteuil meublera votre pi\u00e8ce autant qu&rsquo;il vous d\u00e9pannera lorsque vous recevrez un(e) ami(e) ! Le fauteuil convertible Intex et muni d&rsquo;une surface floqu\u00e9e qui lui apporte un grand confort. De plus, ce mod\u00e8le est \u00e9quip\u00e9 d&rsquo;un porte-gobelet pour vous rafraichir sans avoir \u00e0 vous d\u00e9placer. Pour ranger le fauteuil lorsqu&rsquo;il n&rsquo;est pas utilis\u00e9, rien de plus simple. Il se plie tr\u00e8s rapidement et facilement. Un sac de rangement est \u00e9galement fourni pour entreposer votre meuble gonflable facilement.<\/p>\n<\/div>\n","protected":false},"excerpt":{"rendered":"<h2 class=\"hdr -upp -fs14 -m -pam\">Principales caract\u00e9ristiques<\/h2>\n<div class=\"markup -pam\">\n<ul>\n<li>fauteuil et lit id\u00e9al, adapt\u00e9 au salon, \u00e0 la chambre \u00e0 coucher, au balcon, au jardin, \u00e0 la cour ext\u00e9rieure, \u00e0 la plage, au camping, aux voyages, \u00e0 la randonn\u00e9e, etc.<\/li>\n<li>Surface velout\u00e9e gris anthracite<\/li>\n<li>La valve 2 en 1 a des ouvertures extra-larges pour un gonflage et un d\u00e9gonflage rapide<\/li>\n<li>3 valves de gonflage et d\u00e9gonflage rapides<\/li>\n<li>Se plie de mani\u00e8re compacte pour le stockage<\/li>\n<li>2 porte-gobelets.<\/li>\n<li>Condition: 100%<\/li>\n<\/ul>\n<\/div>\n","protected":false},"featured_media":28783,"comment_status":"open","ping_status":"closed","template":"","meta":{"_joinchat":[]},"product_brand":[],"product_cat":[75],"product_tag":[],"class_list":{"0":"post-28781","1":"product","2":"type-product","3":"status-publish","4":"has-post-thumbnail","6":"product_cat-maison-bureau","8":"first","9":"instock","10":"sale","11":"shipping-taxable","12":"purchasable","13":"product-type-simple"},"jetpack_sharing_enabled":true,"_links":{"self":[{"href":"https:\/\/rowayad.com\/index.php\/wp-json\/wp\/v2\/product\/28781","targetHints":{"allow":["GET"]}}],"collection":[{"href":"https:\/\/rowayad.com\/index.php\/wp-json\/wp\/v2\/product"}],"about":[{"href":"https:\/\/rowayad.com\/index.php\/wp-json\/wp\/v2\/types\/product"}],"replies":[{"embeddable":true,"href":"https:\/\/rowayad.com\/index.php\/wp-json\/wp\/v2\/comments?post=28781"}],"version-history":[{"count":1,"href":"https:\/\/rowayad.com\/index.php\/wp-json\/wp\/v2\/product\/28781\/revisions"}],"predecessor-version":[{"id":28786,"href":"https:\/\/rowayad.com\/index.php\/wp-json\/wp\/v2\/product\/28781\/revisions\/28786"}],"wp:featuredmedia":[{"embeddable":true,"href":"https:\/\/rowayad.com\/index.php\/wp-json\/wp\/v2\/media\/28783"}],"wp:attachment":[{"href":"https:\/\/rowayad.com\/index.php\/wp-json\/wp\/v2\/media?parent=28781"}],"wp:term":[{"taxonomy":"product_brand","embeddable":true,"href":"https:\/\/rowayad.com\/index.php\/wp-json\/wp\/v2\/product_brand?post=28781"},{"taxonomy":"product_cat","embeddable":true,"href":"https:\/\/rowayad.com\/index.php\/wp-json\/wp\/v2\/product_cat?post=28781"},{"taxonomy":"product_tag","embeddable":true,"href":"https:\/\/rowayad.com\/index.php\/wp-json\/wp\/v2\/product_tag?post=28781"}],"curies":[{"name":"wp","href":"https:\/\/api.w.org\/{rel}","templated":true}]}}