{"id":28787,"date":"2026-02-28T14:27:35","date_gmt":"2026-02-28T14:27:35","guid":{"rendered":"https:\/\/rowayad.com\/?post_type=product&#038;p=28787"},"modified":"2026-04-10T11:36:53","modified_gmt":"2026-04-10T11:36:53","slug":"table-dordinateur-pliable-multifonctions-rose-60-x-40-x-29cm","status":"publish","type":"product","link":"https:\/\/rowayad.com\/index.php\/produit\/table-dordinateur-pliable-multifonctions-rose-60-x-40-x-29cm\/","title":{"rendered":"Table d&rsquo;Ordinateur Pliable &#8211; Multifonctions &#8211; Rose- 60 x 40 x 29cm"},"content":{"rendered":"<header class=\"-pvs -bb\">\n<h2 class=\"-fs20 -m -phm -pvxs\">D\u00e9tails<\/h2>\n<\/header>\n<div class=\"markup -mhm -pvl -oxa -sc\">\n<p>Table d&rsquo;ordinateur<b>\u00a0<\/b>pliable 24&Prime; de long, 41cm de large, 25cm de haut, hauteur et structure scientifiques, usure et durabilit\u00e9, mat\u00e9riel de haute qualit\u00e9, m\u00e9thode de pliage de la glissi\u00e8re \u00e9vitant le pincement des doigts tr\u00e8s s\u00fbre.<\/p>\n<p>&#8211; Mat\u00e9riau a\u00e9ronautique en alliage d&rsquo;aluminium, pas de rouille, forte capacit\u00e9 de charge, certificat de test standard europ\u00e9en et mondial, texture claire, couleur vive et toucher d\u00e9licat, \u00e9tanche et facile \u00e0 nettoyer.<\/p>\n<p><b>Bureau<\/b>\u00a0en bois respectueux de l&rsquo;environnement, r\u00e9sistant \u00e0 l&rsquo;humidit\u00e9, \u00e0 la moisissure, durable, courbe douce ne blessant pas la main, tapis antid\u00e9rapant pour les pieds de table, prot\u00e8ge votre sant\u00e9 physique et mentale.<\/p>\n<p>Tr\u00e8s confortable, flofant, peu encombrant, facile \u00e0 ranger, polyvalent, largement utilis\u00e9 \u00e0 la maison, au bureau, \u00e0 l&rsquo;\u00e9cole, au dortoir, etc.<\/p>\n<\/div>\n","protected":false},"excerpt":{"rendered":"<p>D\u00e9tails Table d&rsquo;ordinateur\u00a0pliable 24&Prime; de long, 41cm de large, 25cm de haut, hauteur et structure scientifiques, usure et durabilit\u00e9, mat\u00e9riel<\/p>\n","protected":false},"featured_media":28788,"comment_status":"open","ping_status":"closed","template":"","meta":{"_joinchat":[]},"product_brand":[],"product_cat":[75],"product_tag":[],"class_list":{"0":"post-28787","1":"product","2":"type-product","3":"status-publish","4":"has-post-thumbnail","6":"product_cat-maison-bureau","8":"first","9":"instock","10":"sale","11":"shipping-taxable","12":"purchasable","13":"product-type-simple"},"jetpack_sharing_enabled":true,"_links":{"self":[{"href":"https:\/\/rowayad.com\/index.php\/wp-json\/wp\/v2\/product\/28787","targetHints":{"allow":["GET"]}}],"collection":[{"href":"https:\/\/rowayad.com\/index.php\/wp-json\/wp\/v2\/product"}],"about":[{"href":"https:\/\/rowayad.com\/index.php\/wp-json\/wp\/v2\/types\/product"}],"replies":[{"embeddable":true,"href":"https:\/\/rowayad.com\/index.php\/wp-json\/wp\/v2\/comments?post=28787"}],"version-history":[{"count":1,"href":"https:\/\/rowayad.com\/index.php\/wp-json\/wp\/v2\/product\/28787\/revisions"}],"predecessor-version":[{"id":28789,"href":"https:\/\/rowayad.com\/index.php\/wp-json\/wp\/v2\/product\/28787\/revisions\/28789"}],"wp:featuredmedia":[{"embeddable":true,"href":"https:\/\/rowayad.com\/index.php\/wp-json\/wp\/v2\/media\/28788"}],"wp:attachment":[{"href":"https:\/\/rowayad.com\/index.php\/wp-json\/wp\/v2\/media?parent=28787"}],"wp:term":[{"taxonomy":"product_brand","embeddable":true,"href":"https:\/\/rowayad.com\/index.php\/wp-json\/wp\/v2\/product_brand?post=28787"},{"taxonomy":"product_cat","embeddable":true,"href":"https:\/\/rowayad.com\/index.php\/wp-json\/wp\/v2\/product_cat?post=28787"},{"taxonomy":"product_tag","embeddable":true,"href":"https:\/\/rowayad.com\/index.php\/wp-json\/wp\/v2\/product_tag?post=28787"}],"curies":[{"name":"wp","href":"https:\/\/api.w.org\/{rel}","templated":true}]}}