{"id":28790,"date":"2026-02-28T14:31:14","date_gmt":"2026-02-28T14:31:14","guid":{"rendered":"https:\/\/rowayad.com\/?post_type=product&#038;p=28790"},"modified":"2026-04-10T11:35:57","modified_gmt":"2026-04-10T11:35:57","slug":"rangement-chaussures-en-bois-environ-30-paires-noir","status":"publish","type":"product","link":"https:\/\/rowayad.com\/index.php\/produit\/rangement-chaussures-en-bois-environ-30-paires-noir\/","title":{"rendered":"Rangement chaussures en bois environ 30 paires Noir"},"content":{"rendered":"<header class=\"-pvs -bb\">\n<h2 class=\"-fs20 -m -phm -pvxs\">D\u00e9tails<\/h2>\n<\/header>\n<div class=\"markup -mhm -pvl -oxa -sc\">\n<ul class=\"a-unordered-list a-vertical a-spacing-none\">\n<li class=\"a-spacing-mini\">\n<h2>Description<\/h2>\n<p>\u00c9tag\u00e8re \u00e0 chaussures \u00e0 5 couches, nouveau design \u00e9l\u00e9gant<\/p>\n<p>Produit neuf<\/p>\n<p>Excellente id\u00e9e cadeau pour la famille et les amis<\/p>\n<p>Cela pourrait \u00eatre une d\u00e9coration cr\u00e9ative pour votre maison. C&rsquo;est une \u0153uvre d&rsquo;art d\u00e9corative et magnifique.<\/p>\n<p>Dimensions:<br \/>\n100 (H) x 63 (L) x 24 cm (P)<\/p>\n<p><b>Caract\u00e9ristiques du produit:<\/b><\/p>\n<p>-&gt; C&rsquo;est une touche\u00a0<b>moderne\u00a0<\/b>au design traditionnel et facile \u00e0 installer<br \/>\n-&gt; Imperm\u00e9able et peut \u00eatre lav\u00e9<br \/>\n-&gt; Il sera \u00e9l\u00e9gant dans votre salle de bain, votre porte ou \u00e0 l&rsquo;ext\u00e9rieur<br \/>\n-&gt; Mat\u00e9riau : bois<\/li>\n<\/ul>\n<\/div>\n","protected":false},"excerpt":{"rendered":"<h2 class=\"hdr -upp -fs14 -m -pam\">Principales caract\u00e9ristiques<\/h2>\n<div class=\"markup -pam\">\n<ul class=\"a-unordered-list a-vertical a-spacing-none\">\n<li>\n<ul class=\"a-unordered-list a-vertical a-spacing-none\">\n<li class=\"a-spacing-mini\">Plaque de qualit\u00e9: plat et lisse, fra\u00eeche et texture naturelle, claire, imperm\u00e9able et r\u00e9sistant aux rayures<\/li>\n<li class=\"a-spacing-mini\">rangement pratique: un grand plateau de table, rangement, livres, tasses \u00e0 th\u00e9, plantes en pot, r\u00e9veils, albums photos sont plac\u00e9s sur la plate-forme, belle et chaleureuse<\/li>\n<li class=\"a-spacing-mini\">Caract\u00e9ristiques du produit: bas-sol conception, r\u00e9sistant \u00e0 l&rsquo;humidit\u00e9, tiroir poign\u00e9e invisible, bords arrondis, s\u00fbr et pratique<\/li>\n<li class=\"a-spacing-mini\">Multi-sp\u00e9cifications: sp\u00e9cifications de partition multi-couche, s\u00e9lectionnez en fonction des besoins, des hauteurs diff\u00e9rentes, peut accueillir plusieurs styles de chaussures<\/li>\n<li class=\"a-spacing-mini\">\u00c9conomique et pratique: multifonctionnel, peut \u00eatre utilis\u00e9 comme support de chaussures de famille, \u00e9tag\u00e8re, stand de fleur,<\/li>\n<\/ul>\n<\/li>\n<\/ul>\n<\/div>\n","protected":false},"featured_media":28791,"comment_status":"open","ping_status":"closed","template":"","meta":{"_joinchat":[]},"product_brand":[],"product_cat":[20,75],"product_tag":[],"class_list":{"0":"post-28790","1":"product","2":"type-product","3":"status-publish","4":"has-post-thumbnail","6":"product_cat-accessoires","7":"product_cat-maison-bureau","9":"first","10":"instock","11":"sale","12":"shipping-taxable","13":"purchasable","14":"product-type-simple"},"jetpack_sharing_enabled":true,"_links":{"self":[{"href":"https:\/\/rowayad.com\/index.php\/wp-json\/wp\/v2\/product\/28790","targetHints":{"allow":["GET"]}}],"collection":[{"href":"https:\/\/rowayad.com\/index.php\/wp-json\/wp\/v2\/product"}],"about":[{"href":"https:\/\/rowayad.com\/index.php\/wp-json\/wp\/v2\/types\/product"}],"replies":[{"embeddable":true,"href":"https:\/\/rowayad.com\/index.php\/wp-json\/wp\/v2\/comments?post=28790"}],"version-history":[{"count":1,"href":"https:\/\/rowayad.com\/index.php\/wp-json\/wp\/v2\/product\/28790\/revisions"}],"predecessor-version":[{"id":28792,"href":"https:\/\/rowayad.com\/index.php\/wp-json\/wp\/v2\/product\/28790\/revisions\/28792"}],"wp:featuredmedia":[{"embeddable":true,"href":"https:\/\/rowayad.com\/index.php\/wp-json\/wp\/v2\/media\/28791"}],"wp:attachment":[{"href":"https:\/\/rowayad.com\/index.php\/wp-json\/wp\/v2\/media?parent=28790"}],"wp:term":[{"taxonomy":"product_brand","embeddable":true,"href":"https:\/\/rowayad.com\/index.php\/wp-json\/wp\/v2\/product_brand?post=28790"},{"taxonomy":"product_cat","embeddable":true,"href":"https:\/\/rowayad.com\/index.php\/wp-json\/wp\/v2\/product_cat?post=28790"},{"taxonomy":"product_tag","embeddable":true,"href":"https:\/\/rowayad.com\/index.php\/wp-json\/wp\/v2\/product_tag?post=28790"}],"curies":[{"name":"wp","href":"https:\/\/api.w.org\/{rel}","templated":true}]}}