{"id":28793,"date":"2026-02-28T14:35:36","date_gmt":"2026-02-28T14:35:36","guid":{"rendered":"https:\/\/rowayad.com\/?post_type=product&#038;p=28793"},"modified":"2026-04-10T11:35:03","modified_gmt":"2026-04-10T11:35:03","slug":"banc-de-musculation-pliable-avec-support-de-barres-pour-halteres-et-station-a-dips","status":"publish","type":"product","link":"https:\/\/rowayad.com\/index.php\/produit\/banc-de-musculation-pliable-avec-support-de-barres-pour-halteres-et-station-a-dips\/","title":{"rendered":"Banc de Musculation pliable avec support de barres pour halt\u00e8res et station \u00e0 DIPS"},"content":{"rendered":"<header class=\"-pvs -bb\">\n<h2 class=\"-fs20 -m -phm -pvxs\">D\u00e9tails<\/h2>\n<\/header>\n<div class=\"markup -mhm -pvl -oxa -sc\">\n<p>Banc inclinable pour presse avec support<\/p>\n<p>Banc de gymnastique en acier r\u00e9sistant enduit de cuir polyur\u00e9thane rembourr\u00e9 pour une utilisation plus facile. Adapt\u00e9 \u00e0 l\u2019entra\u00eenement professionnel \u00e0 domicile, il dispose d\u2019innombrables possibilit\u00e9s d\u2019entra\u00eenement, de la musculature du sein, de l\u2019abdomen, du bras et de l\u2019\u00e9paule pour vous guider vers le succ\u00e8s de vos entra\u00eenements.<\/p>\n<p>Grille pour squats m\u00e9talliques. Le cadre peut \u00eatre ajust\u00e9 pour r\u00e9pondre \u00e0 vos besoins. Tr\u00e8s appropri\u00e9 pour l\u2019exercice en famille. Les pieds antid\u00e9rapants prot\u00e8gent le sol des rayures et lui conf\u00e8rent une plus grande stabilit\u00e9 lors de l\u2019exercice.<\/p>\n<p>Multifonction: support assis, \u00e9tag\u00e8re de barre, \u00e9tag\u00e8re de presse de banc, etc.<\/p>\n<p>Convient aux professionnels et aux d\u00e9butants. Cette station multifonctionnelle est parfaite pour la maison. Il est pliable et prend peu de place.<\/p>\n<\/div>\n","protected":false},"excerpt":{"rendered":"<h2 class=\"hdr -upp -fs14 -m -pam\">Principales caract\u00e9ristiques<\/h2>\n<div class=\"markup -pam\">\n<ul>\n<li>Construction en acier robuste.<\/li>\n<li>Possibilit\u00e9s d\u2019entra\u00eenement tr\u00e8s polyvalentes.<\/li>\n<li>Excellente stabilit\u00e9 avec les jambes antid\u00e9rapantes.<\/li>\n<li>Mesures: 108x105x67 cm.<\/li>\n<li>Banc musculaire avec diff\u00e9rentes positions.<\/li>\n<li>Facile \u00e0 installer et \u00e0 plier.<\/li>\n<\/ul>\n<\/div>\n","protected":false},"featured_media":28794,"comment_status":"open","ping_status":"closed","template":"","meta":{"_joinchat":[]},"product_brand":[],"product_cat":[20,73],"product_tag":[],"class_list":{"0":"post-28793","1":"product","2":"type-product","3":"status-publish","4":"has-post-thumbnail","6":"product_cat-accessoires","7":"product_cat-sport","9":"first","10":"instock","11":"sale","12":"shipping-taxable","13":"purchasable","14":"product-type-simple"},"jetpack_sharing_enabled":true,"_links":{"self":[{"href":"https:\/\/rowayad.com\/index.php\/wp-json\/wp\/v2\/product\/28793","targetHints":{"allow":["GET"]}}],"collection":[{"href":"https:\/\/rowayad.com\/index.php\/wp-json\/wp\/v2\/product"}],"about":[{"href":"https:\/\/rowayad.com\/index.php\/wp-json\/wp\/v2\/types\/product"}],"replies":[{"embeddable":true,"href":"https:\/\/rowayad.com\/index.php\/wp-json\/wp\/v2\/comments?post=28793"}],"version-history":[{"count":1,"href":"https:\/\/rowayad.com\/index.php\/wp-json\/wp\/v2\/product\/28793\/revisions"}],"predecessor-version":[{"id":28798,"href":"https:\/\/rowayad.com\/index.php\/wp-json\/wp\/v2\/product\/28793\/revisions\/28798"}],"wp:featuredmedia":[{"embeddable":true,"href":"https:\/\/rowayad.com\/index.php\/wp-json\/wp\/v2\/media\/28794"}],"wp:attachment":[{"href":"https:\/\/rowayad.com\/index.php\/wp-json\/wp\/v2\/media?parent=28793"}],"wp:term":[{"taxonomy":"product_brand","embeddable":true,"href":"https:\/\/rowayad.com\/index.php\/wp-json\/wp\/v2\/product_brand?post=28793"},{"taxonomy":"product_cat","embeddable":true,"href":"https:\/\/rowayad.com\/index.php\/wp-json\/wp\/v2\/product_cat?post=28793"},{"taxonomy":"product_tag","embeddable":true,"href":"https:\/\/rowayad.com\/index.php\/wp-json\/wp\/v2\/product_tag?post=28793"}],"curies":[{"name":"wp","href":"https:\/\/api.w.org\/{rel}","templated":true}]}}