{"id":28799,"date":"2026-02-28T14:40:01","date_gmt":"2026-02-28T14:40:01","guid":{"rendered":"https:\/\/rowayad.com\/?post_type=product&#038;p=28799"},"modified":"2026-04-10T11:33:58","modified_gmt":"2026-04-10T11:33:58","slug":"paire-haltere-2-x-7-5-kg-noir-poids-halteres-musculation","status":"publish","type":"product","link":"https:\/\/rowayad.com\/index.php\/produit\/paire-haltere-2-x-7-5-kg-noir-poids-halteres-musculation\/","title":{"rendered":"Paire Halt\u00e8re 2 x 7.5 kg &#8211; Noir. Poids, Halteres, musculation"},"content":{"rendered":"<header class=\"-pvs -bb\">\n<h2 class=\"-fs20 -m -phm -pvxs\">D\u00e9tails<\/h2>\n<\/header>\n<div class=\"markup -mhm -pvl -oxa -sc\">\n<p>C\u2019est d\u00e9cid\u00e9, je dois prendre des\u00a0<b>muscles\u00a0<\/b>et entretenir ma plastique \u00bb! Si c\u2019est ce que vous avez<\/p>\n<p>Nous disposons d\u2019articles de musculations (V\u00e9los,\u00a0<b>Halt\u00e8res<\/b>, Barre de Torsion etc\u2026.), pour vous aider \u00e0 avoir la silhouette de vos r\u00eaves.<\/p>\n<p>Par contre, si derni\u00e8rement vous avez pr\u00e9vu, vous \u00eates surement \u00e0 la bonne adresse. Prise du poids et que vous avez besoin de perdre des calories, les tee-shirts de sudation et les machines \u00e0 Abdos feront l\u2019affaire.<\/p>\n<\/div>\n","protected":false},"excerpt":{"rendered":"<h2 class=\"hdr -upp -fs14 -m -pam\">Principales caract\u00e9ristiques<\/h2>\n<div class=\"markup -pam\">\n<ul>\n<li>Type de produit : Halt\u00e8res<\/li>\n<li>Poids de musculation<\/li>\n<li>Mati\u00e8re : Plastique<\/li>\n<li>Capacit\u00e9\u00a0: 2 X 5kg<\/li>\n<li>Couleur: Noir<\/li>\n<\/ul>\n<\/div>\n","protected":false},"featured_media":28800,"comment_status":"open","ping_status":"closed","template":"","meta":{"_joinchat":[]},"product_brand":[],"product_cat":[73],"product_tag":[],"class_list":{"0":"post-28799","1":"product","2":"type-product","3":"status-publish","4":"has-post-thumbnail","6":"product_cat-sport","8":"first","9":"instock","10":"sale","11":"shipping-taxable","12":"purchasable","13":"product-type-simple"},"jetpack_sharing_enabled":true,"_links":{"self":[{"href":"https:\/\/rowayad.com\/index.php\/wp-json\/wp\/v2\/product\/28799","targetHints":{"allow":["GET"]}}],"collection":[{"href":"https:\/\/rowayad.com\/index.php\/wp-json\/wp\/v2\/product"}],"about":[{"href":"https:\/\/rowayad.com\/index.php\/wp-json\/wp\/v2\/types\/product"}],"replies":[{"embeddable":true,"href":"https:\/\/rowayad.com\/index.php\/wp-json\/wp\/v2\/comments?post=28799"}],"version-history":[{"count":2,"href":"https:\/\/rowayad.com\/index.php\/wp-json\/wp\/v2\/product\/28799\/revisions"}],"predecessor-version":[{"id":28803,"href":"https:\/\/rowayad.com\/index.php\/wp-json\/wp\/v2\/product\/28799\/revisions\/28803"}],"wp:featuredmedia":[{"embeddable":true,"href":"https:\/\/rowayad.com\/index.php\/wp-json\/wp\/v2\/media\/28800"}],"wp:attachment":[{"href":"https:\/\/rowayad.com\/index.php\/wp-json\/wp\/v2\/media?parent=28799"}],"wp:term":[{"taxonomy":"product_brand","embeddable":true,"href":"https:\/\/rowayad.com\/index.php\/wp-json\/wp\/v2\/product_brand?post=28799"},{"taxonomy":"product_cat","embeddable":true,"href":"https:\/\/rowayad.com\/index.php\/wp-json\/wp\/v2\/product_cat?post=28799"},{"taxonomy":"product_tag","embeddable":true,"href":"https:\/\/rowayad.com\/index.php\/wp-json\/wp\/v2\/product_tag?post=28799"}],"curies":[{"name":"wp","href":"https:\/\/api.w.org\/{rel}","templated":true}]}}