{"id":28804,"date":"2026-02-28T14:43:57","date_gmt":"2026-02-28T14:43:57","guid":{"rendered":"https:\/\/rowayad.com\/?post_type=product&#038;p=28804"},"modified":"2026-04-10T11:32:58","modified_gmt":"2026-04-10T11:32:58","slug":"paire-de-biceps-20-kg-argent","status":"publish","type":"product","link":"https:\/\/rowayad.com\/index.php\/produit\/paire-de-biceps-20-kg-argent\/","title":{"rendered":"Jeu d\u2019halt\u00e8res chrom\u00e9s de 20 kg, argent"},"content":{"rendered":"<header class=\"-pvs -bb\">\n<h2 class=\"-fs20 -m -phm -pvxs\">D\u00e9tails<\/h2>\n<\/header>\n<div class=\"markup -mhm -pvl -oxa -sc\">\n<p>Le jeu d\u2019halt\u00e8res chrom\u00e9s de 20 kg, convient aussi bien aux d\u00e9butants qu\u2019aux culturistes exp\u00e9riment\u00e9s. Ce kit vous permet de r\u00e9aliser de nombreux exercices au niveau des biceps, triceps, delto\u00efdes ou des pectoraux.<\/p>\n<p>Avec cet ensemble, vous pouvez accro\u00eetre votre masse musculaire. Pour travailler tous les groupes musculaires, notamment les jambes, pensez \u00e0 vos procurer un tapis pour compl\u00e9ter votre mat\u00e9riel de sport \u00e0 la maison.<\/p>\n<p>En plastique ou caoutchouc \u00e0 poids fixe. Compos\u00e9s d\u2019un c\u0153ur en fonte recouvert de plastique type vinyle ou n\u00e9opr\u00e8ne de couleurs multiples, ils offrent une prise en main confortable, n\u2019abiment pas les sols et se nettoient facilement.<br \/>\nEn plastique ou caoutchouc \u00e0 r\u00e9glage manuel. Ce sont ces halt\u00e8res qui sont de plus en plus pr\u00e9sente en salle de musculation. On appr\u00e9cie leur robustesse et l\u2019\u00e9ventail des charges disponibles, allant g\u00e9n\u00e9ralement de 2,5 \u00e0 50 kg.<br \/>\nAvec disques en fonte \u00e0 r\u00e9glage manuel. Ces halt\u00e8res sont constitu\u00e9s de disques amovibles, ce qui offre davantage de choix de la charge. Une barre et quelques disques de 1, 2,5 et 5 kilos vous permettront d\u2019ajuster au mieux le poids souhait\u00e9 et de gagner en espace de rangement. Ces halt\u00e8res sont ainsi parfaits pour s\u2019entra\u00eener chez soi !<br \/>\nA r\u00e9glage automatiques. Les halt\u00e8res automatiques sont les plus id\u00e9ales pour vos entra\u00eenements. A r\u00e9sistance r\u00e9glable, ils vous proposent de passer de 2,5 \u00e0 24 kg en une fraction de secondes. Prenant peu de place, c\u2019est \u00e9videmment la paire d\u2019halt\u00e8res qu\u2019il vous faut si votre budget vous le permet.<\/p>\n<\/div>\n","protected":false},"excerpt":{"rendered":"<h2 class=\"hdr -upp -fs14 -m -pam\">Principales caract\u00e9ristiques<\/h2>\n<div class=\"markup -pam\">\n<p>1 ensemble d&rsquo;halt\u00e8res de placage de fer 00KG (main gauche 10KG, main droite 10KG)<\/p>\n<ul>\n<li>8 x 2,5 kg plaque chrom\u00e9e<\/li>\n<\/ul>\n<ul>\n<li>4 x 1,25 kg plaque chrom\u00e9e<\/li>\n<\/ul>\n<ul>\n<li>4 x plaque chrom\u00e9e 0,5 kg<\/li>\n<\/ul>\n<ul>\n<li>4 x Collers spinlock<\/li>\n<\/ul>\n<ul>\n<li>2 x 38cm Chrome\u00a0Spinlock Bars avec poign\u00e9es en caoutchouc<\/li>\n<\/ul>\n<ul>\n<li>4 cadeaux gratuits<\/li>\n<\/ul>\n<\/div>\n","protected":false},"featured_media":28805,"comment_status":"open","ping_status":"closed","template":"","meta":{"_joinchat":[]},"product_brand":[],"product_cat":[73],"product_tag":[],"class_list":{"0":"post-28804","1":"product","2":"type-product","3":"status-publish","4":"has-post-thumbnail","6":"product_cat-sport","8":"first","9":"instock","10":"sale","11":"shipping-taxable","12":"purchasable","13":"product-type-simple"},"jetpack_sharing_enabled":true,"_links":{"self":[{"href":"https:\/\/rowayad.com\/index.php\/wp-json\/wp\/v2\/product\/28804","targetHints":{"allow":["GET"]}}],"collection":[{"href":"https:\/\/rowayad.com\/index.php\/wp-json\/wp\/v2\/product"}],"about":[{"href":"https:\/\/rowayad.com\/index.php\/wp-json\/wp\/v2\/types\/product"}],"replies":[{"embeddable":true,"href":"https:\/\/rowayad.com\/index.php\/wp-json\/wp\/v2\/comments?post=28804"}],"version-history":[{"count":3,"href":"https:\/\/rowayad.com\/index.php\/wp-json\/wp\/v2\/product\/28804\/revisions"}],"predecessor-version":[{"id":28809,"href":"https:\/\/rowayad.com\/index.php\/wp-json\/wp\/v2\/product\/28804\/revisions\/28809"}],"wp:featuredmedia":[{"embeddable":true,"href":"https:\/\/rowayad.com\/index.php\/wp-json\/wp\/v2\/media\/28805"}],"wp:attachment":[{"href":"https:\/\/rowayad.com\/index.php\/wp-json\/wp\/v2\/media?parent=28804"}],"wp:term":[{"taxonomy":"product_brand","embeddable":true,"href":"https:\/\/rowayad.com\/index.php\/wp-json\/wp\/v2\/product_brand?post=28804"},{"taxonomy":"product_cat","embeddable":true,"href":"https:\/\/rowayad.com\/index.php\/wp-json\/wp\/v2\/product_cat?post=28804"},{"taxonomy":"product_tag","embeddable":true,"href":"https:\/\/rowayad.com\/index.php\/wp-json\/wp\/v2\/product_tag?post=28804"}],"curies":[{"name":"wp","href":"https:\/\/api.w.org\/{rel}","templated":true}]}}