{"id":28810,"date":"2026-02-28T14:56:29","date_gmt":"2026-02-28T14:56:29","guid":{"rendered":"https:\/\/rowayad.com\/?post_type=product&#038;p=28810"},"modified":"2026-04-10T11:31:50","modified_gmt":"2026-04-10T11:31:50","slug":"ballon-fitness-pompe","status":"publish","type":"product","link":"https:\/\/rowayad.com\/index.php\/produit\/ballon-fitness-pompe\/","title":{"rendered":"Ballon Fitness + Pompe"},"content":{"rendered":"<header class=\"-pvs -bb\">\n<h2 class=\"-fs20 -m -phm -pvxs\">D\u00e9tails<\/h2>\n<\/header>\n<div class=\"markup -mhm -pvl -oxa -sc\">&lsquo;Elite Xercise Ball \u2122 est parfaite pour une utilisation rigoureuse et suffisamment robuste pour supporter diverses applications d&rsquo;entra\u00eenement dans n&rsquo;importe quel environnement de club.\u00a0Technologie anti-\u00e9clatement \u00e0 d\u00e9gonflage lent jusqu&rsquo;\u00e0 500 lb\u00a0Choisissez votre taille de couleur, entre 45, 55, 65 et 75 cm.\u00a0Vendus s\u00e9par\u00e9ment.\u00a0Comprend un guide d&rsquo;exercices t\u00e9l\u00e9chargeable.\u00a0avec pompe de gonflage.<\/div>\n","protected":false},"excerpt":{"rendered":"<h2 class=\"hdr -upp -fs14 -m -pam\">Principales caract\u00e9ristiques<\/h2>\n<div class=\"markup -pam\">\n<ul>\n<li>Parfait pour une utilisation rigoureuse<\/li>\n<li>Suffisamment r\u00e9sistant pour supporter diverses formations<\/li>\n<li>Id\u00e9al pour n&rsquo;importe quel environnement de club<\/li>\n<li>D\u00e9gonfler lentement jusqu&rsquo;\u00e0 500 lb<\/li>\n<li>Tailles 45, 55, 65 et 75 cm<\/li>\n<li>Guide d&rsquo;exercice t\u00e9l\u00e9chargeable<\/li>\n<\/ul>\n<\/div>\n","protected":false},"featured_media":28811,"comment_status":"open","ping_status":"closed","template":"","meta":{"_joinchat":[]},"product_brand":[],"product_cat":[75,73],"product_tag":[],"class_list":{"0":"post-28810","1":"product","2":"type-product","3":"status-publish","4":"has-post-thumbnail","6":"product_cat-maison-bureau","7":"product_cat-sport","9":"first","10":"instock","11":"sale","12":"shipping-taxable","13":"purchasable","14":"product-type-simple"},"jetpack_sharing_enabled":true,"_links":{"self":[{"href":"https:\/\/rowayad.com\/index.php\/wp-json\/wp\/v2\/product\/28810","targetHints":{"allow":["GET"]}}],"collection":[{"href":"https:\/\/rowayad.com\/index.php\/wp-json\/wp\/v2\/product"}],"about":[{"href":"https:\/\/rowayad.com\/index.php\/wp-json\/wp\/v2\/types\/product"}],"replies":[{"embeddable":true,"href":"https:\/\/rowayad.com\/index.php\/wp-json\/wp\/v2\/comments?post=28810"}],"version-history":[{"count":1,"href":"https:\/\/rowayad.com\/index.php\/wp-json\/wp\/v2\/product\/28810\/revisions"}],"predecessor-version":[{"id":28813,"href":"https:\/\/rowayad.com\/index.php\/wp-json\/wp\/v2\/product\/28810\/revisions\/28813"}],"wp:featuredmedia":[{"embeddable":true,"href":"https:\/\/rowayad.com\/index.php\/wp-json\/wp\/v2\/media\/28811"}],"wp:attachment":[{"href":"https:\/\/rowayad.com\/index.php\/wp-json\/wp\/v2\/media?parent=28810"}],"wp:term":[{"taxonomy":"product_brand","embeddable":true,"href":"https:\/\/rowayad.com\/index.php\/wp-json\/wp\/v2\/product_brand?post=28810"},{"taxonomy":"product_cat","embeddable":true,"href":"https:\/\/rowayad.com\/index.php\/wp-json\/wp\/v2\/product_cat?post=28810"},{"taxonomy":"product_tag","embeddable":true,"href":"https:\/\/rowayad.com\/index.php\/wp-json\/wp\/v2\/product_tag?post=28810"}],"curies":[{"name":"wp","href":"https:\/\/api.w.org\/{rel}","templated":true}]}}