{"id":28814,"date":"2026-02-28T15:06:35","date_gmt":"2026-02-28T15:06:35","guid":{"rendered":"https:\/\/rowayad.com\/?post_type=product&#038;p=28814"},"modified":"2026-04-10T11:29:47","modified_gmt":"2026-04-10T11:29:47","slug":"genevieve-thermos-isotherme-en-acier-inoxydable-carafe-a-cafe-thermique-1-5l","status":"publish","type":"product","link":"https:\/\/rowayad.com\/index.php\/produit\/genevieve-thermos-isotherme-en-acier-inoxydable-carafe-a-cafe-thermique-1-5l\/","title":{"rendered":"Genevieve Thermos isotherme en acier inoxydable &#8211; carafe \u00e0 caf\u00e9 thermique 1.5L"},"content":{"rendered":"<header class=\"-pvs -bb\">\n<h2 class=\"-fs20 -m -phm -pvxs\">D\u00e9tails<\/h2>\n<\/header>\n<div class=\"markup -mhm -pvl -oxa -sc\">\n<p><strong>Thermos isotherme 1.5L<\/strong><\/p>\n<p>Fabriqu\u00e9e en acier inoxydable de qualit\u00e9 sup\u00e9rieure, la bouteille isolante est \u00e9tudi\u00e9e et. Facile et pratique \u00e0 utiliser. La partie int\u00e9rieure de la bouilloire est fabriqu\u00e9e \u00e0 partir d&rsquo;un mat\u00e9riau de qualit\u00e9 alimentaire, ce qui la rend facile \u00e0 nettoyer et s\u00fbre \u00e0 utiliser. Il est pour la maison, le bureau, l&rsquo;\u00e9cole, le voyage et l&rsquo;usage ext\u00e9rieur.<\/p>\n<\/div>\n","protected":false},"excerpt":{"rendered":"<h2 class=\"hdr -upp -fs14 -m -pam\">Principales caract\u00e9ristiques<\/h2>\n<div class=\"markup -pam\">\n<ul>\n<li>-Couleur: Champagne.<\/li>\n<li>-Mat\u00e9riau: acier inoxydable.<\/li>\n<li>-Taille: 14x14x28.8cm.<\/li>\n<li>-Fabriqu\u00e9 en acier inoxydable pour le temps et l&rsquo;utilisation.<\/li>\n<li>-Conception de grande capacit\u00e9 pour stocker suffisamment d&rsquo;eau une fois.<\/li>\n<li>-L&rsquo;int\u00e9rieur isol\u00e9 \u00e0 double paroi maintient la temp\u00e9rature efficacement.<\/li>\n<li>-Convient pour la maison, le bureau et le voyage.<\/li>\n<li>-Surface lisse, anti-fuite, pratique \u00e0 utiliser.<\/li>\n<\/ul>\n<\/div>\n","protected":false},"featured_media":28815,"comment_status":"open","ping_status":"closed","template":"","meta":{"_joinchat":[]},"product_brand":[],"product_cat":[20,74,75],"product_tag":[],"class_list":{"0":"post-28814","1":"product","2":"type-product","3":"status-publish","4":"has-post-thumbnail","6":"product_cat-accessoires","7":"product_cat-electromenager","8":"product_cat-maison-bureau","10":"first","11":"instock","12":"sale","13":"shipping-taxable","14":"purchasable","15":"product-type-simple"},"jetpack_sharing_enabled":true,"_links":{"self":[{"href":"https:\/\/rowayad.com\/index.php\/wp-json\/wp\/v2\/product\/28814","targetHints":{"allow":["GET"]}}],"collection":[{"href":"https:\/\/rowayad.com\/index.php\/wp-json\/wp\/v2\/product"}],"about":[{"href":"https:\/\/rowayad.com\/index.php\/wp-json\/wp\/v2\/types\/product"}],"replies":[{"embeddable":true,"href":"https:\/\/rowayad.com\/index.php\/wp-json\/wp\/v2\/comments?post=28814"}],"version-history":[{"count":2,"href":"https:\/\/rowayad.com\/index.php\/wp-json\/wp\/v2\/product\/28814\/revisions"}],"predecessor-version":[{"id":29140,"href":"https:\/\/rowayad.com\/index.php\/wp-json\/wp\/v2\/product\/28814\/revisions\/29140"}],"wp:featuredmedia":[{"embeddable":true,"href":"https:\/\/rowayad.com\/index.php\/wp-json\/wp\/v2\/media\/28815"}],"wp:attachment":[{"href":"https:\/\/rowayad.com\/index.php\/wp-json\/wp\/v2\/media?parent=28814"}],"wp:term":[{"taxonomy":"product_brand","embeddable":true,"href":"https:\/\/rowayad.com\/index.php\/wp-json\/wp\/v2\/product_brand?post=28814"},{"taxonomy":"product_cat","embeddable":true,"href":"https:\/\/rowayad.com\/index.php\/wp-json\/wp\/v2\/product_cat?post=28814"},{"taxonomy":"product_tag","embeddable":true,"href":"https:\/\/rowayad.com\/index.php\/wp-json\/wp\/v2\/product_tag?post=28814"}],"curies":[{"name":"wp","href":"https:\/\/api.w.org\/{rel}","templated":true}]}}